{"id":27235,"date":"2024-07-26T11:02:50","date_gmt":"2024-07-26T09:02:50","guid":{"rendered":"https:\/\/ionclinics.com\/politica-ambiental\/"},"modified":"2024-07-29T10:22:17","modified_gmt":"2024-07-29T08:22:17","slug":"politica-ambiental","status":"publish","type":"page","link":"https:\/\/ionclinics.com\/pt-br\/politica-ambiental\/","title":{"rendered":"Pol\u00edtica ambiental"},"content":{"rendered":"\t\t<div data-elementor-type=\"wp-page\" data-elementor-id=\"27235\" class=\"elementor elementor-27235\" data-elementor-post-type=\"page\">\n\t\t\t\t\t\t<section class=\"elementor-section elementor-top-section elementor-element elementor-element-47fa96c elementor-section-boxed elementor-section-height-default elementor-section-height-default\" data-id=\"47fa96c\" data-element_type=\"section\" data-e-type=\"section\" data-settings=\"{&quot;background_background&quot;:&quot;classic&quot;}\">\n\t\t\t\t\t\t<div class=\"elementor-container elementor-column-gap-default\">\n\t\t\t\t\t<div class=\"elementor-column elementor-col-100 elementor-top-column elementor-element elementor-element-f25d1a3\" data-id=\"f25d1a3\" data-element_type=\"column\" data-e-type=\"column\">\n\t\t\t<div class=\"elementor-widget-wrap elementor-element-populated\">\n\t\t\t\t\t\t<div class=\"elementor-element elementor-element-4b2a9f6 elementor-widget elementor-widget-heading\" data-id=\"4b2a9f6\" data-element_type=\"widget\" data-e-type=\"widget\" data-widget_type=\"heading.default\">\n\t\t\t\t<div class=\"elementor-widget-container\">\n\t\t\t\t\t<h1 class=\"elementor-heading-title elementor-size-default\">Pol\u00edtica ambiental<\/h1>\t\t\t\t<\/div>\n\t\t\t\t<\/div>\n\t\t\t\t\t<\/div>\n\t\t<\/div>\n\t\t\t\t\t<\/div>\n\t\t<\/section>\n\t\t\t\t<section class=\"elementor-section elementor-top-section elementor-element elementor-element-5416dc1 elementor-section-boxed elementor-section-height-default elementor-section-height-default\" data-id=\"5416dc1\" data-element_type=\"section\" data-e-type=\"section\">\n\t\t\t\t\t\t<div class=\"elementor-container elementor-column-gap-no\">\n\t\t\t\t\t<div class=\"elementor-column elementor-col-100 elementor-top-column elementor-element elementor-element-6ab11d9\" data-id=\"6ab11d9\" data-element_type=\"column\" data-e-type=\"column\">\n\t\t\t<div class=\"elementor-widget-wrap elementor-element-populated\">\n\t\t\t\t\t\t<div class=\"elementor-element elementor-element-1249bf3 elementor-align-left elementor-widget elementor-widget-button\" data-id=\"1249bf3\" data-element_type=\"widget\" data-e-type=\"widget\" data-widget_type=\"button.default\">\n\t\t\t\t<div class=\"elementor-widget-container\">\n\t\t\t\t\t\t\t\t\t<div class=\"elementor-button-wrapper\">\n\t\t\t\t\t<a class=\"elementor-button elementor-button-link elementor-size-md\" href=\"https:\/\/ionclinics.com\/wp-content\/uploads\/2024\/07\/Politica%20Ambiental%20-%20IONCLINICS.pdf\" target=\"_blank\">\n\t\t\t\t\t\t<span class=\"elementor-button-content-wrapper\">\n\t\t\t\t\t\t<span class=\"elementor-button-icon\">\n\t\t\t\t<i aria-hidden=\"true\" class=\"icon icon-download\"><\/i>\t\t\t<\/span>\n\t\t\t\t\t\t\t\t\t<span class=\"elementor-button-text\">Jogar<\/span>\n\t\t\t\t\t<\/span>\n\t\t\t\t\t<\/a>\n\t\t\t\t<\/div>\n\t\t\t\t\t\t\t\t<\/div>\n\t\t\t\t<\/div>\n\t\t\t\t<div class=\"elementor-element elementor-element-7cce001 elementor-widget elementor-widget-text-editor\" data-id=\"7cce001\" data-element_type=\"widget\" data-e-type=\"widget\" data-widget_type=\"text-editor.default\">\n\t\t\t\t<div class=\"elementor-widget-container\">\n\t\t\t\t\t\t\t\t\t<p><span style=\"font-weight: 400;\">A IONCLINICS  DEIONIC, como empresa dedicada ao projeto, \u00e0 fabrica\u00e7\u00e3o e \u00e0 comercializa\u00e7\u00e3o de dispositivos m\u00e9dicos para reabilita\u00e7\u00e3o baseados em eletr\u00f3lise percut\u00e2nea e neuromodula\u00e7\u00e3o percut\u00e2nea\/transcut\u00e2nea e \u00e0 distribui\u00e7\u00e3o e importa\u00e7\u00e3o de dispositivos de estimula\u00e7\u00e3o magn\u00e9tica transcraniana, eletrodos, agulhas e dispositivos m\u00e9dicos para eletroestimula\u00e7\u00e3o, deseja contribuir para o desenvolvimento sustent\u00e1vel e, por isso, desenvolveu e incorporou um Sistema de Gest\u00e3o Ambiental baseado nos requisitos da Norma UNE-EN-ISO 14001:2015. <\/span><\/p>\n<p><span style=\"font-weight: 400;\">A ger\u00eancia da IONCLINICS  DEIONIC est\u00e1 ciente de que, ao atingir seus objetivos econ\u00f4micos, a empresa n\u00e3o deve apenas buscar seu pr\u00f3prio lucro, mas tamb\u00e9m levar em conta o impacto de sua atividade no meio ambiente. Isso levou ao estabelecimento dos seguintes princ\u00edpios ou compromissos: <\/span><\/p>\n<ul>\n<li style=\"font-weight: 400;\" aria-level=\"1\"><span style=\"font-weight: 400;\">A prote\u00e7\u00e3o do meio ambiente \u00e9 um fator determinante no desenvolvimento de nossa atividade, e \u00e9 por isso que estamos comprometidos com a preven\u00e7\u00e3o da polui\u00e7\u00e3o.<\/span><\/li>\n<li style=\"font-weight: 400;\" aria-level=\"1\"><span style=\"font-weight: 400;\">A ger\u00eancia est\u00e1 comprometida com a redu\u00e7\u00e3o da produ\u00e7\u00e3o de res\u00edduos, conscientizando os funcion\u00e1rios e fornecendo a eles os meios necess\u00e1rios para atingir esse objetivo.<\/span><\/li>\n<li style=\"font-weight: 400;\" aria-level=\"1\"><span style=\"font-weight: 400;\">Reconhecendo a import\u00e2ncia da prote\u00e7\u00e3o ambiental para outros setores relacionados, foi preparado um documento para fornecer informa\u00e7\u00f5es sobre o status de prote\u00e7\u00e3o ambiental da IONCLINICS  DEIONIC e para incentivar os contratados e fornecedores da Organiza\u00e7\u00e3o a implementar padr\u00f5es de gerenciamento ambiental. <\/span><\/li>\n<li style=\"font-weight: 400;\" aria-level=\"1\"><span style=\"font-weight: 400;\">A melhoria cont\u00ednua \u00e9 estabelecida como um princ\u00edpio fundamental de a\u00e7\u00e3o, com prefer\u00eancia para medidas preventivas em rela\u00e7\u00e3o \u00e0s medidas corretivas. <\/span><\/li>\n<li style=\"font-weight: 400;\" aria-level=\"1\"><span style=\"font-weight: 400;\">Todos os funcion\u00e1rios s\u00e3o respons\u00e1veis pela prote\u00e7\u00e3o do meio ambiente e a IONCLINICS  DEIONIC garantir\u00e1 sua conscientiza\u00e7\u00e3o e treinamento em quest\u00f5es ambientais e no Sistema de Gest\u00e3o Ambiental.<\/span><\/li>\n<li style=\"font-weight: 400;\" aria-level=\"1\"><span style=\"font-weight: 400;\">A participa\u00e7\u00e3o ativa da equipe da IONCLINICS  DEIONIC no Sistema de Gest\u00e3o Ambiental ser\u00e1 incentivada, e ser\u00e1 dada aten\u00e7\u00e3o especial \u00e0s sugest\u00f5es feitas nesse sentido. <\/span><\/li>\n<li style=\"font-weight: 400;\" aria-level=\"1\"><span style=\"font-weight: 400;\">Para o desenvolvimento da pol\u00edtica ambiental, a ger\u00eancia deve fornecer os meios necess\u00e1rios, bem como informa\u00e7\u00f5es regulares sobre os objetivos estabelecidos para o conhecimento do pessoal da organiza\u00e7\u00e3o.<\/span><\/li>\n<li style=\"font-weight: 400;\" aria-level=\"1\"><span style=\"font-weight: 400;\">A ger\u00eancia conscientizar\u00e1 a equipe para reduzir o consumo dos consumos que considera mais importantes, al\u00e9m de incentivar ativamente a participa\u00e7\u00e3o da equipe na pesquisa e no desenvolvimento de sistemas que levar\u00e3o \u00e0 redu\u00e7\u00e3o do consumo de energia.<\/span><\/li>\n<li style=\"font-weight: 400;\" aria-level=\"1\"><span style=\"font-weight: 400;\">A ger\u00eancia da IONCLINICS  DEIONIC est\u00e1 comprometida com o cumprimento da legisla\u00e7\u00e3o e dos regulamentos ambientais vigentes, que s\u00e3o aplic\u00e1veis devido \u00e0 sua atividade, servi\u00e7os e localiza\u00e7\u00e3o geogr\u00e1fica, bem como outros requisitos subscritos pela organiza\u00e7\u00e3o. <\/span><\/li>\n<\/ul>\n<p><span style=\"font-weight: 400;\">A Pol\u00edtica Ambiental est\u00e1 dispon\u00edvel para qualquer pessoa que queira conhec\u00ea-la e \u00e9 comunicada a todas as pessoas que trabalham na IONCLINICS  DEIONIC ou em seu nome. Esses compromissos ser\u00e3o atualizados durante as revis\u00f5es do sistema pela Dire\u00e7\u00e3o Geral.<\/span><\/p>\n<p><span style=\"font-weight: 400;\">Dire\u00e7\u00e3o Geral, em Alc\u00fadia, em 2 de janeiro de 2024.<\/span><\/p>\n\t\t\t\t\t\t\t\t<\/div>\n\t\t\t\t<\/div>\n\t\t\t\t\t<\/div>\n\t\t<\/div>\n\t\t\t\t\t<\/div>\n\t\t<\/section>\n\t\t\t\t<\/div>\n\t\t","protected":false},"excerpt":{"rendered":"<p>Pol\u00edtica ambiental Jogar A IONCLINICS DEIONIC, como empresa dedicada ao projeto, \u00e0 fabrica\u00e7\u00e3o e \u00e0 comercializa\u00e7\u00e3o de dispositivos m\u00e9dicos para reabilita\u00e7\u00e3o baseados em eletr\u00f3lise percut\u00e2nea e neuromodula\u00e7\u00e3o percut\u00e2nea\/transcut\u00e2nea e \u00e0 distribui\u00e7\u00e3o e importa\u00e7\u00e3o de dispositivos de estimula\u00e7\u00e3o magn\u00e9tica transcraniana, eletrodos, agulhas e dispositivos m\u00e9dicos para eletroestimula\u00e7\u00e3o, deseja contribuir para o desenvolvimento sustent\u00e1vel e, por isso, [&hellip;]<\/p>\n","protected":false},"author":5,"featured_media":0,"parent":0,"menu_order":0,"comment_status":"closed","ping_status":"closed","template":"","meta":{"_acf_changed":false,"footnotes":""},"class_list":["post-27235","page","type-page","status-publish","hentry"],"acf":[],"yoast_head":"<!-- This site is optimized with the Yoast SEO plugin v27.4 - https:\/\/yoast.com\/product\/yoast-seo-wordpress\/ -->\n<title>Pol\u00edtica ambiental - Ionclinics<\/title>\n<meta name=\"robots\" content=\"noindex, follow\" \/>\n<meta property=\"og:locale\" content=\"pt_BR\" \/>\n<meta property=\"og:type\" content=\"article\" \/>\n<meta property=\"og:title\" content=\"Pol\u00edtica ambiental - Ionclinics\" \/>\n<meta property=\"og:description\" content=\"Pol\u00edtica ambiental Jogar A IONCLINICS DEIONIC, como empresa dedicada ao projeto, \u00e0 fabrica\u00e7\u00e3o e \u00e0 comercializa\u00e7\u00e3o de dispositivos m\u00e9dicos para reabilita\u00e7\u00e3o baseados em eletr\u00f3lise percut\u00e2nea e neuromodula\u00e7\u00e3o percut\u00e2nea\/transcut\u00e2nea e \u00e0 distribui\u00e7\u00e3o e importa\u00e7\u00e3o de dispositivos de estimula\u00e7\u00e3o magn\u00e9tica transcraniana, eletrodos, agulhas e dispositivos m\u00e9dicos para eletroestimula\u00e7\u00e3o, deseja contribuir para o desenvolvimento sustent\u00e1vel e, por isso, [&hellip;]\" \/>\n<meta property=\"og:url\" content=\"https:\/\/ionclinics.com\/pt-br\/politica-ambiental\/\" \/>\n<meta property=\"og:site_name\" content=\"Ionclinics\" \/>\n<meta property=\"article:modified_time\" content=\"2024-07-29T08:22:17+00:00\" \/>\n<meta property=\"og:image\" content=\"https:\/\/ionclinics.com\/wp-content\/uploads\/2023\/02\/Logos-epte-08-min.png\" \/>\n\t<meta property=\"og:image:width\" content=\"2017\" \/>\n\t<meta property=\"og:image:height\" content=\"1826\" \/>\n\t<meta property=\"og:image:type\" content=\"image\/png\" \/>\n<meta name=\"twitter:card\" content=\"summary_large_image\" \/>\n<meta name=\"twitter:label1\" content=\"Est. tempo de leitura\" \/>\n\t<meta name=\"twitter:data1\" content=\"3 minutos\" \/>\n<script type=\"application\/ld+json\" class=\"yoast-schema-graph\">{\"@context\":\"https:\\\/\\\/schema.org\",\"@graph\":[{\"@type\":\"WebPage\",\"@id\":\"https:\\\/\\\/ionclinics.com\\\/pt-br\\\/politica-ambiental\\\/\",\"url\":\"https:\\\/\\\/ionclinics.com\\\/pt-br\\\/politica-ambiental\\\/\",\"name\":\"Pol\u00edtica ambiental - Ionclinics\",\"isPartOf\":{\"@id\":\"https:\\\/\\\/ionclinics.com\\\/pt-br\\\/#website\"},\"datePublished\":\"2024-07-26T09:02:50+00:00\",\"dateModified\":\"2024-07-29T08:22:17+00:00\",\"breadcrumb\":{\"@id\":\"https:\\\/\\\/ionclinics.com\\\/pt-br\\\/politica-ambiental\\\/#breadcrumb\"},\"inLanguage\":\"pt-BR\",\"potentialAction\":[{\"@type\":\"ReadAction\",\"target\":[\"https:\\\/\\\/ionclinics.com\\\/pt-br\\\/politica-ambiental\\\/\"]}]},{\"@type\":\"BreadcrumbList\",\"@id\":\"https:\\\/\\\/ionclinics.com\\\/pt-br\\\/politica-ambiental\\\/#breadcrumb\",\"itemListElement\":[{\"@type\":\"ListItem\",\"position\":1,\"name\":\"Home\",\"item\":\"https:\\\/\\\/ionclinics.com\\\/pt-br\\\/\"},{\"@type\":\"ListItem\",\"position\":2,\"name\":\"Pol\u00edtica ambiental\"}]},{\"@type\":\"WebSite\",\"@id\":\"https:\\\/\\\/ionclinics.com\\\/pt-br\\\/#website\",\"url\":\"https:\\\/\\\/ionclinics.com\\\/pt-br\\\/\",\"name\":\"Ionclinics\",\"description\":\"L\u00edderes en neuromodulaci\u00f3n\",\"publisher\":{\"@id\":\"https:\\\/\\\/ionclinics.com\\\/pt-br\\\/#organization\"},\"alternateName\":\"Ionclinics\",\"potentialAction\":[{\"@type\":\"SearchAction\",\"target\":{\"@type\":\"EntryPoint\",\"urlTemplate\":\"https:\\\/\\\/ionclinics.com\\\/pt-br\\\/?s={search_term_string}\"},\"query-input\":{\"@type\":\"PropertyValueSpecification\",\"valueRequired\":true,\"valueName\":\"search_term_string\"}}],\"inLanguage\":\"pt-BR\"},{\"@type\":\"Organization\",\"@id\":\"https:\\\/\\\/ionclinics.com\\\/pt-br\\\/#organization\",\"name\":\"Ionclinics\",\"alternateName\":\"Ionclinics\",\"url\":\"https:\\\/\\\/ionclinics.com\\\/pt-br\\\/\",\"logo\":{\"@type\":\"ImageObject\",\"inLanguage\":\"pt-BR\",\"@id\":\"https:\\\/\\\/ionclinics.com\\\/pt-br\\\/#\\\/schema\\\/logo\\\/image\\\/\",\"url\":\"https:\\\/\\\/ionclinics.com\\\/wp-content\\\/uploads\\\/2022\\\/12\\\/Logo-Ionclinics-CH.png\",\"contentUrl\":\"https:\\\/\\\/ionclinics.com\\\/wp-content\\\/uploads\\\/2022\\\/12\\\/Logo-Ionclinics-CH.png\",\"width\":406,\"height\":126,\"caption\":\"Ionclinics\"},\"image\":{\"@id\":\"https:\\\/\\\/ionclinics.com\\\/pt-br\\\/#\\\/schema\\\/logo\\\/image\\\/\"}}]}<\/script>\n<!-- \/ Yoast SEO plugin. -->","yoast_head_json":{"title":"Pol\u00edtica ambiental - Ionclinics","robots":{"index":"noindex","follow":"follow"},"og_locale":"pt_BR","og_type":"article","og_title":"Pol\u00edtica ambiental - Ionclinics","og_description":"Pol\u00edtica ambiental Jogar A IONCLINICS DEIONIC, como empresa dedicada ao projeto, \u00e0 fabrica\u00e7\u00e3o e \u00e0 comercializa\u00e7\u00e3o de dispositivos m\u00e9dicos para reabilita\u00e7\u00e3o baseados em eletr\u00f3lise percut\u00e2nea e neuromodula\u00e7\u00e3o percut\u00e2nea\/transcut\u00e2nea e \u00e0 distribui\u00e7\u00e3o e importa\u00e7\u00e3o de dispositivos de estimula\u00e7\u00e3o magn\u00e9tica transcraniana, eletrodos, agulhas e dispositivos m\u00e9dicos para eletroestimula\u00e7\u00e3o, deseja contribuir para o desenvolvimento sustent\u00e1vel e, por isso, [&hellip;]","og_url":"https:\/\/ionclinics.com\/pt-br\/politica-ambiental\/","og_site_name":"Ionclinics","article_modified_time":"2024-07-29T08:22:17+00:00","og_image":[{"width":2017,"height":1826,"url":"https:\/\/ionclinics.com\/wp-content\/uploads\/2023\/02\/Logos-epte-08-min.png","type":"image\/png"}],"twitter_card":"summary_large_image","twitter_misc":{"Est. tempo de leitura":"3 minutos"},"schema":{"@context":"https:\/\/schema.org","@graph":[{"@type":"WebPage","@id":"https:\/\/ionclinics.com\/pt-br\/politica-ambiental\/","url":"https:\/\/ionclinics.com\/pt-br\/politica-ambiental\/","name":"Pol\u00edtica ambiental - Ionclinics","isPartOf":{"@id":"https:\/\/ionclinics.com\/pt-br\/#website"},"datePublished":"2024-07-26T09:02:50+00:00","dateModified":"2024-07-29T08:22:17+00:00","breadcrumb":{"@id":"https:\/\/ionclinics.com\/pt-br\/politica-ambiental\/#breadcrumb"},"inLanguage":"pt-BR","potentialAction":[{"@type":"ReadAction","target":["https:\/\/ionclinics.com\/pt-br\/politica-ambiental\/"]}]},{"@type":"BreadcrumbList","@id":"https:\/\/ionclinics.com\/pt-br\/politica-ambiental\/#breadcrumb","itemListElement":[{"@type":"ListItem","position":1,"name":"Home","item":"https:\/\/ionclinics.com\/pt-br\/"},{"@type":"ListItem","position":2,"name":"Pol\u00edtica ambiental"}]},{"@type":"WebSite","@id":"https:\/\/ionclinics.com\/pt-br\/#website","url":"https:\/\/ionclinics.com\/pt-br\/","name":"Ionclinics","description":"L\u00edderes en neuromodulaci\u00f3n","publisher":{"@id":"https:\/\/ionclinics.com\/pt-br\/#organization"},"alternateName":"Ionclinics","potentialAction":[{"@type":"SearchAction","target":{"@type":"EntryPoint","urlTemplate":"https:\/\/ionclinics.com\/pt-br\/?s={search_term_string}"},"query-input":{"@type":"PropertyValueSpecification","valueRequired":true,"valueName":"search_term_string"}}],"inLanguage":"pt-BR"},{"@type":"Organization","@id":"https:\/\/ionclinics.com\/pt-br\/#organization","name":"Ionclinics","alternateName":"Ionclinics","url":"https:\/\/ionclinics.com\/pt-br\/","logo":{"@type":"ImageObject","inLanguage":"pt-BR","@id":"https:\/\/ionclinics.com\/pt-br\/#\/schema\/logo\/image\/","url":"https:\/\/ionclinics.com\/wp-content\/uploads\/2022\/12\/Logo-Ionclinics-CH.png","contentUrl":"https:\/\/ionclinics.com\/wp-content\/uploads\/2022\/12\/Logo-Ionclinics-CH.png","width":406,"height":126,"caption":"Ionclinics"},"image":{"@id":"https:\/\/ionclinics.com\/pt-br\/#\/schema\/logo\/image\/"}}]}},"_links":{"self":[{"href":"https:\/\/ionclinics.com\/pt-br\/wp-json\/wp\/v2\/pages\/27235","targetHints":{"allow":["GET"]}}],"collection":[{"href":"https:\/\/ionclinics.com\/pt-br\/wp-json\/wp\/v2\/pages"}],"about":[{"href":"https:\/\/ionclinics.com\/pt-br\/wp-json\/wp\/v2\/types\/page"}],"author":[{"embeddable":true,"href":"https:\/\/ionclinics.com\/pt-br\/wp-json\/wp\/v2\/users\/5"}],"replies":[{"embeddable":true,"href":"https:\/\/ionclinics.com\/pt-br\/wp-json\/wp\/v2\/comments?post=27235"}],"version-history":[{"count":1,"href":"https:\/\/ionclinics.com\/pt-br\/wp-json\/wp\/v2\/pages\/27235\/revisions"}],"predecessor-version":[{"id":27236,"href":"https:\/\/ionclinics.com\/pt-br\/wp-json\/wp\/v2\/pages\/27235\/revisions\/27236"}],"wp:attachment":[{"href":"https:\/\/ionclinics.com\/pt-br\/wp-json\/wp\/v2\/media?parent=27235"}],"curies":[{"name":"wp","href":"https:\/\/api.w.org\/{rel}","templated":true}]}}