{"id":27231,"date":"2024-07-25T13:57:28","date_gmt":"2024-07-25T11:57:28","guid":{"rendered":"https:\/\/ionclinics.com\/politica-de-qualidade\/"},"modified":"2024-07-29T09:59:17","modified_gmt":"2024-07-29T07:59:17","slug":"politica-de-qualidade","status":"publish","type":"page","link":"https:\/\/ionclinics.com\/pt-br\/politica-de-qualidade\/","title":{"rendered":"Pol\u00edtica de Qualidade"},"content":{"rendered":"\t\t<div data-elementor-type=\"wp-page\" data-elementor-id=\"27231\" class=\"elementor elementor-27231\" data-elementor-post-type=\"page\">\n\t\t\t\t\t\t<section class=\"elementor-section elementor-top-section elementor-element elementor-element-47fa96c elementor-section-boxed elementor-section-height-default elementor-section-height-default\" data-id=\"47fa96c\" data-element_type=\"section\" data-e-type=\"section\" data-settings=\"{&quot;background_background&quot;:&quot;classic&quot;}\">\n\t\t\t\t\t\t<div class=\"elementor-container elementor-column-gap-default\">\n\t\t\t\t\t<div class=\"elementor-column elementor-col-100 elementor-top-column elementor-element elementor-element-f25d1a3\" data-id=\"f25d1a3\" data-element_type=\"column\" data-e-type=\"column\">\n\t\t\t<div class=\"elementor-widget-wrap elementor-element-populated\">\n\t\t\t\t\t\t<div class=\"elementor-element elementor-element-4b2a9f6 elementor-widget elementor-widget-heading\" data-id=\"4b2a9f6\" data-element_type=\"widget\" data-e-type=\"widget\" data-widget_type=\"heading.default\">\n\t\t\t\t<div class=\"elementor-widget-container\">\n\t\t\t\t\t<h1 class=\"elementor-heading-title elementor-size-default\">Pol\u00edtica de Qualidade<\/h1>\t\t\t\t<\/div>\n\t\t\t\t<\/div>\n\t\t\t\t\t<\/div>\n\t\t<\/div>\n\t\t\t\t\t<\/div>\n\t\t<\/section>\n\t\t\t\t<section class=\"elementor-section elementor-top-section elementor-element elementor-element-5416dc1 elementor-section-boxed elementor-section-height-default elementor-section-height-default\" data-id=\"5416dc1\" data-element_type=\"section\" data-e-type=\"section\">\n\t\t\t\t\t\t<div class=\"elementor-container elementor-column-gap-no\">\n\t\t\t\t\t<div class=\"elementor-column elementor-col-100 elementor-top-column elementor-element elementor-element-6ab11d9\" data-id=\"6ab11d9\" data-element_type=\"column\" data-e-type=\"column\">\n\t\t\t<div class=\"elementor-widget-wrap elementor-element-populated\">\n\t\t\t\t\t\t<div class=\"elementor-element elementor-element-58460c8 elementor-align-left elementor-widget elementor-widget-button\" data-id=\"58460c8\" data-element_type=\"widget\" data-e-type=\"widget\" data-widget_type=\"button.default\">\n\t\t\t\t<div class=\"elementor-widget-container\">\n\t\t\t\t\t\t\t\t\t<div class=\"elementor-button-wrapper\">\n\t\t\t\t\t<a class=\"elementor-button elementor-button-link elementor-size-md\" href=\"https:\/\/ionclinics.com\/wp-content\/uploads\/2024\/07\/Politica%20de%20Calidad%202024%20-%20Ionclinics.pdf\" target=\"_blank\">\n\t\t\t\t\t\t<span class=\"elementor-button-content-wrapper\">\n\t\t\t\t\t\t<span class=\"elementor-button-icon\">\n\t\t\t\t<i aria-hidden=\"true\" class=\"icon icon-download\"><\/i>\t\t\t<\/span>\n\t\t\t\t\t\t\t\t\t<span class=\"elementor-button-text\">Jogar<\/span>\n\t\t\t\t\t<\/span>\n\t\t\t\t\t<\/a>\n\t\t\t\t<\/div>\n\t\t\t\t\t\t\t\t<\/div>\n\t\t\t\t<\/div>\n\t\t\t\t<div class=\"elementor-element elementor-element-7cce001 elementor-widget elementor-widget-text-editor\" data-id=\"7cce001\" data-element_type=\"widget\" data-e-type=\"widget\" data-widget_type=\"text-editor.default\">\n\t\t\t\t<div class=\"elementor-widget-container\">\n\t\t\t\t\t\t\t\t\t<p>A ger\u00eancia da IONCLINICS DEIONIC, S.L. proclama a seguinte declara\u00e7\u00e3o de \u201cPol\u00edtica de Qualidade\u201d, e se &nbsp;compromete a divulg\u00e1-la e faz\u00ea-la ser compreendida por toda a empresa e, quando apropriado, por seus clientes e &nbsp;fornecedores, bem como a revis\u00e1-la e mant\u00ea-la continuamente adequada.<\/p>\n<p>A Dire\u00e7\u00e3o da IONCLINICS  DEIONIC, S.L. quer manter seu compromisso de promover a qualidade e unir todos os nossos esfor\u00e7os nesse objetivo geral, a \u201cQualidade do nosso Sistema de Gest\u00e3o da nossa atividade como fabricante e importador de dispositivos m\u00e9dicos\u201d.  Nosso objetivo \u00e9 trabalhar no n\u00edvel estabelecido pelas Normas Internacionais, UNE-EN 13485:2018 (EN ISO 13485:2016+A11:2021) e pela Diretiva 93\/42\/CEE | Regulamento (UE) 2017\/745, e garantir que nossas atividades como fabricantes, importadores e distribuidores de dispositivos m\u00e9dicos estejam em conformidade com os requisitos legais, regulamentos e especifica\u00e7\u00f5es |necessidades do mercado |cliente que os afetam em cada caso.<\/p>\n<p>A ger\u00eancia est\u00e1 comprometida em fornecer apenas servi\u00e7os satisfat\u00f3rios a seus clientes, estabelecendo processos capazes e cumprindo um programa de melhoria cont\u00ednua da efic\u00e1cia do Sistema de Gerenciamento de Qualidade, Fabrica\u00e7\u00e3o, Importa\u00e7\u00e3o e Distribui\u00e7\u00e3o de Dispositivos M\u00e9dicos.<\/p>\n<p>Em conson\u00e2ncia com a decis\u00e3o e a vontade expressas, a Administra\u00e7\u00e3o se compromete a fornecer os recursos humanos e materiais, a infraestrutura, a educa\u00e7\u00e3o e o treinamento do pessoal e o ambiente de trabalho adequado para a realiza\u00e7\u00e3o de seus objetivos, na convic\u00e7\u00e3o de que o custo envolvido n\u00e3o passa de um investimento lucrativo.<\/p>\n<p>Outro objetivo importante para a organiza\u00e7\u00e3o \u00e9 que todos os seus funcion\u00e1rios tenham uma vis\u00e3o global do projeto em que est\u00e3o trabalhando, para que se sintam envolvidos e aumentem sua motiva\u00e7\u00e3o. A qualidade \u00e9 um objetivo e uma responsabilidade de todo o pessoal integrado \u00e0 Organiza\u00e7\u00e3o. Cada funcion\u00e1rio \u00e9 respons\u00e1vel pela qualidade de seu pr\u00f3prio trabalho.<\/p>\n<p>Convencidos de que a Qualidade nos ajudar\u00e1 a alcan\u00e7ar um sistema de melhoria cont\u00ednua, objetivos espec\u00edficos e quantific\u00e1veis ser\u00e3o estabelecidos e revisados anualmente pela Ger\u00eancia, com responsabilidades e prazos de execu\u00e7\u00e3o definidos, o que nos ajudar\u00e1 a avaliar objetivamente a melhoria alcan\u00e7ada.<\/p>\n<p>A Pol\u00edtica de Qualidade, Fabrica\u00e7\u00e3o, Importa\u00e7\u00e3o e Distribui\u00e7\u00e3o de Dispositivos M\u00e9dicos deve ser divulgada a todo o pessoal por meio de dissemina\u00e7\u00e3o interna.<\/p>\n<p>Solicito \u00e0 equipe da IONCLINICS  DEIONIC, S.L. que assuma e cumpra as disposi\u00e7\u00f5es do Manual de Gest\u00e3o da Qualidade e delegue a responsabilidade geral de supervisionar a efic\u00e1cia, a implementa\u00e7\u00e3o e a manuten\u00e7\u00e3o do Sistema de Gest\u00e3o ao Gerente de Qualidade como representante da Administra\u00e7\u00e3o.<\/p>\t\t\t\t\t\t\t\t<\/div>\n\t\t\t\t<\/div>\n\t\t\t\t\t<\/div>\n\t\t<\/div>\n\t\t\t\t\t<\/div>\n\t\t<\/section>\n\t\t\t\t<\/div>\n\t\t","protected":false},"excerpt":{"rendered":"<p>Pol\u00edtica de Qualidade Jogar A ger\u00eancia da IONCLINICS DEIONIC, S.L. proclama a seguinte declara\u00e7\u00e3o de \u201cPol\u00edtica de Qualidade\u201d, e se &nbsp;compromete a divulg\u00e1-la e faz\u00ea-la ser compreendida por toda a empresa e, quando apropriado, por seus clientes e &nbsp;fornecedores, bem como a revis\u00e1-la e mant\u00ea-la continuamente adequada. A Dire\u00e7\u00e3o da IONCLINICS DEIONIC, S.L. quer manter [&hellip;]<\/p>\n","protected":false},"author":5,"featured_media":0,"parent":0,"menu_order":0,"comment_status":"closed","ping_status":"closed","template":"","meta":{"_acf_changed":false,"footnotes":""},"class_list":["post-27231","page","type-page","status-publish","hentry"],"acf":[],"yoast_head":"<!-- This site is optimized with the Yoast SEO plugin v27.4 - https:\/\/yoast.com\/product\/yoast-seo-wordpress\/ -->\n<title>Pol\u00edtica de Qualidade - Ionclinics<\/title>\n<meta name=\"robots\" content=\"noindex, follow\" \/>\n<meta property=\"og:locale\" content=\"pt_BR\" \/>\n<meta property=\"og:type\" content=\"article\" \/>\n<meta property=\"og:title\" content=\"Pol\u00edtica de Qualidade - Ionclinics\" \/>\n<meta property=\"og:description\" content=\"Pol\u00edtica de Qualidade Jogar A ger\u00eancia da IONCLINICS DEIONIC, S.L. proclama a seguinte declara\u00e7\u00e3o de \u201cPol\u00edtica de Qualidade\u201d, e se &nbsp;compromete a divulg\u00e1-la e faz\u00ea-la ser compreendida por toda a empresa e, quando apropriado, por seus clientes e &nbsp;fornecedores, bem como a revis\u00e1-la e mant\u00ea-la continuamente adequada. A Dire\u00e7\u00e3o da IONCLINICS DEIONIC, S.L. quer manter [&hellip;]\" \/>\n<meta property=\"og:url\" content=\"https:\/\/ionclinics.com\/pt-br\/politica-de-qualidade\/\" \/>\n<meta property=\"og:site_name\" content=\"Ionclinics\" \/>\n<meta property=\"article:modified_time\" content=\"2024-07-29T07:59:17+00:00\" \/>\n<meta property=\"og:image\" content=\"https:\/\/ionclinics.com\/wp-content\/uploads\/2023\/02\/Logos-epte-08-min.png\" \/>\n\t<meta property=\"og:image:width\" content=\"2017\" \/>\n\t<meta property=\"og:image:height\" content=\"1826\" \/>\n\t<meta property=\"og:image:type\" content=\"image\/png\" \/>\n<meta name=\"twitter:card\" content=\"summary_large_image\" \/>\n<meta name=\"twitter:label1\" content=\"Est. tempo de leitura\" \/>\n\t<meta name=\"twitter:data1\" content=\"2 minutos\" \/>\n<script type=\"application\/ld+json\" class=\"yoast-schema-graph\">{\"@context\":\"https:\\\/\\\/schema.org\",\"@graph\":[{\"@type\":\"WebPage\",\"@id\":\"https:\\\/\\\/ionclinics.com\\\/pt-br\\\/politica-de-qualidade\\\/\",\"url\":\"https:\\\/\\\/ionclinics.com\\\/pt-br\\\/politica-de-qualidade\\\/\",\"name\":\"Pol\u00edtica de Qualidade - Ionclinics\",\"isPartOf\":{\"@id\":\"https:\\\/\\\/ionclinics.com\\\/pt-br\\\/#website\"},\"datePublished\":\"2024-07-25T11:57:28+00:00\",\"dateModified\":\"2024-07-29T07:59:17+00:00\",\"breadcrumb\":{\"@id\":\"https:\\\/\\\/ionclinics.com\\\/pt-br\\\/politica-de-qualidade\\\/#breadcrumb\"},\"inLanguage\":\"pt-BR\",\"potentialAction\":[{\"@type\":\"ReadAction\",\"target\":[\"https:\\\/\\\/ionclinics.com\\\/pt-br\\\/politica-de-qualidade\\\/\"]}]},{\"@type\":\"BreadcrumbList\",\"@id\":\"https:\\\/\\\/ionclinics.com\\\/pt-br\\\/politica-de-qualidade\\\/#breadcrumb\",\"itemListElement\":[{\"@type\":\"ListItem\",\"position\":1,\"name\":\"Home\",\"item\":\"https:\\\/\\\/ionclinics.com\\\/pt-br\\\/\"},{\"@type\":\"ListItem\",\"position\":2,\"name\":\"Pol\u00edtica de Qualidade\"}]},{\"@type\":\"WebSite\",\"@id\":\"https:\\\/\\\/ionclinics.com\\\/pt-br\\\/#website\",\"url\":\"https:\\\/\\\/ionclinics.com\\\/pt-br\\\/\",\"name\":\"Ionclinics\",\"description\":\"L\u00edderes en neuromodulaci\u00f3n\",\"publisher\":{\"@id\":\"https:\\\/\\\/ionclinics.com\\\/pt-br\\\/#organization\"},\"alternateName\":\"Ionclinics\",\"potentialAction\":[{\"@type\":\"SearchAction\",\"target\":{\"@type\":\"EntryPoint\",\"urlTemplate\":\"https:\\\/\\\/ionclinics.com\\\/pt-br\\\/?s={search_term_string}\"},\"query-input\":{\"@type\":\"PropertyValueSpecification\",\"valueRequired\":true,\"valueName\":\"search_term_string\"}}],\"inLanguage\":\"pt-BR\"},{\"@type\":\"Organization\",\"@id\":\"https:\\\/\\\/ionclinics.com\\\/pt-br\\\/#organization\",\"name\":\"Ionclinics\",\"alternateName\":\"Ionclinics\",\"url\":\"https:\\\/\\\/ionclinics.com\\\/pt-br\\\/\",\"logo\":{\"@type\":\"ImageObject\",\"inLanguage\":\"pt-BR\",\"@id\":\"https:\\\/\\\/ionclinics.com\\\/pt-br\\\/#\\\/schema\\\/logo\\\/image\\\/\",\"url\":\"https:\\\/\\\/ionclinics.com\\\/wp-content\\\/uploads\\\/2022\\\/12\\\/Logo-Ionclinics-CH.png\",\"contentUrl\":\"https:\\\/\\\/ionclinics.com\\\/wp-content\\\/uploads\\\/2022\\\/12\\\/Logo-Ionclinics-CH.png\",\"width\":406,\"height\":126,\"caption\":\"Ionclinics\"},\"image\":{\"@id\":\"https:\\\/\\\/ionclinics.com\\\/pt-br\\\/#\\\/schema\\\/logo\\\/image\\\/\"}}]}<\/script>\n<!-- \/ Yoast SEO plugin. -->","yoast_head_json":{"title":"Pol\u00edtica de Qualidade - Ionclinics","robots":{"index":"noindex","follow":"follow"},"og_locale":"pt_BR","og_type":"article","og_title":"Pol\u00edtica de Qualidade - Ionclinics","og_description":"Pol\u00edtica de Qualidade Jogar A ger\u00eancia da IONCLINICS DEIONIC, S.L. proclama a seguinte declara\u00e7\u00e3o de \u201cPol\u00edtica de Qualidade\u201d, e se &nbsp;compromete a divulg\u00e1-la e faz\u00ea-la ser compreendida por toda a empresa e, quando apropriado, por seus clientes e &nbsp;fornecedores, bem como a revis\u00e1-la e mant\u00ea-la continuamente adequada. A Dire\u00e7\u00e3o da IONCLINICS DEIONIC, S.L. quer manter [&hellip;]","og_url":"https:\/\/ionclinics.com\/pt-br\/politica-de-qualidade\/","og_site_name":"Ionclinics","article_modified_time":"2024-07-29T07:59:17+00:00","og_image":[{"width":2017,"height":1826,"url":"https:\/\/ionclinics.com\/wp-content\/uploads\/2023\/02\/Logos-epte-08-min.png","type":"image\/png"}],"twitter_card":"summary_large_image","twitter_misc":{"Est. tempo de leitura":"2 minutos"},"schema":{"@context":"https:\/\/schema.org","@graph":[{"@type":"WebPage","@id":"https:\/\/ionclinics.com\/pt-br\/politica-de-qualidade\/","url":"https:\/\/ionclinics.com\/pt-br\/politica-de-qualidade\/","name":"Pol\u00edtica de Qualidade - Ionclinics","isPartOf":{"@id":"https:\/\/ionclinics.com\/pt-br\/#website"},"datePublished":"2024-07-25T11:57:28+00:00","dateModified":"2024-07-29T07:59:17+00:00","breadcrumb":{"@id":"https:\/\/ionclinics.com\/pt-br\/politica-de-qualidade\/#breadcrumb"},"inLanguage":"pt-BR","potentialAction":[{"@type":"ReadAction","target":["https:\/\/ionclinics.com\/pt-br\/politica-de-qualidade\/"]}]},{"@type":"BreadcrumbList","@id":"https:\/\/ionclinics.com\/pt-br\/politica-de-qualidade\/#breadcrumb","itemListElement":[{"@type":"ListItem","position":1,"name":"Home","item":"https:\/\/ionclinics.com\/pt-br\/"},{"@type":"ListItem","position":2,"name":"Pol\u00edtica de Qualidade"}]},{"@type":"WebSite","@id":"https:\/\/ionclinics.com\/pt-br\/#website","url":"https:\/\/ionclinics.com\/pt-br\/","name":"Ionclinics","description":"L\u00edderes en neuromodulaci\u00f3n","publisher":{"@id":"https:\/\/ionclinics.com\/pt-br\/#organization"},"alternateName":"Ionclinics","potentialAction":[{"@type":"SearchAction","target":{"@type":"EntryPoint","urlTemplate":"https:\/\/ionclinics.com\/pt-br\/?s={search_term_string}"},"query-input":{"@type":"PropertyValueSpecification","valueRequired":true,"valueName":"search_term_string"}}],"inLanguage":"pt-BR"},{"@type":"Organization","@id":"https:\/\/ionclinics.com\/pt-br\/#organization","name":"Ionclinics","alternateName":"Ionclinics","url":"https:\/\/ionclinics.com\/pt-br\/","logo":{"@type":"ImageObject","inLanguage":"pt-BR","@id":"https:\/\/ionclinics.com\/pt-br\/#\/schema\/logo\/image\/","url":"https:\/\/ionclinics.com\/wp-content\/uploads\/2022\/12\/Logo-Ionclinics-CH.png","contentUrl":"https:\/\/ionclinics.com\/wp-content\/uploads\/2022\/12\/Logo-Ionclinics-CH.png","width":406,"height":126,"caption":"Ionclinics"},"image":{"@id":"https:\/\/ionclinics.com\/pt-br\/#\/schema\/logo\/image\/"}}]}},"_links":{"self":[{"href":"https:\/\/ionclinics.com\/pt-br\/wp-json\/wp\/v2\/pages\/27231","targetHints":{"allow":["GET"]}}],"collection":[{"href":"https:\/\/ionclinics.com\/pt-br\/wp-json\/wp\/v2\/pages"}],"about":[{"href":"https:\/\/ionclinics.com\/pt-br\/wp-json\/wp\/v2\/types\/page"}],"author":[{"embeddable":true,"href":"https:\/\/ionclinics.com\/pt-br\/wp-json\/wp\/v2\/users\/5"}],"replies":[{"embeddable":true,"href":"https:\/\/ionclinics.com\/pt-br\/wp-json\/wp\/v2\/comments?post=27231"}],"version-history":[{"count":1,"href":"https:\/\/ionclinics.com\/pt-br\/wp-json\/wp\/v2\/pages\/27231\/revisions"}],"predecessor-version":[{"id":27232,"href":"https:\/\/ionclinics.com\/pt-br\/wp-json\/wp\/v2\/pages\/27231\/revisions\/27232"}],"wp:attachment":[{"href":"https:\/\/ionclinics.com\/pt-br\/wp-json\/wp\/v2\/media?parent=27231"}],"curies":[{"name":"wp","href":"https:\/\/api.w.org\/{rel}","templated":true}]}}