{"id":18468,"date":"2023-02-21T10:22:01","date_gmt":"2023-02-21T10:22:01","guid":{"rendered":"https:\/\/ionclinics.com\/clausula-complementar-e-mail-da-gerencia-de-contato\/"},"modified":"2023-02-28T14:03:48","modified_gmt":"2023-02-28T14:03:48","slug":"clausula-complementar-e-mail-da-gerencia-de-contato","status":"publish","type":"page","link":"https:\/\/ionclinics.com\/pt-br\/clausula-complementar-e-mail-da-gerencia-de-contato\/","title":{"rendered":"Cl\u00e1usula Complementar E-mail da Ger\u00eancia de Contato"},"content":{"rendered":"\t\t<div data-elementor-type=\"wp-page\" data-elementor-id=\"18468\" class=\"elementor elementor-18468\" data-elementor-post-type=\"page\">\n\t\t\t\t\t\t<section class=\"elementor-section elementor-top-section elementor-element elementor-element-47fa96c elementor-section-boxed elementor-section-height-default elementor-section-height-default\" data-id=\"47fa96c\" data-element_type=\"section\" data-e-type=\"section\" data-settings=\"{&quot;background_background&quot;:&quot;classic&quot;}\">\n\t\t\t\t\t\t<div class=\"elementor-container elementor-column-gap-default\">\n\t\t\t\t\t<div class=\"elementor-column elementor-col-100 elementor-top-column elementor-element elementor-element-f25d1a3\" data-id=\"f25d1a3\" data-element_type=\"column\" data-e-type=\"column\">\n\t\t\t<div class=\"elementor-widget-wrap elementor-element-populated\">\n\t\t\t\t\t\t<div class=\"elementor-element elementor-element-4b2a9f6 elementor-widget elementor-widget-heading\" data-id=\"4b2a9f6\" data-element_type=\"widget\" data-e-type=\"widget\" data-widget_type=\"heading.default\">\n\t\t\t\t<div class=\"elementor-widget-container\">\n\t\t\t\t\t<h1 class=\"elementor-heading-title elementor-size-default\">Clausula Adicional <br>E-mail da ger\u00eancia de contatos<\/h1>\t\t\t\t<\/div>\n\t\t\t\t<\/div>\n\t\t\t\t\t<\/div>\n\t\t<\/div>\n\t\t\t\t\t<\/div>\n\t\t<\/section>\n\t\t\t\t<section class=\"elementor-section elementor-top-section elementor-element elementor-element-5416dc1 elementor-section-boxed elementor-section-height-default elementor-section-height-default\" data-id=\"5416dc1\" data-element_type=\"section\" data-e-type=\"section\">\n\t\t\t\t\t\t<div class=\"elementor-container elementor-column-gap-no\">\n\t\t\t\t\t<div class=\"elementor-column elementor-col-100 elementor-top-column elementor-element elementor-element-6ab11d9\" data-id=\"6ab11d9\" data-element_type=\"column\" data-e-type=\"column\">\n\t\t\t<div class=\"elementor-widget-wrap elementor-element-populated\">\n\t\t\t\t\t\t<div class=\"elementor-element elementor-element-7cce001 elementor-widget elementor-widget-text-editor\" data-id=\"7cce001\" data-element_type=\"widget\" data-e-type=\"widget\" data-widget_type=\"text-editor.default\">\n\t\t\t\t<div class=\"elementor-widget-container\">\n\t\t\t\t\t\t\t\t\t<table width=\"716\">\n<tbody>\n<tr>\n<td width=\"104\"><\/td>\n<td width=\"151\"><strong>Informaci\u00f3n B\u00e1sica<\/strong><\/td>\n<td width=\"461\"><strong>Informaci\u00f3n Adicional Gesti\u00f3n de Contactos por e-mail<\/strong><\/td>\n<\/tr>\n<tr>\n<td width=\"104\"><strong>Responsable<\/strong><\/td>\n<td width=\"151\">IONCLINICS &amp; DEIONIC S.L<\/td>\n<td width=\"461\"><strong>Dir. postal<\/strong><strong>:<\/strong> Avenida Antonio Almela N 29 de&nbsp; Alcudia CP (46250) Valencia<p><\/p>\n<p><strong>Tel\u00e9fono<\/strong><strong>:<\/strong> 960 606 200<\/p>\n<p><strong>Email<\/strong><strong>:<\/strong> info@ionclinics.com<\/p><\/td>\n<\/tr>\n<tr>\n<td width=\"104\"><strong>Finalidad<\/strong><\/td>\n<td width=\"151\">Gesti\u00f3n de datos de contacto<\/td>\n<td width=\"461\">La finalidad del tratamiento de sus datos personales de contacto es la gestionar adecuadamente la relaci\u00f3n comercial con la Organizaci\u00f3n en la que usted como personas f\u00edsica que presta sus servicios y realizar una gesti\u00f3n de las comunicaciones a trav\u00e9s del e-mail entre IONCLINICS &amp; DEIONIC S.L y usted<\/td>\n<\/tr>\n<tr>\n<td width=\"104\"><strong>Legitimaci\u00f3n<\/strong><\/td>\n<td width=\"151\">Inter\u00e9s leg\u00edtimo del Responsable<\/td>\n<td width=\"461\">La Organizaci\u00f3n tiene un inter\u00e9s leg\u00edtimo en gestionar los datos de contacto de las personas f\u00edsicas que presten servicios en una persona jur\u00eddica con el prop\u00f3sito de mantener las relaciones comerciales con la persona jur\u00eddica donde el interesado est\u00e1 prestando sus servicios, as\u00ed como de las comunicaciones mantenidas entre las partes.<p><\/p>\n<p>Los datos se conservar\u00e1n mientras est\u00e9 activa su relaci\u00f3n con la Organizaci\u00f3n (y no solicite su supresi\u00f3n) y, en cualquier caso, durante los plazos que estipule la normativa que sea de aplicaci\u00f3n al tratamiento descrito.<\/p><\/td>\n<\/tr>\n<tr>\n<td width=\"104\"><strong>Destinatarios<\/strong><\/td>\n<td width=\"151\">Destinatarios.<\/td>\n<td width=\"461\">Servicios de plataformas tecnol\u00f3gicas: Prestador de servicios contratado por la Organizaci\u00f3n<p><\/p>\n<p>Otras empresas del grupo empresarial: La Organizaci\u00f3n tiene un inter\u00e9s leg\u00edtimo en transmitir datos personales dentro del grupo empresarial con fines administrativos internos para la optimizaci\u00f3n de los recursos organizativos<\/p><\/td>\n<\/tr>\n<tr>\n<td width=\"104\"><strong>Transferencias Internacionales<\/strong><\/td>\n<td width=\"151\">Transferencias internacionales<\/td>\n<td width=\"461\">No se preven realizar Transferencias Internacionales de Datos<\/td>\n<\/tr>\n<tr>\n<td rowspan=\"5\" width=\"104\"><strong>Derechos<\/strong><\/td>\n<td rowspan=\"5\" width=\"151\">Ejercicio de derechos.<\/td>\n<td width=\"461\">Como interesado pueden ejercitar sus derechos de acceso, rectificaci\u00f3n, supresi\u00f3n, u oposici\u00f3n. Tiene derecho a retirar el consentimiento en cualquier momento para aquellas finalidades a las que a otorgado el consentimiento<\/td>\n<\/tr>\n<tr>\n<td width=\"461\">El interesado tienen derecho a la portabilidad de los datos y, por lo tanto, a recibir los datos personales que le incumban en un formato estructurado, de uso com\u00fan y lectura mec\u00e1nica, para poder transmitirlos a otro responsable del tratamiento<\/td>\n<\/tr>\n<tr>\n<td width=\"461\">En determinadas circunstancias, el interesado podr\u00e1 solicitar la limitaci\u00f3n del tratamiento de sus datos, en cuyo caso \u00fanicamente los conservaremos para el ejercicio o la defensa de reclamaciones.<\/td>\n<\/tr>\n<tr>\n<td width=\"461\">Los interesados tienen derecho a reclamar ante la Autoridad de Control (Agencia Espa\u00f1ola de Protecci\u00f3n de Datos <a href=\"https:\/\/www.agpd.es\" target=\"_blank\" rel=\"noopener noreferrer\">https:\/www.agpd.es<\/a>).<\/td>\n<\/tr>\n<tr>\n<td width=\"461\">Puede ejercitar sus derechos presentando un escrito a la direcci\u00f3n Avenida Antonio Almela N 29 de&nbsp; l\u2019Alc\u00fadia CP (46250) Valencia. Deber\u00e1 especificar cu\u00e1l de estos derechos solicita para que sea satisfecho y, a su vez, deber\u00e1 acompa\u00f1arse de la fotocopia del DNI o documento identificativo equivalente. Si quiere disponer de un modelo para ello podr\u00e1:<p><\/p>\n<p>Bien utilizar un modelo oficial de la Agencia: <a href=\"http:\/\/www.agpd.es\/portalwebAGPD\/CanalDelCiudadano\/derechos\/index-ides-idphp.php\" target=\"_blank\" rel=\"noopener noreferrer\">http:\/\/www.agpd.es\/portalwebAGPD\/CanalDelCiudadano\/derechos\/index-ides-idphp.php<\/a><\/p>\n<p>Bien solicitarnos un modelo: info@ionclinics.com<\/p><\/td>\n<\/tr>\n<\/tbody>\n<\/table>\t\t\t\t\t\t\t\t<\/div>\n\t\t\t\t<\/div>\n\t\t\t\t\t<\/div>\n\t\t<\/div>\n\t\t\t\t\t<\/div>\n\t\t<\/section>\n\t\t\t\t<\/div>\n\t\t","protected":false},"excerpt":{"rendered":"<p>Clausula Adicional E-mail da ger\u00eancia de contatos Informaci\u00f3n B\u00e1sica Informaci\u00f3n Adicional Gesti\u00f3n de Contactos por e-mail Responsable IONCLINICS &amp; DEIONIC S.L Dir. postal: Avenida Antonio Almela N 29 de&nbsp; Alcudia CP (46250) Valencia Tel\u00e9fono: 960 606 200 Email: info@ionclinics.com Finalidad Gesti\u00f3n de datos de contacto La finalidad del tratamiento de sus datos personales de contacto [&hellip;]<\/p>\n","protected":false},"author":1,"featured_media":0,"parent":0,"menu_order":0,"comment_status":"closed","ping_status":"closed","template":"","meta":{"_acf_changed":false,"footnotes":""},"class_list":["post-18468","page","type-page","status-publish","hentry"],"acf":[],"yoast_head":"<!-- This site is optimized with the Yoast SEO plugin v27.4 - https:\/\/yoast.com\/product\/yoast-seo-wordpress\/ -->\n<title>Cl\u00e1usula Complementar E-mail da Ger\u00eancia de Contato - Ionclinics<\/title>\n<meta name=\"robots\" content=\"noindex, nofollow\" \/>\n<meta property=\"og:locale\" content=\"pt_BR\" \/>\n<meta property=\"og:type\" content=\"article\" \/>\n<meta property=\"og:title\" content=\"Cl\u00e1usula Complementar E-mail da Ger\u00eancia de Contato - Ionclinics\" \/>\n<meta property=\"og:description\" content=\"Clausula Adicional E-mail da ger\u00eancia de contatos Informaci\u00f3n B\u00e1sica Informaci\u00f3n Adicional Gesti\u00f3n de Contactos por e-mail Responsable IONCLINICS &amp; DEIONIC S.L Dir. postal: Avenida Antonio Almela N 29 de&nbsp; Alcudia CP (46250) Valencia Tel\u00e9fono: 960 606 200 Email: info@ionclinics.com Finalidad Gesti\u00f3n de datos de contacto La finalidad del tratamiento de sus datos personales de contacto [&hellip;]\" \/>\n<meta property=\"og:url\" content=\"https:\/\/ionclinics.com\/pt-br\/clausula-complementar-e-mail-da-gerencia-de-contato\/\" \/>\n<meta property=\"og:site_name\" content=\"Ionclinics\" \/>\n<meta property=\"article:modified_time\" content=\"2023-02-28T14:03:48+00:00\" \/>\n<meta property=\"og:image\" content=\"https:\/\/ionclinics.com\/wp-content\/uploads\/2023\/02\/Logos-epte-08-min.png\" \/>\n\t<meta property=\"og:image:width\" content=\"2017\" \/>\n\t<meta property=\"og:image:height\" content=\"1826\" \/>\n\t<meta property=\"og:image:type\" content=\"image\/png\" \/>\n<meta name=\"twitter:card\" content=\"summary_large_image\" \/>\n<meta name=\"twitter:label1\" content=\"Est. tempo de leitura\" \/>\n\t<meta name=\"twitter:data1\" content=\"2 minutos\" \/>\n<script type=\"application\/ld+json\" class=\"yoast-schema-graph\">{\"@context\":\"https:\\\/\\\/schema.org\",\"@graph\":[{\"@type\":\"WebPage\",\"@id\":\"https:\\\/\\\/ionclinics.com\\\/pt-br\\\/clausula-complementar-e-mail-da-gerencia-de-contato\\\/\",\"url\":\"https:\\\/\\\/ionclinics.com\\\/pt-br\\\/clausula-complementar-e-mail-da-gerencia-de-contato\\\/\",\"name\":\"Cl\u00e1usula Complementar E-mail da Ger\u00eancia de Contato - Ionclinics\",\"isPartOf\":{\"@id\":\"https:\\\/\\\/ionclinics.com\\\/pt-br\\\/#website\"},\"datePublished\":\"2023-02-21T10:22:01+00:00\",\"dateModified\":\"2023-02-28T14:03:48+00:00\",\"breadcrumb\":{\"@id\":\"https:\\\/\\\/ionclinics.com\\\/pt-br\\\/clausula-complementar-e-mail-da-gerencia-de-contato\\\/#breadcrumb\"},\"inLanguage\":\"pt-BR\",\"potentialAction\":[{\"@type\":\"ReadAction\",\"target\":[\"https:\\\/\\\/ionclinics.com\\\/pt-br\\\/clausula-complementar-e-mail-da-gerencia-de-contato\\\/\"]}]},{\"@type\":\"BreadcrumbList\",\"@id\":\"https:\\\/\\\/ionclinics.com\\\/pt-br\\\/clausula-complementar-e-mail-da-gerencia-de-contato\\\/#breadcrumb\",\"itemListElement\":[{\"@type\":\"ListItem\",\"position\":1,\"name\":\"Home\",\"item\":\"https:\\\/\\\/ionclinics.com\\\/pt-br\\\/\"},{\"@type\":\"ListItem\",\"position\":2,\"name\":\"Cl\u00e1usula Complementar E-mail da Ger\u00eancia de Contato\"}]},{\"@type\":\"WebSite\",\"@id\":\"https:\\\/\\\/ionclinics.com\\\/pt-br\\\/#website\",\"url\":\"https:\\\/\\\/ionclinics.com\\\/pt-br\\\/\",\"name\":\"Ionclinics\",\"description\":\"L\u00edderes en neuromodulaci\u00f3n\",\"publisher\":{\"@id\":\"https:\\\/\\\/ionclinics.com\\\/pt-br\\\/#organization\"},\"alternateName\":\"Ionclinics\",\"potentialAction\":[{\"@type\":\"SearchAction\",\"target\":{\"@type\":\"EntryPoint\",\"urlTemplate\":\"https:\\\/\\\/ionclinics.com\\\/pt-br\\\/?s={search_term_string}\"},\"query-input\":{\"@type\":\"PropertyValueSpecification\",\"valueRequired\":true,\"valueName\":\"search_term_string\"}}],\"inLanguage\":\"pt-BR\"},{\"@type\":\"Organization\",\"@id\":\"https:\\\/\\\/ionclinics.com\\\/pt-br\\\/#organization\",\"name\":\"Ionclinics\",\"alternateName\":\"Ionclinics\",\"url\":\"https:\\\/\\\/ionclinics.com\\\/pt-br\\\/\",\"logo\":{\"@type\":\"ImageObject\",\"inLanguage\":\"pt-BR\",\"@id\":\"https:\\\/\\\/ionclinics.com\\\/pt-br\\\/#\\\/schema\\\/logo\\\/image\\\/\",\"url\":\"https:\\\/\\\/ionclinics.com\\\/wp-content\\\/uploads\\\/2022\\\/12\\\/Logo-Ionclinics-CH.png\",\"contentUrl\":\"https:\\\/\\\/ionclinics.com\\\/wp-content\\\/uploads\\\/2022\\\/12\\\/Logo-Ionclinics-CH.png\",\"width\":406,\"height\":126,\"caption\":\"Ionclinics\"},\"image\":{\"@id\":\"https:\\\/\\\/ionclinics.com\\\/pt-br\\\/#\\\/schema\\\/logo\\\/image\\\/\"}}]}<\/script>\n<!-- \/ Yoast SEO plugin. -->","yoast_head_json":{"title":"Cl\u00e1usula Complementar E-mail da Ger\u00eancia de Contato - Ionclinics","robots":{"index":"noindex","follow":"nofollow"},"og_locale":"pt_BR","og_type":"article","og_title":"Cl\u00e1usula Complementar E-mail da Ger\u00eancia de Contato - Ionclinics","og_description":"Clausula Adicional E-mail da ger\u00eancia de contatos Informaci\u00f3n B\u00e1sica Informaci\u00f3n Adicional Gesti\u00f3n de Contactos por e-mail Responsable IONCLINICS &amp; DEIONIC S.L Dir. postal: Avenida Antonio Almela N 29 de&nbsp; Alcudia CP (46250) Valencia Tel\u00e9fono: 960 606 200 Email: info@ionclinics.com Finalidad Gesti\u00f3n de datos de contacto La finalidad del tratamiento de sus datos personales de contacto [&hellip;]","og_url":"https:\/\/ionclinics.com\/pt-br\/clausula-complementar-e-mail-da-gerencia-de-contato\/","og_site_name":"Ionclinics","article_modified_time":"2023-02-28T14:03:48+00:00","og_image":[{"width":2017,"height":1826,"url":"https:\/\/ionclinics.com\/wp-content\/uploads\/2023\/02\/Logos-epte-08-min.png","type":"image\/png"}],"twitter_card":"summary_large_image","twitter_misc":{"Est. tempo de leitura":"2 minutos"},"schema":{"@context":"https:\/\/schema.org","@graph":[{"@type":"WebPage","@id":"https:\/\/ionclinics.com\/pt-br\/clausula-complementar-e-mail-da-gerencia-de-contato\/","url":"https:\/\/ionclinics.com\/pt-br\/clausula-complementar-e-mail-da-gerencia-de-contato\/","name":"Cl\u00e1usula Complementar E-mail da Ger\u00eancia de Contato - Ionclinics","isPartOf":{"@id":"https:\/\/ionclinics.com\/pt-br\/#website"},"datePublished":"2023-02-21T10:22:01+00:00","dateModified":"2023-02-28T14:03:48+00:00","breadcrumb":{"@id":"https:\/\/ionclinics.com\/pt-br\/clausula-complementar-e-mail-da-gerencia-de-contato\/#breadcrumb"},"inLanguage":"pt-BR","potentialAction":[{"@type":"ReadAction","target":["https:\/\/ionclinics.com\/pt-br\/clausula-complementar-e-mail-da-gerencia-de-contato\/"]}]},{"@type":"BreadcrumbList","@id":"https:\/\/ionclinics.com\/pt-br\/clausula-complementar-e-mail-da-gerencia-de-contato\/#breadcrumb","itemListElement":[{"@type":"ListItem","position":1,"name":"Home","item":"https:\/\/ionclinics.com\/pt-br\/"},{"@type":"ListItem","position":2,"name":"Cl\u00e1usula Complementar E-mail da Ger\u00eancia de Contato"}]},{"@type":"WebSite","@id":"https:\/\/ionclinics.com\/pt-br\/#website","url":"https:\/\/ionclinics.com\/pt-br\/","name":"Ionclinics","description":"L\u00edderes en neuromodulaci\u00f3n","publisher":{"@id":"https:\/\/ionclinics.com\/pt-br\/#organization"},"alternateName":"Ionclinics","potentialAction":[{"@type":"SearchAction","target":{"@type":"EntryPoint","urlTemplate":"https:\/\/ionclinics.com\/pt-br\/?s={search_term_string}"},"query-input":{"@type":"PropertyValueSpecification","valueRequired":true,"valueName":"search_term_string"}}],"inLanguage":"pt-BR"},{"@type":"Organization","@id":"https:\/\/ionclinics.com\/pt-br\/#organization","name":"Ionclinics","alternateName":"Ionclinics","url":"https:\/\/ionclinics.com\/pt-br\/","logo":{"@type":"ImageObject","inLanguage":"pt-BR","@id":"https:\/\/ionclinics.com\/pt-br\/#\/schema\/logo\/image\/","url":"https:\/\/ionclinics.com\/wp-content\/uploads\/2022\/12\/Logo-Ionclinics-CH.png","contentUrl":"https:\/\/ionclinics.com\/wp-content\/uploads\/2022\/12\/Logo-Ionclinics-CH.png","width":406,"height":126,"caption":"Ionclinics"},"image":{"@id":"https:\/\/ionclinics.com\/pt-br\/#\/schema\/logo\/image\/"}}]}},"_links":{"self":[{"href":"https:\/\/ionclinics.com\/pt-br\/wp-json\/wp\/v2\/pages\/18468","targetHints":{"allow":["GET"]}}],"collection":[{"href":"https:\/\/ionclinics.com\/pt-br\/wp-json\/wp\/v2\/pages"}],"about":[{"href":"https:\/\/ionclinics.com\/pt-br\/wp-json\/wp\/v2\/types\/page"}],"author":[{"embeddable":true,"href":"https:\/\/ionclinics.com\/pt-br\/wp-json\/wp\/v2\/users\/1"}],"replies":[{"embeddable":true,"href":"https:\/\/ionclinics.com\/pt-br\/wp-json\/wp\/v2\/comments?post=18468"}],"version-history":[{"count":1,"href":"https:\/\/ionclinics.com\/pt-br\/wp-json\/wp\/v2\/pages\/18468\/revisions"}],"predecessor-version":[{"id":18469,"href":"https:\/\/ionclinics.com\/pt-br\/wp-json\/wp\/v2\/pages\/18468\/revisions\/18469"}],"wp:attachment":[{"href":"https:\/\/ionclinics.com\/pt-br\/wp-json\/wp\/v2\/media?parent=18468"}],"curies":[{"name":"wp","href":"https:\/\/api.w.org\/{rel}","templated":true}]}}