{"id":18466,"date":"2023-01-23T09:33:26","date_gmt":"2023-01-23T07:33:26","guid":{"rendered":"https:\/\/ionclinics.com\/aviso-legal-2\/"},"modified":"2023-04-13T09:29:44","modified_gmt":"2023-04-13T09:29:44","slug":"aviso-legal","status":"publish","type":"page","link":"https:\/\/ionclinics.com\/pt-br\/aviso-legal\/","title":{"rendered":"Aviso Legal"},"content":{"rendered":"\t\t<div data-elementor-type=\"wp-page\" data-elementor-id=\"18466\" class=\"elementor elementor-18466\" data-elementor-post-type=\"page\">\n\t\t\t\t\t\t<section class=\"elementor-section elementor-top-section elementor-element elementor-element-47fa96c elementor-section-boxed elementor-section-height-default elementor-section-height-default\" data-id=\"47fa96c\" data-element_type=\"section\" data-e-type=\"section\" data-settings=\"{&quot;background_background&quot;:&quot;classic&quot;}\">\n\t\t\t\t\t\t<div class=\"elementor-container elementor-column-gap-default\">\n\t\t\t\t\t<div class=\"elementor-column elementor-col-100 elementor-top-column elementor-element elementor-element-f25d1a3\" data-id=\"f25d1a3\" data-element_type=\"column\" data-e-type=\"column\">\n\t\t\t<div class=\"elementor-widget-wrap elementor-element-populated\">\n\t\t\t\t\t\t<div class=\"elementor-element elementor-element-4b2a9f6 elementor-widget elementor-widget-heading\" data-id=\"4b2a9f6\" data-element_type=\"widget\" data-e-type=\"widget\" data-widget_type=\"heading.default\">\n\t\t\t\t<div class=\"elementor-widget-container\">\n\t\t\t\t\t<h1 class=\"elementor-heading-title elementor-size-default\">Aviso legal<\/h1>\t\t\t\t<\/div>\n\t\t\t\t<\/div>\n\t\t\t\t\t<\/div>\n\t\t<\/div>\n\t\t\t\t\t<\/div>\n\t\t<\/section>\n\t\t\t\t<section class=\"elementor-section elementor-top-section elementor-element elementor-element-5416dc1 elementor-section-boxed elementor-section-height-default elementor-section-height-default\" data-id=\"5416dc1\" data-element_type=\"section\" data-e-type=\"section\">\n\t\t\t\t\t\t<div class=\"elementor-container elementor-column-gap-no\">\n\t\t\t\t\t<div class=\"elementor-column elementor-col-100 elementor-top-column elementor-element elementor-element-6ab11d9\" data-id=\"6ab11d9\" data-element_type=\"column\" data-e-type=\"column\">\n\t\t\t<div class=\"elementor-widget-wrap elementor-element-populated\">\n\t\t\t\t\t\t<div class=\"elementor-element elementor-element-7cce001 elementor-widget elementor-widget-text-editor\" data-id=\"7cce001\" data-element_type=\"widget\" data-e-type=\"widget\" data-widget_type=\"text-editor.default\">\n\t\t\t\t<div class=\"elementor-widget-container\">\n\t\t\t\t\t\t\t\t\t<h4><strong>1. Identificaci\u00f3n de la raz\u00f3n social<\/strong><\/h4>\n<p>De acuerdo con la Ley 34\/2002 de 11 de julio de servicios de la sociedad de la informaci\u00f3n y de comercio electr\u00f3nico ponemos en su conocimiento los datos sociales de la entidad que ofrece el servicio de www.electrolisisterapeutica.com:<br \/>&#8211; Raz\u00f3n social: IONCLINICS &amp; DEIONIC S.L<br \/>&#8211; Residencia: Espa\u00f1a<br \/>&#8211; Tel\u00e9fonos: 960 606 200<br \/>&#8211; E-mail: info@ionclinics.com<br \/>&#8211; Domicilio: Avenida Antonio Almela N 29 de Alcudia 46250 (Valencia).<br \/>&#8211; N.I.F\/C.I.F.: B98541014<br \/>&#8211; Objeto: Comercializaci\u00f3n de dispositivos de electromedicina y productos relacionados con la salud.<br \/>&#8211; Datos Reg\u00edstrales: Registro Mercantil de Valencia, P\u00e1gina M-107.817, tomo 21.800, Folio 120 Secci\u00f3n 8\u00aa.<\/p>\n<p>IONCLINICS &amp; DEIONIC S.L lleva a cabo la prestaci\u00f3n de este servicio de acuerdo con las siguientes condiciones, aplicables exclusivamente al servicio ofrecido en y a trav\u00e9s de la web \u00abwww.electrolisisterapeutica.com\u00bb (en adelante \u00abLA WEB\u00ab). Cualquier otro canal de comercializaci\u00f3n o difusi\u00f3n puede implicar cambios respecto de estas condiciones.<br \/>Puede ponerse en contacto con IONCLINICS &amp; DEIONIC S.L<span style=\"color: #b42864;\"><br \/>&#8211; Postal: Avda. Antonio Almela, 29, de L\u2019Alcudia, Valencia<br \/>&#8211; Tel\u00e9fono 960 606 200<br \/>&#8211; Formulario de contacto<br \/>&#8211; Email: info@ionclinics.com<\/span><\/p>\n\t\t\t\t\t\t\t\t<\/div>\n\t\t\t\t<\/div>\n\t\t\t\t\t<\/div>\n\t\t<\/div>\n\t\t\t\t\t<\/div>\n\t\t<\/section>\n\t\t\t\t<section class=\"elementor-section elementor-top-section elementor-element elementor-element-a0d5fb3 elementor-section-boxed elementor-section-height-default elementor-section-height-default\" data-id=\"a0d5fb3\" data-element_type=\"section\" data-e-type=\"section\">\n\t\t\t\t\t\t<div class=\"elementor-container elementor-column-gap-no\">\n\t\t\t\t\t<div class=\"elementor-column elementor-col-100 elementor-top-column elementor-element elementor-element-721ce71\" data-id=\"721ce71\" data-element_type=\"column\" data-e-type=\"column\">\n\t\t\t<div class=\"elementor-widget-wrap elementor-element-populated\">\n\t\t\t\t\t\t<div class=\"elementor-element elementor-element-9e2f4c9 elementor-widget elementor-widget-text-editor\" data-id=\"9e2f4c9\" data-element_type=\"widget\" data-e-type=\"widget\" data-widget_type=\"text-editor.default\">\n\t\t\t\t<div class=\"elementor-widget-container\">\n\t\t\t\t\t\t\t\t\t<h4><strong>2. Informaci\u00f3n general<\/strong><\/h4>\n<p>Estas condiciones generales regulan el uso del servicio de \u00abLA WEB\u00bb cuyo titular es IONCLINICS &amp; DEIONIC S.L disponible de forma gratuita para los usuarios de Internet y su visualizaci\u00f3n no requiere de previa suscripci\u00f3n o registro alguno. No obstante, la contrataci\u00f3n de determinados servicios o productos s\u00ed requiere el registro del Usuario en la Web. La utilizaci\u00f3n de \u00abLA WEB\u00bb le atribuye la condici\u00f3n de usuario y supone la aceptaci\u00f3n plena y sin reservas por el Usuario de todas y cada una de las Condiciones Generales en la versi\u00f3n publicada por IONCLINICS &amp; DEIONIC S.L en el momento mismo en que el Usuario acceda a \u00abLA WEB\u00ab, as\u00ed como de nuestra pol\u00edtica de privacidad y tratamiento de datos personales. El Usuario debe leer atentamente las Condiciones Generales en cada una de las ocasiones en que se proponga utilizar \u00abLA WEB\u00ab. Asimismo, la utilizaci\u00f3n del Servicio se encuentra sometida igualmente a todos los avisos, reglamentos de uso e instrucciones puestos en conocimiento del Usuario por IONCLINICS &amp; DEIONIC S.L previsto en estas Condiciones Generales en cuanto no se opongan a ellas.<br \/>El Usuario registrado podr\u00e1 en todo momento darse de baja de forma autom\u00e1tica como Usuario de\u00bbLA WEB\u00ab, sin que dicha decisi\u00f3n pueda tener car\u00e1cter retroactivo, por Internet o por tel\u00e9fono en el n\u00famero 960 606 200 o por correo electr\u00f3nico a la direcci\u00f3n info@ionclinics.com<br \/>IONCLINICS &amp; DEIONIC, S.L se reserva el derecho a denegar o retirar el acceso a \u00abLA WEB\u00ab, en cualquier momento y sin necesidad de pre-aviso, a aquellos Usuarios que incumplan las presentes Condiciones Generales, as\u00ed como las Condiciones Particulares que resulten de aplicaci\u00f3n.<\/p>\n\t\t\t\t\t\t\t\t<\/div>\n\t\t\t\t<\/div>\n\t\t\t\t\t<\/div>\n\t\t<\/div>\n\t\t\t\t\t<\/div>\n\t\t<\/section>\n\t\t\t\t<section class=\"elementor-section elementor-top-section elementor-element elementor-element-bc95f46 elementor-section-boxed elementor-section-height-default elementor-section-height-default\" data-id=\"bc95f46\" data-element_type=\"section\" data-e-type=\"section\">\n\t\t\t\t\t\t<div class=\"elementor-container elementor-column-gap-no\">\n\t\t\t\t\t<div class=\"elementor-column elementor-col-100 elementor-top-column elementor-element elementor-element-ba8c0ac\" data-id=\"ba8c0ac\" data-element_type=\"column\" data-e-type=\"column\">\n\t\t\t<div class=\"elementor-widget-wrap elementor-element-populated\">\n\t\t\t\t\t\t<div class=\"elementor-element elementor-element-d8eb53b elementor-widget elementor-widget-text-editor\" data-id=\"d8eb53b\" data-element_type=\"widget\" data-e-type=\"widget\" data-widget_type=\"text-editor.default\">\n\t\t\t\t<div class=\"elementor-widget-container\">\n\t\t\t\t\t\t\t\t\t<h4><strong>3. Usuarios<\/strong><\/h4>\n<p>\u00abLA WEB\u00bb tiene como finalidad ofrecer sus productos y servicios tanto a profesionales y empresarios (distribuidores, comerciantes al por menor, etc.) como a consumidores finales a trav\u00e9s de Internet.<br \/>El acceso a la \u00abLA WEB\u00ab, a\u00fan abierto a todo el mundo, solo est\u00e1 destinado a personas jur\u00eddicas y a personas f\u00edsicas de 18 a\u00f1os, con plena capacidad de contratar, que hayan le\u00eddo y acepten las presentes Condiciones de Uso (este documento puede ser impreso y almacenado por los visitantes y usuarios, constituy\u00e9ndose como integrante de la informaci\u00f3n precontractual) y, en su caso, se registren como usuarios y cumplan con las obligaciones inherentes al uso que realicen de \u00abLA WEB\u00ab.<br \/>Cualquier registro realizado en el que se identifique que el usuario no cumple con las condiciones de participaci\u00f3n (bien, entre otras causas, por minor\u00eda de edad, bien por no aceptar sus condiciones), no se consider\u00e1 v\u00e1lido, por lo que el usuario, aun habiendo facilitado sus datos, no tendr\u00e1 la consideraci\u00f3n de usuario registrado ni sus datos ser\u00e1n almacenados de ninguna manera.<\/p>\n\t\t\t\t\t\t\t\t<\/div>\n\t\t\t\t<\/div>\n\t\t\t\t\t<\/div>\n\t\t<\/div>\n\t\t\t\t\t<\/div>\n\t\t<\/section>\n\t\t\t\t<section class=\"elementor-section elementor-top-section elementor-element elementor-element-4599b03 elementor-section-boxed elementor-section-height-default elementor-section-height-default\" data-id=\"4599b03\" data-element_type=\"section\" data-e-type=\"section\">\n\t\t\t\t\t\t<div class=\"elementor-container elementor-column-gap-no\">\n\t\t\t\t\t<div class=\"elementor-column elementor-col-100 elementor-top-column elementor-element elementor-element-6e31035\" data-id=\"6e31035\" data-element_type=\"column\" data-e-type=\"column\">\n\t\t\t<div class=\"elementor-widget-wrap elementor-element-populated\">\n\t\t\t\t\t\t<div class=\"elementor-element elementor-element-3066303 elementor-widget elementor-widget-text-editor\" data-id=\"3066303\" data-element_type=\"widget\" data-e-type=\"widget\" data-widget_type=\"text-editor.default\">\n\t\t\t\t<div class=\"elementor-widget-container\">\n\t\t\t\t\t\t\t\t\t<h4><strong>4. Descripci\u00f3n del servicio<\/strong><\/h4>\n<p>Mediante \u00abLA WEB\u00ab, IONCLINICS &amp; DEIONIC S.L ofrece un sistema gratuito de informaci\u00f3n sobre productos y servicios vinculados al mundo de la fisioterapia.<br \/>Las descripciones tanto t\u00e9cnica, como gr\u00e1ficas y, hasta cierto punto, incluso comerciales presentadas sobre los productos y servicios descritos en \u00abLA WEB\u00bb derivan de las informaciones facilitadas por los respectivos fabricantes\/proveedores de tales productos o servicios. Por ello, IONCLINICS &amp; DEIONIC S.L necesariamente se exonera de responsabilidad sobre la misma. En este sentido, y tal como se dispone en el apartado quinto, IONCLINICS &amp; DEIONIC S.L ha establecido un canal de comunicaci\u00f3n, sencillo, abierto y gratuito para poder conocer (y as\u00ed poder enmendar o eliminar) cualquier inexactitud que pudiera observarse por parte de visitantes y usuarios.<br \/>La denominaci\u00f3n \u00abEPTE\u00bb es una denominaci\u00f3n comercial y marca registrada, los derechos sobre la cual son ostentados por el IONCLINICS &amp; DEIONIC S.L.<\/p>\n\t\t\t\t\t\t\t\t<\/div>\n\t\t\t\t<\/div>\n\t\t\t\t\t<\/div>\n\t\t<\/div>\n\t\t\t\t\t<\/div>\n\t\t<\/section>\n\t\t\t\t<section class=\"elementor-section elementor-top-section elementor-element elementor-element-f187f04 elementor-section-boxed elementor-section-height-default elementor-section-height-default\" data-id=\"f187f04\" data-element_type=\"section\" data-e-type=\"section\">\n\t\t\t\t\t\t<div class=\"elementor-container elementor-column-gap-no\">\n\t\t\t\t\t<div class=\"elementor-column elementor-col-100 elementor-top-column elementor-element elementor-element-9b5b9f1\" data-id=\"9b5b9f1\" data-element_type=\"column\" data-e-type=\"column\">\n\t\t\t<div class=\"elementor-widget-wrap elementor-element-populated\">\n\t\t\t\t\t\t<div class=\"elementor-element elementor-element-aae5e18 elementor-widget elementor-widget-text-editor\" data-id=\"aae5e18\" data-element_type=\"widget\" data-e-type=\"widget\" data-widget_type=\"text-editor.default\">\n\t\t\t\t<div class=\"elementor-widget-container\">\n\t\t\t\t\t\t\t\t\t<h4><strong>5. Funcionamiento del servicio<\/strong><\/h4>\n<p>\u00abLA WEB\u00bb permite su acceso de manera libre y gratuita (m\u00e1s all\u00e1 de los costes derivados, en su caso, del acceso en Internet), sin necesidad de facilitar dato personal ni contraprestaci\u00f3n ninguna.<br \/>De modo opcional, los usuarios pueden proceder, previa expresa aceptaci\u00f3n de las presentas Condiciones de Uso, a facilitar sus datos personales para ser contactados por IONCLINICS &amp; DEIONIC S.L para ampliar la informaci\u00f3n en \u00abLA WEB\u00bb facilitada y, opcionalmente, iniciar el proceso de contrataci\u00f3n de los productos y\/o servicios expuestos, con las variantes y modalidades que, en su caso, se determinen.<br \/>IONCLINICS &amp; DEIONIC S.L. habilita y pone a disposici\u00f3n de sus usuarios, ya sean empresarios\/profesionales o consumidores finales, otros canales de comunicaci\u00f3n (postal, telef\u00f3nico, presencial) para poder desarrollar y atender cualquier fase del proceso de contrataci\u00f3n, si bien las condiciones podr\u00edan variar en atenci\u00f3n al canal utilizado.<br \/>En ning\u00fan caso, las comunicaciones con los clientes\/usuarios utilizar\u00e1n sistemas de comunicaci\u00f3n de tarificaci\u00f3n adicional<\/p>\n\t\t\t\t\t\t\t\t<\/div>\n\t\t\t\t<\/div>\n\t\t\t\t\t<\/div>\n\t\t<\/div>\n\t\t\t\t\t<\/div>\n\t\t<\/section>\n\t\t\t\t<section class=\"elementor-section elementor-top-section elementor-element elementor-element-4de99ca elementor-section-boxed elementor-section-height-default elementor-section-height-default\" data-id=\"4de99ca\" data-element_type=\"section\" data-e-type=\"section\">\n\t\t\t\t\t\t<div class=\"elementor-container elementor-column-gap-no\">\n\t\t\t\t\t<div class=\"elementor-column elementor-col-100 elementor-top-column elementor-element elementor-element-6849b52\" data-id=\"6849b52\" data-element_type=\"column\" data-e-type=\"column\">\n\t\t\t<div class=\"elementor-widget-wrap elementor-element-populated\">\n\t\t\t\t\t\t<div class=\"elementor-element elementor-element-b712b92 elementor-widget elementor-widget-text-editor\" data-id=\"b712b92\" data-element_type=\"widget\" data-e-type=\"widget\" data-widget_type=\"text-editor.default\">\n\t\t\t\t<div class=\"elementor-widget-container\">\n\t\t\t\t\t\t\t\t\t<h4><strong>6. Condiciones generales<\/strong><\/h4>\n<p>Con car\u00e1cter general, el Usuario se obliga al cumplimiento de las presentes condiciones y t\u00e9rminos de uso, y obrar siempre conforme a la ley, a las buenas costumbres y a las exigencias de la buena fe, empleando la diligencia adecuada a la naturaleza del servicio del que disfruta, absteni\u00e9ndose de utilizar el sitio \u00abLA WEB\u00ab, de cualquier forma que pueda impedir, da\u00f1ar o deteriorar el normal funcionamiento del mismo, los bienes o derechos IONCLINICS &amp; DEIONIC S.L., del resto de Usuarios o en general de cualquier tercero.<br \/>En particular, y sin que ello implique restricci\u00f3n alguna a la obligaci\u00f3n asumida por el Usuario con car\u00e1cter general de conformidad con el apartado anterior, el Usuario se obliga, en la utilizaci\u00f3n de \u00abLA WEB\u00bb a:<br \/>No introducir, almacenar o difundir en o desde el sitio web, cualquier informaci\u00f3n o material que fuera difamatorio, injurioso, obsceno, amenazador, xen\u00f3fobo, incite a la violencia a la discriminaci\u00f3n por raz\u00f3n de raza, sexo, ideolog\u00eda, religi\u00f3n o que de cualquier forma atente contra la moral, el orden p\u00fablico, los derechos fundamentales y las libertades p\u00fablicas, el honor, la intimidad o la imagen de terceros y en general la normativa vigente.<br \/>No introducir, almacenar o difundir mediante el sitio web ning\u00fan programa de ordenador, datos, virus, c\u00f3digo, equipo de hardware o de telecomunicaciones o cualquier otro instrumento o dispositivo electr\u00f3nico o f\u00edsico que sea susceptible de causar da\u00f1os en el sitio web, en cualquiera de los servicios, o en cualquiera de los equipos, sistemas o redes de IONCLINICS &amp; DEIONIC S.L., de cualquier Usuario, o en general de cualquier tercero. O que de cualquier otra forma sea capaz de causarles cualquier tipo de alteraci\u00f3n o impedir el normal funcionamiento de los mismos.<br \/>El Usuario debe de custodiar adecuadamente el \u00abNombre de Usuario\u00bb y la \u00abContrase\u00f1a\u00bb que le sea facilitada por IONCLINICS &amp; DEIONIC S.L., como elementos identificadores y habilitadores para el acceso a los distintos servicios ofrecidos en el sitio Web, comprometi\u00e9ndose a no ceder su uso ni a permitir el acceso a ellos de terceros, asumiendo la responsabilidad por los da\u00f1os y perjuicios que pudieran derivarse de un uso indebido de los mismos. Se recomienda la utilizaci\u00f3n de contrase\u00f1as robustas y complejas para que no sea f\u00e1cilmente inteligible. Asimismo, se recomienda la utilizaci\u00f3n de caracteres alfab\u00e9ticos y num\u00e9ricos para la contrase\u00f1a. El Usuario responder\u00e1 de los gastos y de los da\u00f1os y perjuicios ocasionados por la utilizaci\u00f3n de los Servicios por cualquier tercero que emplee al efecto su\/s contrase\u00f1a\/s y nombre\/s de usuario\/s gracias a una utilizaci\u00f3n no diligente o a la p\u00e9rdida de los mismos por el Usuario<\/p>\n\t\t\t\t\t\t\t\t<\/div>\n\t\t\t\t<\/div>\n\t\t\t\t\t<\/div>\n\t\t<\/div>\n\t\t\t\t\t<\/div>\n\t\t<\/section>\n\t\t\t\t<\/div>\n\t\t","protected":false},"excerpt":{"rendered":"<p>Aviso legal 1. Identificaci\u00f3n de la raz\u00f3n social De acuerdo con la Ley 34\/2002 de 11 de julio de servicios de la sociedad de la informaci\u00f3n y de comercio electr\u00f3nico ponemos en su conocimiento los datos sociales de la entidad que ofrece el servicio de www.electrolisisterapeutica.com:&#8211; Raz\u00f3n social: IONCLINICS &amp; DEIONIC S.L&#8211; Residencia: Espa\u00f1a&#8211; Tel\u00e9fonos: [&hellip;]<\/p>\n","protected":false},"author":1,"featured_media":0,"parent":0,"menu_order":0,"comment_status":"closed","ping_status":"closed","template":"","meta":{"_acf_changed":false,"footnotes":""},"class_list":["post-18466","page","type-page","status-publish","hentry"],"acf":[],"yoast_head":"<!-- This site is optimized with the Yoast SEO plugin v27.4 - https:\/\/yoast.com\/product\/yoast-seo-wordpress\/ -->\n<title>Aviso Legal - Ionclinics<\/title>\n<meta name=\"robots\" content=\"noindex, follow\" \/>\n<meta property=\"og:locale\" content=\"pt_BR\" \/>\n<meta property=\"og:type\" content=\"article\" \/>\n<meta property=\"og:title\" content=\"Aviso Legal - Ionclinics\" \/>\n<meta property=\"og:description\" content=\"Aviso legal 1. Identificaci\u00f3n de la raz\u00f3n social De acuerdo con la Ley 34\/2002 de 11 de julio de servicios de la sociedad de la informaci\u00f3n y de comercio electr\u00f3nico ponemos en su conocimiento los datos sociales de la entidad que ofrece el servicio de www.electrolisisterapeutica.com:&#8211; Raz\u00f3n social: IONCLINICS &amp; DEIONIC S.L&#8211; Residencia: Espa\u00f1a&#8211; Tel\u00e9fonos: [&hellip;]\" \/>\n<meta property=\"og:url\" content=\"https:\/\/ionclinics.com\/pt-br\/aviso-legal\/\" \/>\n<meta property=\"og:site_name\" content=\"Ionclinics\" \/>\n<meta property=\"article:modified_time\" content=\"2023-04-13T09:29:44+00:00\" \/>\n<meta property=\"og:image\" content=\"https:\/\/ionclinics.com\/wp-content\/uploads\/2023\/02\/Logos-epte-08-min.png\" \/>\n\t<meta property=\"og:image:width\" content=\"2017\" \/>\n\t<meta property=\"og:image:height\" content=\"1826\" \/>\n\t<meta property=\"og:image:type\" content=\"image\/png\" \/>\n<meta name=\"twitter:card\" content=\"summary_large_image\" \/>\n<meta name=\"twitter:label1\" content=\"Est. tempo de leitura\" \/>\n\t<meta name=\"twitter:data1\" content=\"7 minutos\" \/>\n<script type=\"application\/ld+json\" class=\"yoast-schema-graph\">{\"@context\":\"https:\\\/\\\/schema.org\",\"@graph\":[{\"@type\":\"WebPage\",\"@id\":\"https:\\\/\\\/ionclinics.com\\\/pt-br\\\/aviso-legal\\\/\",\"url\":\"https:\\\/\\\/ionclinics.com\\\/pt-br\\\/aviso-legal\\\/\",\"name\":\"Aviso Legal - Ionclinics\",\"isPartOf\":{\"@id\":\"https:\\\/\\\/ionclinics.com\\\/pt-br\\\/#website\"},\"datePublished\":\"2023-01-23T07:33:26+00:00\",\"dateModified\":\"2023-04-13T09:29:44+00:00\",\"breadcrumb\":{\"@id\":\"https:\\\/\\\/ionclinics.com\\\/pt-br\\\/aviso-legal\\\/#breadcrumb\"},\"inLanguage\":\"pt-BR\",\"potentialAction\":[{\"@type\":\"ReadAction\",\"target\":[\"https:\\\/\\\/ionclinics.com\\\/pt-br\\\/aviso-legal\\\/\"]}]},{\"@type\":\"BreadcrumbList\",\"@id\":\"https:\\\/\\\/ionclinics.com\\\/pt-br\\\/aviso-legal\\\/#breadcrumb\",\"itemListElement\":[{\"@type\":\"ListItem\",\"position\":1,\"name\":\"Home\",\"item\":\"https:\\\/\\\/ionclinics.com\\\/pt-br\\\/\"},{\"@type\":\"ListItem\",\"position\":2,\"name\":\"Aviso Legal\"}]},{\"@type\":\"WebSite\",\"@id\":\"https:\\\/\\\/ionclinics.com\\\/pt-br\\\/#website\",\"url\":\"https:\\\/\\\/ionclinics.com\\\/pt-br\\\/\",\"name\":\"Ionclinics\",\"description\":\"L\u00edderes en neuromodulaci\u00f3n\",\"publisher\":{\"@id\":\"https:\\\/\\\/ionclinics.com\\\/pt-br\\\/#organization\"},\"alternateName\":\"Ionclinics\",\"potentialAction\":[{\"@type\":\"SearchAction\",\"target\":{\"@type\":\"EntryPoint\",\"urlTemplate\":\"https:\\\/\\\/ionclinics.com\\\/pt-br\\\/?s={search_term_string}\"},\"query-input\":{\"@type\":\"PropertyValueSpecification\",\"valueRequired\":true,\"valueName\":\"search_term_string\"}}],\"inLanguage\":\"pt-BR\"},{\"@type\":\"Organization\",\"@id\":\"https:\\\/\\\/ionclinics.com\\\/pt-br\\\/#organization\",\"name\":\"Ionclinics\",\"alternateName\":\"Ionclinics\",\"url\":\"https:\\\/\\\/ionclinics.com\\\/pt-br\\\/\",\"logo\":{\"@type\":\"ImageObject\",\"inLanguage\":\"pt-BR\",\"@id\":\"https:\\\/\\\/ionclinics.com\\\/pt-br\\\/#\\\/schema\\\/logo\\\/image\\\/\",\"url\":\"https:\\\/\\\/ionclinics.com\\\/wp-content\\\/uploads\\\/2022\\\/12\\\/Logo-Ionclinics-CH.png\",\"contentUrl\":\"https:\\\/\\\/ionclinics.com\\\/wp-content\\\/uploads\\\/2022\\\/12\\\/Logo-Ionclinics-CH.png\",\"width\":406,\"height\":126,\"caption\":\"Ionclinics\"},\"image\":{\"@id\":\"https:\\\/\\\/ionclinics.com\\\/pt-br\\\/#\\\/schema\\\/logo\\\/image\\\/\"}}]}<\/script>\n<!-- \/ Yoast SEO plugin. -->","yoast_head_json":{"title":"Aviso Legal - Ionclinics","robots":{"index":"noindex","follow":"follow"},"og_locale":"pt_BR","og_type":"article","og_title":"Aviso Legal - Ionclinics","og_description":"Aviso legal 1. Identificaci\u00f3n de la raz\u00f3n social De acuerdo con la Ley 34\/2002 de 11 de julio de servicios de la sociedad de la informaci\u00f3n y de comercio electr\u00f3nico ponemos en su conocimiento los datos sociales de la entidad que ofrece el servicio de www.electrolisisterapeutica.com:&#8211; Raz\u00f3n social: IONCLINICS &amp; DEIONIC S.L&#8211; Residencia: Espa\u00f1a&#8211; Tel\u00e9fonos: [&hellip;]","og_url":"https:\/\/ionclinics.com\/pt-br\/aviso-legal\/","og_site_name":"Ionclinics","article_modified_time":"2023-04-13T09:29:44+00:00","og_image":[{"width":2017,"height":1826,"url":"https:\/\/ionclinics.com\/wp-content\/uploads\/2023\/02\/Logos-epte-08-min.png","type":"image\/png"}],"twitter_card":"summary_large_image","twitter_misc":{"Est. tempo de leitura":"7 minutos"},"schema":{"@context":"https:\/\/schema.org","@graph":[{"@type":"WebPage","@id":"https:\/\/ionclinics.com\/pt-br\/aviso-legal\/","url":"https:\/\/ionclinics.com\/pt-br\/aviso-legal\/","name":"Aviso Legal - Ionclinics","isPartOf":{"@id":"https:\/\/ionclinics.com\/pt-br\/#website"},"datePublished":"2023-01-23T07:33:26+00:00","dateModified":"2023-04-13T09:29:44+00:00","breadcrumb":{"@id":"https:\/\/ionclinics.com\/pt-br\/aviso-legal\/#breadcrumb"},"inLanguage":"pt-BR","potentialAction":[{"@type":"ReadAction","target":["https:\/\/ionclinics.com\/pt-br\/aviso-legal\/"]}]},{"@type":"BreadcrumbList","@id":"https:\/\/ionclinics.com\/pt-br\/aviso-legal\/#breadcrumb","itemListElement":[{"@type":"ListItem","position":1,"name":"Home","item":"https:\/\/ionclinics.com\/pt-br\/"},{"@type":"ListItem","position":2,"name":"Aviso Legal"}]},{"@type":"WebSite","@id":"https:\/\/ionclinics.com\/pt-br\/#website","url":"https:\/\/ionclinics.com\/pt-br\/","name":"Ionclinics","description":"L\u00edderes en neuromodulaci\u00f3n","publisher":{"@id":"https:\/\/ionclinics.com\/pt-br\/#organization"},"alternateName":"Ionclinics","potentialAction":[{"@type":"SearchAction","target":{"@type":"EntryPoint","urlTemplate":"https:\/\/ionclinics.com\/pt-br\/?s={search_term_string}"},"query-input":{"@type":"PropertyValueSpecification","valueRequired":true,"valueName":"search_term_string"}}],"inLanguage":"pt-BR"},{"@type":"Organization","@id":"https:\/\/ionclinics.com\/pt-br\/#organization","name":"Ionclinics","alternateName":"Ionclinics","url":"https:\/\/ionclinics.com\/pt-br\/","logo":{"@type":"ImageObject","inLanguage":"pt-BR","@id":"https:\/\/ionclinics.com\/pt-br\/#\/schema\/logo\/image\/","url":"https:\/\/ionclinics.com\/wp-content\/uploads\/2022\/12\/Logo-Ionclinics-CH.png","contentUrl":"https:\/\/ionclinics.com\/wp-content\/uploads\/2022\/12\/Logo-Ionclinics-CH.png","width":406,"height":126,"caption":"Ionclinics"},"image":{"@id":"https:\/\/ionclinics.com\/pt-br\/#\/schema\/logo\/image\/"}}]}},"_links":{"self":[{"href":"https:\/\/ionclinics.com\/pt-br\/wp-json\/wp\/v2\/pages\/18466","targetHints":{"allow":["GET"]}}],"collection":[{"href":"https:\/\/ionclinics.com\/pt-br\/wp-json\/wp\/v2\/pages"}],"about":[{"href":"https:\/\/ionclinics.com\/pt-br\/wp-json\/wp\/v2\/types\/page"}],"author":[{"embeddable":true,"href":"https:\/\/ionclinics.com\/pt-br\/wp-json\/wp\/v2\/users\/1"}],"replies":[{"embeddable":true,"href":"https:\/\/ionclinics.com\/pt-br\/wp-json\/wp\/v2\/comments?post=18466"}],"version-history":[{"count":5,"href":"https:\/\/ionclinics.com\/pt-br\/wp-json\/wp\/v2\/pages\/18466\/revisions"}],"predecessor-version":[{"id":20934,"href":"https:\/\/ionclinics.com\/pt-br\/wp-json\/wp\/v2\/pages\/18466\/revisions\/20934"}],"wp:attachment":[{"href":"https:\/\/ionclinics.com\/pt-br\/wp-json\/wp\/v2\/media?parent=18466"}],"curies":[{"name":"wp","href":"https:\/\/api.w.org\/{rel}","templated":true}]}}