{"id":18464,"date":"2023-01-03T18:21:39","date_gmt":"2023-01-03T16:21:39","guid":{"rendered":"https:\/\/ionclinics.com\/servico-tecnico\/"},"modified":"2025-09-11T08:57:53","modified_gmt":"2025-09-11T06:57:53","slug":"servico-tecnico","status":"publish","type":"page","link":"https:\/\/ionclinics.com\/pt-br\/servico-tecnico\/","title":{"rendered":"SERVI\u00c7O T\u00c9CNICO"},"content":{"rendered":"\t\t<div data-elementor-type=\"wp-page\" data-elementor-id=\"18464\" class=\"elementor elementor-18464\" data-elementor-post-type=\"page\">\n\t\t\t\t\t\t<section class=\"elementor-section elementor-top-section elementor-element elementor-element-3a09aa2 elementor-section-boxed elementor-section-height-default elementor-section-height-default\" data-id=\"3a09aa2\" data-element_type=\"section\" data-e-type=\"section\" data-settings=\"{&quot;background_background&quot;:&quot;classic&quot;}\">\n\t\t\t\t\t\t<div class=\"elementor-container elementor-column-gap-no\">\n\t\t\t\t\t<div class=\"elementor-column elementor-col-50 elementor-top-column elementor-element elementor-element-e472bf5\" data-id=\"e472bf5\" data-element_type=\"column\" data-e-type=\"column\">\n\t\t\t<div class=\"elementor-widget-wrap elementor-element-populated\">\n\t\t\t\t\t\t<div class=\"elementor-element elementor-element-c6e111f elementor-widget elementor-widget-heading\" data-id=\"c6e111f\" data-element_type=\"widget\" data-e-type=\"widget\" data-widget_type=\"heading.default\">\n\t\t\t\t<div class=\"elementor-widget-container\">\n\t\t\t\t\t<h1 class=\"elementor-heading-title elementor-size-default\">SERVI\u00c7O T\u00c9CNICO<\/h1>\t\t\t\t<\/div>\n\t\t\t\t<\/div>\n\t\t\t\t<div class=\"elementor-element elementor-element-0a7af69 elementor-widget elementor-widget-text-editor\" data-id=\"0a7af69\" data-element_type=\"widget\" data-e-type=\"widget\" data-widget_type=\"text-editor.default\">\n\t\t\t\t<div class=\"elementor-widget-container\">\n\t\t\t\t\t\t\t\t\t<p>Nossa equipe t\u00e9cnica est\u00e1 \u00e0 sua disposi\u00e7\u00e3o. <\/p>\n\t\t\t\t\t\t\t\t<\/div>\n\t\t\t\t<\/div>\n\t\t\t\t\t<\/div>\n\t\t<\/div>\n\t\t\t\t<div class=\"elementor-column elementor-col-50 elementor-top-column elementor-element elementor-element-5f844bf\" data-id=\"5f844bf\" data-element_type=\"column\" data-e-type=\"column\">\n\t\t\t<div class=\"elementor-widget-wrap elementor-element-populated\">\n\t\t\t\t\t\t<div class=\"elementor-element elementor-element-be4f640 elementor-widget elementor-widget-heading\" data-id=\"be4f640\" data-element_type=\"widget\" data-e-type=\"widget\" data-widget_type=\"heading.default\">\n\t\t\t\t<div class=\"elementor-widget-container\">\n\t\t\t\t\t<h2 class=\"elementor-heading-title elementor-size-default\"><b>N\u00e3o hesite em nos contatar em caso de qualquer incidente.<b><\/h2>\t\t\t\t<\/div>\n\t\t\t\t<\/div>\n\t\t\t\t<div class=\"elementor-element elementor-element-6f4238c elementor-widget elementor-widget-heading\" data-id=\"6f4238c\" data-element_type=\"widget\" data-e-type=\"widget\" data-widget_type=\"heading.default\">\n\t\t\t\t<div class=\"elementor-widget-container\">\n\t\t\t\t\t<h2 class=\"elementor-heading-title elementor-size-default\">Preencha o seguinte formul\u00e1rio e um de nossos t\u00e9cnicos entrar\u00e1 em contato com voc\u00ea o mais r\u00e1pido poss\u00edvel.<\/h2>\t\t\t\t<\/div>\n\t\t\t\t<\/div>\n\t\t\t\t\t<\/div>\n\t\t<\/div>\n\t\t\t\t\t<\/div>\n\t\t<\/section>\n\t\t\t\t<section class=\"elementor-section elementor-top-section elementor-element elementor-element-204fb44 elementor-section-boxed elementor-section-height-default elementor-section-height-default\" data-id=\"204fb44\" data-element_type=\"section\" data-e-type=\"section\" data-settings=\"{&quot;background_background&quot;:&quot;classic&quot;}\">\n\t\t\t\t\t\t<div class=\"elementor-container elementor-column-gap-no\">\n\t\t\t\t\t<div class=\"elementor-column elementor-col-50 elementor-top-column elementor-element elementor-element-95f3619\" data-id=\"95f3619\" data-element_type=\"column\" data-e-type=\"column\">\n\t\t\t<div class=\"elementor-widget-wrap\">\n\t\t\t\t\t\t\t<\/div>\n\t\t<\/div>\n\t\t\t\t<div class=\"elementor-column elementor-col-50 elementor-top-column elementor-element elementor-element-817fc46\" data-id=\"817fc46\" data-element_type=\"column\" data-e-type=\"column\">\n\t\t\t<div class=\"elementor-widget-wrap elementor-element-populated\">\n\t\t\t\t\t\t<div class=\"elementor-element elementor-element-abe5f24 elementor-widget elementor-widget-wpforms\" data-id=\"abe5f24\" data-element_type=\"widget\" data-e-type=\"widget\" data-widget_type=\"wpforms.default\">\n\t\t\t\t<div class=\"elementor-widget-container\">\n\t\t\t\t\t<div class=\"wpforms-container wpforms-container-full\" id=\"wpforms-18625\"><form id=\"wpforms-form-18625\" class=\"wpforms-validate wpforms-form wpforms-ajax-form\" data-formid=\"18625\" method=\"post\" enctype=\"multipart\/form-data\" action=\"\/pt-br\/wp-json\/wp\/v2\/pages\/18464\" data-token=\"b55dad8b9e02aee7acb0411627e30f13\" data-token-time=\"1776220599\"><noscript class=\"wpforms-error-noscript\">Ative o JavaScript no seu navegador para preencher este formul\u00e1rio.<\/noscript><div class=\"wpforms-field-container\"><div id=\"wpforms-18625-field_6-container\" class=\"wpforms-field wpforms-field-layout\" data-field-id=\"6\"><div class=\"wpforms-field-layout-columns wpforms-field-layout-preset-50-50\"><div class=\"wpforms-layout-column wpforms-layout-column-50\" ><div id=\"wpforms-18625-field_12-container\" class=\"wpforms-field wpforms-field-name\" data-field-id=\"12\"><label class=\"wpforms-field-label wpforms-label-hide\" for=\"wpforms-18625-field_12\">Nome <span class=\"wpforms-required-label\">*<\/span><\/label><input type=\"text\" id=\"wpforms-18625-field_12\" class=\"wpforms-field-medium wpforms-field-required\" name=\"wpforms[fields][12]\" placeholder=\"NOME\" required><\/div><\/div><div class=\"wpforms-layout-column wpforms-layout-column-50\" ><div id=\"wpforms-18625-field_13-container\" class=\"wpforms-field wpforms-field-name\" data-field-id=\"13\"><label class=\"wpforms-field-label wpforms-label-hide\" for=\"wpforms-18625-field_13\">Sobrenome <span class=\"wpforms-required-label\">*<\/span><\/label><input type=\"text\" id=\"wpforms-18625-field_13\" class=\"wpforms-field-medium wpforms-field-required\" name=\"wpforms[fields][13]\" placeholder=\"SOBRENOME\" required><\/div><\/div><\/div><\/div><div id=\"wpforms-18625-field_32-container\" class=\"wpforms-field wpforms-field-layout\" data-field-id=\"32\"><div class=\"wpforms-field-layout-columns wpforms-field-layout-preset-50-50\"><div class=\"wpforms-layout-column wpforms-layout-column-50\" ><div id=\"wpforms-18625-field_33-container\" class=\"wpforms-field wpforms-field-phone\" data-field-id=\"33\"><label class=\"wpforms-field-label wpforms-label-hide\" for=\"wpforms-18625-field_33\">Telefone<\/label><input type=\"tel\" id=\"wpforms-18625-field_33\" class=\"wpforms-field-medium wpforms-smart-phone-field\" data-rule-smart-phone-field=\"true\" name=\"wpforms[fields][33]\" placeholder=\"TELEFONE\" aria-label=\"Telefone\" ><\/div><\/div><div class=\"wpforms-layout-column wpforms-layout-column-50\" ><div id=\"wpforms-18625-field_34-container\" class=\"wpforms-field wpforms-field-email\" data-field-id=\"34\"><label class=\"wpforms-field-label wpforms-label-hide\" for=\"wpforms-18625-field_34\">Email  <span class=\"wpforms-required-label\">*<\/span><\/label><input type=\"email\" id=\"wpforms-18625-field_34\" class=\"wpforms-field-medium wpforms-field-required\" name=\"wpforms[fields][34]\" placeholder=\"EMAIL\" spellcheck=\"false\" required><\/div><\/div><\/div><\/div><div id=\"wpforms-18625-field_27-container\" class=\"wpforms-field wpforms-field-layout\" data-field-id=\"27\"><div class=\"wpforms-field-layout-columns wpforms-field-layout-preset-50-50\"><div class=\"wpforms-layout-column wpforms-layout-column-50\" ><div id=\"wpforms-18625-field_35-container\" class=\"wpforms-field wpforms-field-select wpforms-field-select-style-classic\" data-field-id=\"35\"><label class=\"wpforms-field-label wpforms-label-hide\" for=\"wpforms-18625-field_35\">DISPOSITIVO<\/label><select id=\"wpforms-18625-field_35\" class=\"wpforms-field-medium\" name=\"wpforms[fields][35]\"><option value=\"\" class=\"placeholder\" disabled  selected='selected'>DEVICE<\/option><option value=\"Epte System\"  class=\"choice-1 depth-1\"  >Epte System<\/option><option value=\"Epte Bipolar System\"  class=\"choice-2 depth-1\"  >Epte Bipolar System<\/option><option value=\"Other\"  class=\"choice-3 depth-1\"  >Other<\/option><\/select><\/div><\/div><div class=\"wpforms-layout-column wpforms-layout-column-50\" ><div id=\"wpforms-18625-field_30-container\" class=\"wpforms-field wpforms-field-email\" data-field-id=\"30\"><label class=\"wpforms-field-label wpforms-label-hide\" for=\"wpforms-18625-field_30\">N\u00daMERO DA S\u00c9RIE <span class=\"wpforms-required-label\">*<\/span><\/label><input type=\"email\" id=\"wpforms-18625-field_30\" class=\"wpforms-field-medium wpforms-field-required\" name=\"wpforms[fields][30]\" placeholder=\"N\u00daMERO DA S\u00c9RIE\" spellcheck=\"false\" required><\/div><\/div><\/div><\/div><div id=\"wpforms-18625-field_21-container\" class=\"wpforms-field wpforms-field-textarea\" data-field-id=\"21\"><label class=\"wpforms-field-label wpforms-label-hide\" for=\"wpforms-18625-field_21\">Mensagem<\/label><textarea id=\"wpforms-18625-field_21\" class=\"wpforms-field-medium\" name=\"wpforms[fields][21]\" placeholder=\"SUA MENSAGEM\" ><\/textarea><\/div><div id=\"wpforms-18625-field_26-container\" class=\"wpforms-field wpforms-field-html\" data-field-id=\"26\"><div id=\"wpforms-18625-field_26\"><p><b>Termos, condi\u00e7\u00f5es e pol\u00edtica de privacidade<\/b> A fim de processar sua inscri\u00e7\u00e3o para o curso de treinamento, precisamos de seus dados pessoais. Leia atentamente as informa\u00e7\u00f5es b\u00e1sicas sobre prote\u00e7\u00e3o de dados e os termos e condi\u00e7\u00f5es de inscri\u00e7\u00e3o, e aceite nossa pol\u00edtica de privacidade, aviso legal e termos e condi\u00e7\u00f5es de inscri\u00e7\u00e3o.\r\n<\/p><\/div><\/div><div id=\"wpforms-18625-field_24-container\" class=\"wpforms-field wpforms-field-checkbox\" data-field-id=\"24\"><label class=\"wpforms-field-label wpforms-label-hide\">Casillas de verificaci\u00f3n<\/label><ul id=\"wpforms-18625-field_24\"><li class=\"choice-1 depth-1\"><input type=\"checkbox\" id=\"wpforms-18625-field_24_1\" name=\"wpforms[fields][24][]\" value=\"Eu li e aceito a &lt;a class=&quot;my-violet&quot; href=&quot;https:\/\/ionclinics.com\/pt-br\/politica-de-privacidade\/&quot; target=&quot;_blank&quot;&gt;pol\u00edtica de privacidade&lt;\/a&gt; e&lt;a class=&quot;my-violet&quot; href=&quot;https:\/\/ionclinics.com\/aviso-legal\/&quot; target=&quot;_blank&quot;&gt;notifica\u00e7\u00e3o legal&lt;\/a&gt; *\"  ><label class=\"wpforms-field-label-inline\" for=\"wpforms-18625-field_24_1\">Eu li e aceito a <a class=\"my-violet\" href=\"https:\/\/ionclinics.com\/pt-br\/politica-de-privacidade\/\" target=\"_blank\">pol\u00edtica de privacidade<\/a> e<a class=\"my-violet\" href=\"https:\/\/ionclinics.com\/aviso-legal\/\" target=\"_blank\">notifica\u00e7\u00e3o legal<\/a> *<\/label><\/li><\/ul><\/div><\/div><!-- .wpforms-field-container --><div class=\"wpforms-recaptcha-container wpforms-is-recaptcha wpforms-is-recaptcha-type-v3\" ><input type=\"hidden\" name=\"wpforms[recaptcha]\" value=\"\"><\/div><div class=\"wpforms-submit-container\" ><input type=\"hidden\" name=\"wpforms[id]\" value=\"18625\"><input type=\"hidden\" name=\"page_title\" value=\"\"><input type=\"hidden\" name=\"page_url\" value=\"https:\/\/ionclinics.com\/pt-br\/wp-json\/wp\/v2\/pages\/18464\"><input type=\"hidden\" name=\"url_referer\" value=\"\"><button type=\"submit\" name=\"wpforms[submit]\" id=\"wpforms-submit-18625\" class=\"wpforms-submit\" data-alt-text=\"Enviando...\" data-submit-text=\"ENVIAR\" aria-live=\"assertive\" value=\"wpforms-submit\">ENVIAR<\/button><img loading=\"lazy\" decoding=\"async\" src=\"https:\/\/ionclinics.com\/wp-content\/plugins\/wpforms\/assets\/images\/submit-spin.svg\" class=\"wpforms-submit-spinner\" style=\"display: none;\" width=\"26\" height=\"26\" alt=\"Carregando\"><\/div><\/form><\/div><!-- .wpforms-container -->\t\t\t\t<\/div>\n\t\t\t\t<\/div>\n\t\t\t\t\t<\/div>\n\t\t<\/div>\n\t\t\t\t\t<\/div>\n\t\t<\/section>\n\t\t\t\t<section class=\"elementor-section elementor-top-section elementor-element elementor-element-2f6fee2 elementor-section-boxed elementor-section-height-default elementor-section-height-default\" data-id=\"2f6fee2\" data-element_type=\"section\" data-e-type=\"section\">\n\t\t\t\t\t\t<div class=\"elementor-container elementor-column-gap-no\">\n\t\t\t\t\t<div class=\"elementor-column elementor-col-50 elementor-top-column elementor-element elementor-element-109bc6a\" data-id=\"109bc6a\" data-element_type=\"column\" data-e-type=\"column\">\n\t\t\t<div class=\"elementor-widget-wrap\">\n\t\t\t\t\t\t\t<\/div>\n\t\t<\/div>\n\t\t\t\t<div class=\"elementor-column elementor-col-50 elementor-top-column elementor-element elementor-element-6b25aca\" data-id=\"6b25aca\" data-element_type=\"column\" data-e-type=\"column\">\n\t\t\t<div class=\"elementor-widget-wrap\">\n\t\t\t\t\t\t\t<\/div>\n\t\t<\/div>\n\t\t\t\t\t<\/div>\n\t\t<\/section>\n\t\t\t\t<\/div>\n\t\t","protected":false},"excerpt":{"rendered":"<p>SERVI\u00c7O T\u00c9CNICO Nossa equipe t\u00e9cnica est\u00e1 \u00e0 sua disposi\u00e7\u00e3o. N\u00e3o hesite em nos contatar em caso de qualquer incidente. Preencha o seguinte formul\u00e1rio e um de nossos t\u00e9cnicos entrar\u00e1 em contato com voc\u00ea o mais r\u00e1pido poss\u00edvel. Please enable JavaScript in your browser to complete this form.Nome *Sobrenome *Telefone Email *DISPOSITIVODEVICEEpte SystemEpte Bipolar SystemOtherN\u00daMERO DA [&hellip;]<\/p>\n","protected":false},"author":1,"featured_media":0,"parent":0,"menu_order":0,"comment_status":"closed","ping_status":"closed","template":"","meta":{"_acf_changed":false,"footnotes":""},"class_list":["post-18464","page","type-page","status-publish","hentry"],"acf":[],"yoast_head":"<!-- This site is optimized with the Yoast SEO plugin v27.3 - https:\/\/yoast.com\/product\/yoast-seo-wordpress\/ -->\n<title>Servi\u00e7o T\u00e9cnico | Ionclinics<\/title>\n<meta name=\"description\" content=\"Entre em contato com o servi\u00e7o t\u00e9cnico da Ionclinics em caso de qualquer incidente, nossos t\u00e9cnicos entrar\u00e3o em contato com voc\u00ea.\" \/>\n<meta name=\"robots\" content=\"index, follow, max-snippet:-1, max-image-preview:large, max-video-preview:-1\" \/>\n<link rel=\"canonical\" href=\"https:\/\/ionclinics.com\/pt-br\/servico-tecnico\/\" \/>\n<meta property=\"og:locale\" content=\"pt_BR\" \/>\n<meta property=\"og:type\" content=\"article\" \/>\n<meta property=\"og:title\" content=\"Servi\u00e7o T\u00e9cnico | Ionclinics\" \/>\n<meta property=\"og:description\" content=\"Entre em contato com o servi\u00e7o t\u00e9cnico da Ionclinics em caso de qualquer incidente, nossos t\u00e9cnicos entrar\u00e3o em contato com voc\u00ea.\" \/>\n<meta property=\"og:url\" content=\"https:\/\/ionclinics.com\/pt-br\/servico-tecnico\/\" \/>\n<meta property=\"og:site_name\" content=\"Ionclinics\" \/>\n<meta property=\"article:modified_time\" content=\"2025-09-11T06:57:53+00:00\" \/>\n<meta property=\"og:image\" content=\"https:\/\/ionclinics.com\/wp-content\/plugins\/wpforms\/assets\/images\/submit-spin.svg\" \/>\n<meta name=\"twitter:card\" content=\"summary_large_image\" \/>\n<meta name=\"twitter:label1\" content=\"Est. tempo de leitura\" \/>\n\t<meta name=\"twitter:data1\" content=\"1 minuto\" \/>\n<script type=\"application\/ld+json\" class=\"yoast-schema-graph\">{\"@context\":\"https:\\\/\\\/schema.org\",\"@graph\":[{\"@type\":\"WebPage\",\"@id\":\"https:\\\/\\\/ionclinics.com\\\/pt-br\\\/servico-tecnico\\\/\",\"url\":\"https:\\\/\\\/ionclinics.com\\\/pt-br\\\/servico-tecnico\\\/\",\"name\":\"Servi\u00e7o T\u00e9cnico | Ionclinics\",\"isPartOf\":{\"@id\":\"https:\\\/\\\/ionclinics.com\\\/pt-br\\\/#website\"},\"primaryImageOfPage\":{\"@id\":\"https:\\\/\\\/ionclinics.com\\\/pt-br\\\/servico-tecnico\\\/#primaryimage\"},\"image\":{\"@id\":\"https:\\\/\\\/ionclinics.com\\\/pt-br\\\/servico-tecnico\\\/#primaryimage\"},\"thumbnailUrl\":\"https:\\\/\\\/ionclinics.com\\\/wp-content\\\/plugins\\\/wpforms\\\/assets\\\/images\\\/submit-spin.svg\",\"datePublished\":\"2023-01-03T16:21:39+00:00\",\"dateModified\":\"2025-09-11T06:57:53+00:00\",\"description\":\"Entre em contato com o servi\u00e7o t\u00e9cnico da Ionclinics em caso de qualquer incidente, nossos t\u00e9cnicos entrar\u00e3o em contato com voc\u00ea.\",\"breadcrumb\":{\"@id\":\"https:\\\/\\\/ionclinics.com\\\/pt-br\\\/servico-tecnico\\\/#breadcrumb\"},\"inLanguage\":\"pt-BR\",\"potentialAction\":[{\"@type\":\"ReadAction\",\"target\":[\"https:\\\/\\\/ionclinics.com\\\/pt-br\\\/servico-tecnico\\\/\"]}]},{\"@type\":\"ImageObject\",\"inLanguage\":\"pt-BR\",\"@id\":\"https:\\\/\\\/ionclinics.com\\\/pt-br\\\/servico-tecnico\\\/#primaryimage\",\"url\":\"https:\\\/\\\/ionclinics.com\\\/wp-content\\\/plugins\\\/wpforms\\\/assets\\\/images\\\/submit-spin.svg\",\"contentUrl\":\"https:\\\/\\\/ionclinics.com\\\/wp-content\\\/plugins\\\/wpforms\\\/assets\\\/images\\\/submit-spin.svg\"},{\"@type\":\"BreadcrumbList\",\"@id\":\"https:\\\/\\\/ionclinics.com\\\/pt-br\\\/servico-tecnico\\\/#breadcrumb\",\"itemListElement\":[{\"@type\":\"ListItem\",\"position\":1,\"name\":\"Home\",\"item\":\"https:\\\/\\\/ionclinics.com\\\/pt-br\\\/\"},{\"@type\":\"ListItem\",\"position\":2,\"name\":\"SERVI\u00c7O T\u00c9CNICO\"}]},{\"@type\":\"WebSite\",\"@id\":\"https:\\\/\\\/ionclinics.com\\\/pt-br\\\/#website\",\"url\":\"https:\\\/\\\/ionclinics.com\\\/pt-br\\\/\",\"name\":\"Ionclinics\",\"description\":\"L\u00edderes en neuromodulaci\u00f3n\",\"publisher\":{\"@id\":\"https:\\\/\\\/ionclinics.com\\\/pt-br\\\/#organization\"},\"alternateName\":\"Ionclinics\",\"potentialAction\":[{\"@type\":\"SearchAction\",\"target\":{\"@type\":\"EntryPoint\",\"urlTemplate\":\"https:\\\/\\\/ionclinics.com\\\/pt-br\\\/?s={search_term_string}\"},\"query-input\":{\"@type\":\"PropertyValueSpecification\",\"valueRequired\":true,\"valueName\":\"search_term_string\"}}],\"inLanguage\":\"pt-BR\"},{\"@type\":\"Organization\",\"@id\":\"https:\\\/\\\/ionclinics.com\\\/pt-br\\\/#organization\",\"name\":\"Ionclinics\",\"alternateName\":\"Ionclinics\",\"url\":\"https:\\\/\\\/ionclinics.com\\\/pt-br\\\/\",\"logo\":{\"@type\":\"ImageObject\",\"inLanguage\":\"pt-BR\",\"@id\":\"https:\\\/\\\/ionclinics.com\\\/pt-br\\\/#\\\/schema\\\/logo\\\/image\\\/\",\"url\":\"https:\\\/\\\/ionclinics.com\\\/wp-content\\\/uploads\\\/2022\\\/12\\\/Logo-Ionclinics-CH.png\",\"contentUrl\":\"https:\\\/\\\/ionclinics.com\\\/wp-content\\\/uploads\\\/2022\\\/12\\\/Logo-Ionclinics-CH.png\",\"width\":406,\"height\":126,\"caption\":\"Ionclinics\"},\"image\":{\"@id\":\"https:\\\/\\\/ionclinics.com\\\/pt-br\\\/#\\\/schema\\\/logo\\\/image\\\/\"}}]}<\/script>\n<!-- \/ Yoast SEO plugin. -->","yoast_head_json":{"title":"Servi\u00e7o T\u00e9cnico | Ionclinics","description":"Entre em contato com o servi\u00e7o t\u00e9cnico da Ionclinics em caso de qualquer incidente, nossos t\u00e9cnicos entrar\u00e3o em contato com voc\u00ea.","robots":{"index":"index","follow":"follow","max-snippet":"max-snippet:-1","max-image-preview":"max-image-preview:large","max-video-preview":"max-video-preview:-1"},"canonical":"https:\/\/ionclinics.com\/pt-br\/servico-tecnico\/","og_locale":"pt_BR","og_type":"article","og_title":"Servi\u00e7o T\u00e9cnico | Ionclinics","og_description":"Entre em contato com o servi\u00e7o t\u00e9cnico da Ionclinics em caso de qualquer incidente, nossos t\u00e9cnicos entrar\u00e3o em contato com voc\u00ea.","og_url":"https:\/\/ionclinics.com\/pt-br\/servico-tecnico\/","og_site_name":"Ionclinics","article_modified_time":"2025-09-11T06:57:53+00:00","og_image":[{"url":"https:\/\/ionclinics.com\/wp-content\/plugins\/wpforms\/assets\/images\/submit-spin.svg","type":"","width":"","height":""}],"twitter_card":"summary_large_image","twitter_misc":{"Est. tempo de leitura":"1 minuto"},"schema":{"@context":"https:\/\/schema.org","@graph":[{"@type":"WebPage","@id":"https:\/\/ionclinics.com\/pt-br\/servico-tecnico\/","url":"https:\/\/ionclinics.com\/pt-br\/servico-tecnico\/","name":"Servi\u00e7o T\u00e9cnico | Ionclinics","isPartOf":{"@id":"https:\/\/ionclinics.com\/pt-br\/#website"},"primaryImageOfPage":{"@id":"https:\/\/ionclinics.com\/pt-br\/servico-tecnico\/#primaryimage"},"image":{"@id":"https:\/\/ionclinics.com\/pt-br\/servico-tecnico\/#primaryimage"},"thumbnailUrl":"https:\/\/ionclinics.com\/wp-content\/plugins\/wpforms\/assets\/images\/submit-spin.svg","datePublished":"2023-01-03T16:21:39+00:00","dateModified":"2025-09-11T06:57:53+00:00","description":"Entre em contato com o servi\u00e7o t\u00e9cnico da Ionclinics em caso de qualquer incidente, nossos t\u00e9cnicos entrar\u00e3o em contato com voc\u00ea.","breadcrumb":{"@id":"https:\/\/ionclinics.com\/pt-br\/servico-tecnico\/#breadcrumb"},"inLanguage":"pt-BR","potentialAction":[{"@type":"ReadAction","target":["https:\/\/ionclinics.com\/pt-br\/servico-tecnico\/"]}]},{"@type":"ImageObject","inLanguage":"pt-BR","@id":"https:\/\/ionclinics.com\/pt-br\/servico-tecnico\/#primaryimage","url":"https:\/\/ionclinics.com\/wp-content\/plugins\/wpforms\/assets\/images\/submit-spin.svg","contentUrl":"https:\/\/ionclinics.com\/wp-content\/plugins\/wpforms\/assets\/images\/submit-spin.svg"},{"@type":"BreadcrumbList","@id":"https:\/\/ionclinics.com\/pt-br\/servico-tecnico\/#breadcrumb","itemListElement":[{"@type":"ListItem","position":1,"name":"Home","item":"https:\/\/ionclinics.com\/pt-br\/"},{"@type":"ListItem","position":2,"name":"SERVI\u00c7O T\u00c9CNICO"}]},{"@type":"WebSite","@id":"https:\/\/ionclinics.com\/pt-br\/#website","url":"https:\/\/ionclinics.com\/pt-br\/","name":"Ionclinics","description":"L\u00edderes en neuromodulaci\u00f3n","publisher":{"@id":"https:\/\/ionclinics.com\/pt-br\/#organization"},"alternateName":"Ionclinics","potentialAction":[{"@type":"SearchAction","target":{"@type":"EntryPoint","urlTemplate":"https:\/\/ionclinics.com\/pt-br\/?s={search_term_string}"},"query-input":{"@type":"PropertyValueSpecification","valueRequired":true,"valueName":"search_term_string"}}],"inLanguage":"pt-BR"},{"@type":"Organization","@id":"https:\/\/ionclinics.com\/pt-br\/#organization","name":"Ionclinics","alternateName":"Ionclinics","url":"https:\/\/ionclinics.com\/pt-br\/","logo":{"@type":"ImageObject","inLanguage":"pt-BR","@id":"https:\/\/ionclinics.com\/pt-br\/#\/schema\/logo\/image\/","url":"https:\/\/ionclinics.com\/wp-content\/uploads\/2022\/12\/Logo-Ionclinics-CH.png","contentUrl":"https:\/\/ionclinics.com\/wp-content\/uploads\/2022\/12\/Logo-Ionclinics-CH.png","width":406,"height":126,"caption":"Ionclinics"},"image":{"@id":"https:\/\/ionclinics.com\/pt-br\/#\/schema\/logo\/image\/"}}]}},"_links":{"self":[{"href":"https:\/\/ionclinics.com\/pt-br\/wp-json\/wp\/v2\/pages\/18464","targetHints":{"allow":["GET"]}}],"collection":[{"href":"https:\/\/ionclinics.com\/pt-br\/wp-json\/wp\/v2\/pages"}],"about":[{"href":"https:\/\/ionclinics.com\/pt-br\/wp-json\/wp\/v2\/types\/page"}],"author":[{"embeddable":true,"href":"https:\/\/ionclinics.com\/pt-br\/wp-json\/wp\/v2\/users\/1"}],"replies":[{"embeddable":true,"href":"https:\/\/ionclinics.com\/pt-br\/wp-json\/wp\/v2\/comments?post=18464"}],"version-history":[{"count":5,"href":"https:\/\/ionclinics.com\/pt-br\/wp-json\/wp\/v2\/pages\/18464\/revisions"}],"predecessor-version":[{"id":30678,"href":"https:\/\/ionclinics.com\/pt-br\/wp-json\/wp\/v2\/pages\/18464\/revisions\/30678"}],"wp:attachment":[{"href":"https:\/\/ionclinics.com\/pt-br\/wp-json\/wp\/v2\/media?parent=18464"}],"curies":[{"name":"wp","href":"https:\/\/api.w.org\/{rel}","templated":true}]}}