{"id":18462,"date":"2023-02-13T18:18:27","date_gmt":"2023-02-13T18:18:27","guid":{"rendered":"https:\/\/ionclinics.com\/formas-de-pagamento\/"},"modified":"2023-02-28T13:49:14","modified_gmt":"2023-02-28T13:49:14","slug":"formas-de-pagamento","status":"publish","type":"page","link":"https:\/\/ionclinics.com\/pt-br\/formas-de-pagamento\/","title":{"rendered":"Formas de pagamento"},"content":{"rendered":"\t\t<div data-elementor-type=\"wp-page\" data-elementor-id=\"18462\" class=\"elementor elementor-18462\" data-elementor-post-type=\"page\">\n\t\t\t\t\t\t<section class=\"elementor-section elementor-top-section elementor-element elementor-element-47fa96c elementor-section-boxed elementor-section-height-default elementor-section-height-default\" data-id=\"47fa96c\" data-element_type=\"section\" data-e-type=\"section\" data-settings=\"{&quot;background_background&quot;:&quot;classic&quot;}\">\n\t\t\t\t\t\t<div class=\"elementor-container elementor-column-gap-default\">\n\t\t\t\t\t<div class=\"elementor-column elementor-col-100 elementor-top-column elementor-element elementor-element-f25d1a3\" data-id=\"f25d1a3\" data-element_type=\"column\" data-e-type=\"column\">\n\t\t\t<div class=\"elementor-widget-wrap elementor-element-populated\">\n\t\t\t\t\t\t<div class=\"elementor-element elementor-element-4b2a9f6 elementor-widget elementor-widget-heading\" data-id=\"4b2a9f6\" data-element_type=\"widget\" data-e-type=\"widget\" data-widget_type=\"heading.default\">\n\t\t\t\t<div class=\"elementor-widget-container\">\n\t\t\t\t\t<h1 class=\"elementor-heading-title elementor-size-default\">Formas de pagamento<\/h1>\t\t\t\t<\/div>\n\t\t\t\t<\/div>\n\t\t\t\t\t<\/div>\n\t\t<\/div>\n\t\t\t\t\t<\/div>\n\t\t<\/section>\n\t\t\t\t<section class=\"elementor-section elementor-top-section elementor-element elementor-element-5416dc1 elementor-section-boxed elementor-section-height-default elementor-section-height-default\" data-id=\"5416dc1\" data-element_type=\"section\" data-e-type=\"section\">\n\t\t\t\t\t\t<div class=\"elementor-container elementor-column-gap-no\">\n\t\t\t\t\t<div class=\"elementor-column elementor-col-100 elementor-top-column elementor-element elementor-element-6ab11d9\" data-id=\"6ab11d9\" data-element_type=\"column\" data-e-type=\"column\">\n\t\t\t<div class=\"elementor-widget-wrap elementor-element-populated\">\n\t\t\t\t\t\t<div class=\"elementor-element elementor-element-7cce001 elementor-widget elementor-widget-text-editor\" data-id=\"7cce001\" data-element_type=\"widget\" data-e-type=\"widget\" data-widget_type=\"text-editor.default\">\n\t\t\t\t<div class=\"elementor-widget-container\">\n\t\t\t\t\t\t\t\t\t<p><strong>Formas de pagamento<\/strong><\/p>\n<p>Atrav\u00e9s de https:\/\/www.ionclinicshop.com\/br\/ os produtos oferecidos aos visitantes e clientes podem ser adquiridos inicialmente atrav\u00e9s dos seguintes m\u00e9todos de pagamento:<\/p>\n<p>a) Cart\u00e3o de cr\u00e9dito Visa ou Mastercard<\/p>\n<p>b) Transfer\u00eancia banc\u00e1ria<\/p>\n<p>(c) Pagamento contra entrega<\/p>\n<p><strong>a) Cart\u00e3o de cr\u00e9dito Visa ou Mastercard<\/strong><\/p>\n<p><strong>b) Transfer\u00eancia banc\u00e1ria<\/strong><\/p>\n<p>A formaliza\u00e7\u00e3o da compra pode ser feita por transfer\u00eancia banc\u00e1ria para o nome de IONCLINICS &amp; DEIONIC, S.L. \u00c9 necess\u00e1rio para a gest\u00e3o \u00f3tima do pedido indicar no conceito de transfer\u00eancia o n\u00famero do pedido junto com o nome e sobrenome. O pedido n\u00e3o ser\u00e1 considerado efetivo at\u00e9 que nosso banco confirme que o pagamento ou transfer\u00eancia foi feito. Ao escolher este sistema de pagamento, as despesas banc\u00e1rias s\u00e3o suportadas pelo cliente.<\/p>\n<p>O n\u00famero da conta para a qual as transfer\u00eancias podem ser feitas \u00e9 BBVA: IBAN ES13 0182 5511 81 0201508754<\/p>\n<p><strong>(c) Pagamento contra entrega<\/strong><\/p>\n<p>O cliente paga pelo pedido quando este \u00e9 entregue no endere\u00e7o fornecido \u00e0 empresa de transporte. Este m\u00e9todo de pagamento envolve uma comiss\u00e3o percentual sobre o total do pedido em custos de gerenciamento de cobran\u00e7a cobrados pela transportadora. O percentual de comiss\u00e3o ser\u00e1 de 5% do valor total de sua fatura como comiss\u00e3o de reembolso, com um m\u00ednimo de 4 euros (IVA inclu\u00eddo).<\/p>\n<p><strong>Procedimento de confirma\u00e7\u00e3o do pedido<\/strong><\/p>\n<p>Uma vez feito o pedido, voc\u00ea receber\u00e1 um e-mail de confirma\u00e7\u00e3o, que conter\u00e1 todos os detalhes relacionados \u00e0 transa\u00e7\u00e3o e ao m\u00e9todo de pagamento selecionado. Assim que a IONCLINICS &amp; DEIONIC, S.L. receber a confirma\u00e7\u00e3o de nosso banco de que o valor do pedido foi pago em sua conta, o pedido ser\u00e1 preparado para envio.<\/p>\n\t\t\t\t\t\t\t\t<\/div>\n\t\t\t\t<\/div>\n\t\t\t\t\t<\/div>\n\t\t<\/div>\n\t\t\t\t\t<\/div>\n\t\t<\/section>\n\t\t\t\t<\/div>\n\t\t","protected":false},"excerpt":{"rendered":"<p>Formas de pagamento Formas de pagamento Atrav\u00e9s de https:\/\/www.ionclinicshop.com\/br\/ os produtos oferecidos aos visitantes e clientes podem ser adquiridos inicialmente atrav\u00e9s dos seguintes m\u00e9todos de pagamento: a) Cart\u00e3o de cr\u00e9dito Visa ou Mastercard b) Transfer\u00eancia banc\u00e1ria (c) Pagamento contra entrega a) Cart\u00e3o de cr\u00e9dito Visa ou Mastercard b) Transfer\u00eancia banc\u00e1ria A formaliza\u00e7\u00e3o da compra pode [&hellip;]<\/p>\n","protected":false},"author":1,"featured_media":0,"parent":0,"menu_order":0,"comment_status":"closed","ping_status":"closed","template":"","meta":{"_acf_changed":false,"footnotes":""},"class_list":["post-18462","page","type-page","status-publish","hentry"],"acf":[],"yoast_head":"<!-- This site is optimized with the Yoast SEO plugin v27.3 - https:\/\/yoast.com\/product\/yoast-seo-wordpress\/ -->\n<title>Formas de pagamento - Ionclinics<\/title>\n<meta name=\"robots\" content=\"noindex, follow\" \/>\n<meta property=\"og:locale\" content=\"pt_BR\" \/>\n<meta property=\"og:type\" content=\"article\" \/>\n<meta property=\"og:title\" content=\"Formas de pagamento - Ionclinics\" \/>\n<meta property=\"og:description\" content=\"Formas de pagamento Formas de pagamento Atrav\u00e9s de https:\/\/www.ionclinicshop.com\/br\/ os produtos oferecidos aos visitantes e clientes podem ser adquiridos inicialmente atrav\u00e9s dos seguintes m\u00e9todos de pagamento: a) Cart\u00e3o de cr\u00e9dito Visa ou Mastercard b) Transfer\u00eancia banc\u00e1ria (c) Pagamento contra entrega a) Cart\u00e3o de cr\u00e9dito Visa ou Mastercard b) Transfer\u00eancia banc\u00e1ria A formaliza\u00e7\u00e3o da compra pode [&hellip;]\" \/>\n<meta property=\"og:url\" content=\"https:\/\/ionclinics.com\/pt-br\/formas-de-pagamento\/\" \/>\n<meta property=\"og:site_name\" content=\"Ionclinics\" \/>\n<meta property=\"article:modified_time\" content=\"2023-02-28T13:49:14+00:00\" \/>\n<meta property=\"og:image\" content=\"https:\/\/ionclinics.com\/wp-content\/uploads\/2023\/02\/Logos-epte-08-min.png\" \/>\n\t<meta property=\"og:image:width\" content=\"2017\" \/>\n\t<meta property=\"og:image:height\" content=\"1826\" \/>\n\t<meta property=\"og:image:type\" content=\"image\/png\" \/>\n<meta name=\"twitter:card\" content=\"summary_large_image\" \/>\n<meta name=\"twitter:label1\" content=\"Est. tempo de leitura\" \/>\n\t<meta name=\"twitter:data1\" content=\"2 minutos\" \/>\n<script type=\"application\/ld+json\" class=\"yoast-schema-graph\">{\"@context\":\"https:\\\/\\\/schema.org\",\"@graph\":[{\"@type\":\"WebPage\",\"@id\":\"https:\\\/\\\/ionclinics.com\\\/pt-br\\\/formas-de-pagamento\\\/\",\"url\":\"https:\\\/\\\/ionclinics.com\\\/pt-br\\\/formas-de-pagamento\\\/\",\"name\":\"Formas de pagamento - Ionclinics\",\"isPartOf\":{\"@id\":\"https:\\\/\\\/ionclinics.com\\\/pt-br\\\/#website\"},\"datePublished\":\"2023-02-13T18:18:27+00:00\",\"dateModified\":\"2023-02-28T13:49:14+00:00\",\"breadcrumb\":{\"@id\":\"https:\\\/\\\/ionclinics.com\\\/pt-br\\\/formas-de-pagamento\\\/#breadcrumb\"},\"inLanguage\":\"pt-BR\",\"potentialAction\":[{\"@type\":\"ReadAction\",\"target\":[\"https:\\\/\\\/ionclinics.com\\\/pt-br\\\/formas-de-pagamento\\\/\"]}]},{\"@type\":\"BreadcrumbList\",\"@id\":\"https:\\\/\\\/ionclinics.com\\\/pt-br\\\/formas-de-pagamento\\\/#breadcrumb\",\"itemListElement\":[{\"@type\":\"ListItem\",\"position\":1,\"name\":\"Home\",\"item\":\"https:\\\/\\\/ionclinics.com\\\/pt-br\\\/\"},{\"@type\":\"ListItem\",\"position\":2,\"name\":\"Formas de pagamento\"}]},{\"@type\":\"WebSite\",\"@id\":\"https:\\\/\\\/ionclinics.com\\\/pt-br\\\/#website\",\"url\":\"https:\\\/\\\/ionclinics.com\\\/pt-br\\\/\",\"name\":\"Ionclinics\",\"description\":\"L\u00edderes en neuromodulaci\u00f3n\",\"publisher\":{\"@id\":\"https:\\\/\\\/ionclinics.com\\\/pt-br\\\/#organization\"},\"alternateName\":\"Ionclinics\",\"potentialAction\":[{\"@type\":\"SearchAction\",\"target\":{\"@type\":\"EntryPoint\",\"urlTemplate\":\"https:\\\/\\\/ionclinics.com\\\/pt-br\\\/?s={search_term_string}\"},\"query-input\":{\"@type\":\"PropertyValueSpecification\",\"valueRequired\":true,\"valueName\":\"search_term_string\"}}],\"inLanguage\":\"pt-BR\"},{\"@type\":\"Organization\",\"@id\":\"https:\\\/\\\/ionclinics.com\\\/pt-br\\\/#organization\",\"name\":\"Ionclinics\",\"alternateName\":\"Ionclinics\",\"url\":\"https:\\\/\\\/ionclinics.com\\\/pt-br\\\/\",\"logo\":{\"@type\":\"ImageObject\",\"inLanguage\":\"pt-BR\",\"@id\":\"https:\\\/\\\/ionclinics.com\\\/pt-br\\\/#\\\/schema\\\/logo\\\/image\\\/\",\"url\":\"https:\\\/\\\/ionclinics.com\\\/wp-content\\\/uploads\\\/2022\\\/12\\\/Logo-Ionclinics-CH.png\",\"contentUrl\":\"https:\\\/\\\/ionclinics.com\\\/wp-content\\\/uploads\\\/2022\\\/12\\\/Logo-Ionclinics-CH.png\",\"width\":406,\"height\":126,\"caption\":\"Ionclinics\"},\"image\":{\"@id\":\"https:\\\/\\\/ionclinics.com\\\/pt-br\\\/#\\\/schema\\\/logo\\\/image\\\/\"}}]}<\/script>\n<!-- \/ Yoast SEO plugin. -->","yoast_head_json":{"title":"Formas de pagamento - Ionclinics","robots":{"index":"noindex","follow":"follow"},"og_locale":"pt_BR","og_type":"article","og_title":"Formas de pagamento - Ionclinics","og_description":"Formas de pagamento Formas de pagamento Atrav\u00e9s de https:\/\/www.ionclinicshop.com\/br\/ os produtos oferecidos aos visitantes e clientes podem ser adquiridos inicialmente atrav\u00e9s dos seguintes m\u00e9todos de pagamento: a) Cart\u00e3o de cr\u00e9dito Visa ou Mastercard b) Transfer\u00eancia banc\u00e1ria (c) Pagamento contra entrega a) Cart\u00e3o de cr\u00e9dito Visa ou Mastercard b) Transfer\u00eancia banc\u00e1ria A formaliza\u00e7\u00e3o da compra pode [&hellip;]","og_url":"https:\/\/ionclinics.com\/pt-br\/formas-de-pagamento\/","og_site_name":"Ionclinics","article_modified_time":"2023-02-28T13:49:14+00:00","og_image":[{"width":2017,"height":1826,"url":"https:\/\/ionclinics.com\/wp-content\/uploads\/2023\/02\/Logos-epte-08-min.png","type":"image\/png"}],"twitter_card":"summary_large_image","twitter_misc":{"Est. tempo de leitura":"2 minutos"},"schema":{"@context":"https:\/\/schema.org","@graph":[{"@type":"WebPage","@id":"https:\/\/ionclinics.com\/pt-br\/formas-de-pagamento\/","url":"https:\/\/ionclinics.com\/pt-br\/formas-de-pagamento\/","name":"Formas de pagamento - Ionclinics","isPartOf":{"@id":"https:\/\/ionclinics.com\/pt-br\/#website"},"datePublished":"2023-02-13T18:18:27+00:00","dateModified":"2023-02-28T13:49:14+00:00","breadcrumb":{"@id":"https:\/\/ionclinics.com\/pt-br\/formas-de-pagamento\/#breadcrumb"},"inLanguage":"pt-BR","potentialAction":[{"@type":"ReadAction","target":["https:\/\/ionclinics.com\/pt-br\/formas-de-pagamento\/"]}]},{"@type":"BreadcrumbList","@id":"https:\/\/ionclinics.com\/pt-br\/formas-de-pagamento\/#breadcrumb","itemListElement":[{"@type":"ListItem","position":1,"name":"Home","item":"https:\/\/ionclinics.com\/pt-br\/"},{"@type":"ListItem","position":2,"name":"Formas de pagamento"}]},{"@type":"WebSite","@id":"https:\/\/ionclinics.com\/pt-br\/#website","url":"https:\/\/ionclinics.com\/pt-br\/","name":"Ionclinics","description":"L\u00edderes en neuromodulaci\u00f3n","publisher":{"@id":"https:\/\/ionclinics.com\/pt-br\/#organization"},"alternateName":"Ionclinics","potentialAction":[{"@type":"SearchAction","target":{"@type":"EntryPoint","urlTemplate":"https:\/\/ionclinics.com\/pt-br\/?s={search_term_string}"},"query-input":{"@type":"PropertyValueSpecification","valueRequired":true,"valueName":"search_term_string"}}],"inLanguage":"pt-BR"},{"@type":"Organization","@id":"https:\/\/ionclinics.com\/pt-br\/#organization","name":"Ionclinics","alternateName":"Ionclinics","url":"https:\/\/ionclinics.com\/pt-br\/","logo":{"@type":"ImageObject","inLanguage":"pt-BR","@id":"https:\/\/ionclinics.com\/pt-br\/#\/schema\/logo\/image\/","url":"https:\/\/ionclinics.com\/wp-content\/uploads\/2022\/12\/Logo-Ionclinics-CH.png","contentUrl":"https:\/\/ionclinics.com\/wp-content\/uploads\/2022\/12\/Logo-Ionclinics-CH.png","width":406,"height":126,"caption":"Ionclinics"},"image":{"@id":"https:\/\/ionclinics.com\/pt-br\/#\/schema\/logo\/image\/"}}]}},"_links":{"self":[{"href":"https:\/\/ionclinics.com\/pt-br\/wp-json\/wp\/v2\/pages\/18462","targetHints":{"allow":["GET"]}}],"collection":[{"href":"https:\/\/ionclinics.com\/pt-br\/wp-json\/wp\/v2\/pages"}],"about":[{"href":"https:\/\/ionclinics.com\/pt-br\/wp-json\/wp\/v2\/types\/page"}],"author":[{"embeddable":true,"href":"https:\/\/ionclinics.com\/pt-br\/wp-json\/wp\/v2\/users\/1"}],"replies":[{"embeddable":true,"href":"https:\/\/ionclinics.com\/pt-br\/wp-json\/wp\/v2\/comments?post=18462"}],"version-history":[{"count":1,"href":"https:\/\/ionclinics.com\/pt-br\/wp-json\/wp\/v2\/pages\/18462\/revisions"}],"predecessor-version":[{"id":18463,"href":"https:\/\/ionclinics.com\/pt-br\/wp-json\/wp\/v2\/pages\/18462\/revisions\/18463"}],"wp:attachment":[{"href":"https:\/\/ionclinics.com\/pt-br\/wp-json\/wp\/v2\/media?parent=18462"}],"curies":[{"name":"wp","href":"https:\/\/api.w.org\/{rel}","templated":true}]}}