{"id":18456,"date":"2023-01-04T03:09:28","date_gmt":"2023-01-04T01:09:28","guid":{"rendered":"https:\/\/ionclinics.com\/ionclinics-2\/"},"modified":"2024-02-23T13:49:57","modified_gmt":"2024-02-23T11:49:57","slug":"ionclinics","status":"publish","type":"page","link":"https:\/\/ionclinics.com\/pt-br\/ionclinics\/","title":{"rendered":"IONClinics"},"content":{"rendered":"\t\t<div data-elementor-type=\"wp-page\" data-elementor-id=\"18456\" class=\"elementor elementor-18456\" data-elementor-post-type=\"page\">\n\t\t\t\t\t\t<section class=\"elementor-section elementor-top-section elementor-element elementor-element-4af5d36 elementor-section-boxed elementor-section-height-default elementor-section-height-default\" data-id=\"4af5d36\" data-element_type=\"section\" data-e-type=\"section\" data-settings=\"{&quot;background_background&quot;:&quot;classic&quot;}\">\n\t\t\t\t\t\t<div class=\"elementor-container elementor-column-gap-no\">\n\t\t\t\t\t<div class=\"elementor-column elementor-col-50 elementor-top-column elementor-element elementor-element-38ae2ca\" data-id=\"38ae2ca\" data-element_type=\"column\" data-e-type=\"column\">\n\t\t\t<div class=\"elementor-widget-wrap elementor-element-populated\">\n\t\t\t\t\t\t<div class=\"elementor-element elementor-element-518fade elementor-widget elementor-widget-heading\" data-id=\"518fade\" data-element_type=\"widget\" data-e-type=\"widget\" data-widget_type=\"heading.default\">\n\t\t\t\t<div class=\"elementor-widget-container\">\n\t\t\t\t\t<h1 class=\"elementor-heading-title elementor-size-default\">IONCLINICS<\/h1>\t\t\t\t<\/div>\n\t\t\t\t<\/div>\n\t\t\t\t<div class=\"elementor-element elementor-element-1cde435 elementor-widget elementor-widget-text-editor\" data-id=\"1cde435\" data-element_type=\"widget\" data-e-type=\"widget\" data-widget_type=\"text-editor.default\">\n\t\t\t\t<div class=\"elementor-widget-container\">\n\t\t\t\t\t\t\t\t\t<p>Fazemos parte de um grupo profissional multidisciplinar focado no planejamento, implementa\u00e7\u00e3o e desenvolvimento<br \/>de equipes.<\/p>\n\t\t\t\t\t\t\t\t<\/div>\n\t\t\t\t<\/div>\n\t\t\t\t<div class=\"elementor-element elementor-element-a69e962 elementor-widget elementor-widget-image\" data-id=\"a69e962\" data-element_type=\"widget\" data-e-type=\"widget\" data-widget_type=\"image.default\">\n\t\t\t\t<div class=\"elementor-widget-container\">\n\t\t\t\t\t\t\t\t\t\t\t\t\t\t\t<img loading=\"lazy\" decoding=\"async\" width=\"668\" height=\"376\" src=\"https:\/\/ionclinics.com\/wp-content\/uploads\/2023\/01\/image-27.png\" class=\"attachment-full size-full wp-image-18457\" alt=\"\" srcset=\"https:\/\/ionclinics.com\/wp-content\/uploads\/2023\/01\/image-27.png 668w, https:\/\/ionclinics.com\/wp-content\/uploads\/2023\/01\/image-27-300x169.png 300w\" sizes=\"auto, (max-width: 668px) 100vw, 668px\" \/>\t\t\t\t\t\t\t\t\t\t\t\t\t\t\t<\/div>\n\t\t\t\t<\/div>\n\t\t\t\t\t<\/div>\n\t\t<\/div>\n\t\t\t\t<div class=\"elementor-column elementor-col-50 elementor-top-column elementor-element elementor-element-795366b\" data-id=\"795366b\" data-element_type=\"column\" data-e-type=\"column\">\n\t\t\t<div class=\"elementor-widget-wrap elementor-element-populated\">\n\t\t\t\t\t\t<div class=\"elementor-element elementor-element-bb9b0bc elementor-widget elementor-widget-heading\" data-id=\"bb9b0bc\" data-element_type=\"widget\" data-e-type=\"widget\" data-widget_type=\"heading.default\">\n\t\t\t\t<div class=\"elementor-widget-container\">\n\t\t\t\t\t<h2 class=\"elementor-heading-title elementor-size-default\">QUEM SOMOS?<\/h2>\t\t\t\t<\/div>\n\t\t\t\t<\/div>\n\t\t\t\t<div class=\"elementor-element elementor-element-6f4ce70 elementor-widget elementor-widget-heading\" data-id=\"6f4ce70\" data-element_type=\"widget\" data-e-type=\"widget\" data-widget_type=\"heading.default\">\n\t\t\t\t<div class=\"elementor-widget-container\">\n\t\t\t\t\t<p class=\"elementor-heading-title elementor-size-default\">Ionclinics \u00e9 uma empresa pertencente ao setor de sa\u00fade dedicada ao projeto e desenvolvimento de dispositivos eletrom\u00e9dicos e produtos relacionados \u00e0 sa\u00fade para profissionais de sa\u00fade.<br><br>Queremos responder aos principais problemas que surgem no sistema de sa\u00fade da sociedade atual e futura, fornecendo tecnologia m\u00e9dica ao maior n\u00famero de profissionais de sa\u00fade para trabalhar a neuromodula\u00e7\u00e3o mais completa, global e transversal no n\u00edvel do sistema nervoso central e perif\u00e9rico.<\/p>\t\t\t\t<\/div>\n\t\t\t\t<\/div>\n\t\t\t\t<div class=\"elementor-element elementor-element-6a4d325 elementor-widget elementor-widget-heading\" data-id=\"6a4d325\" data-element_type=\"widget\" data-e-type=\"widget\" data-widget_type=\"heading.default\">\n\t\t\t\t<div class=\"elementor-widget-container\">\n\t\t\t\t\t<h2 class=\"elementor-heading-title elementor-size-default\">NOSSA GEST\u00c3O <\/h2>\t\t\t\t<\/div>\n\t\t\t\t<\/div>\n\t\t\t\t<div class=\"elementor-element elementor-element-bf614e4 elementor-widget elementor-widget-heading\" data-id=\"bf614e4\" data-element_type=\"widget\" data-e-type=\"widget\" data-widget_type=\"heading.default\">\n\t\t\t\t<div class=\"elementor-widget-container\">\n\t\t\t\t\t<p class=\"elementor-heading-title elementor-size-default\">Nossa m\u00e1xima \u00e9 projetar melhores dispositivos que ajudem os profissionais m\u00e9dicos a oferecer melhores tratamentos a seus pacientes, atrav\u00e9s de t\u00e9cnicas e tecnologias m\u00e9dicas com alta evid\u00eancia cient\u00edfica e endossadas pelos \u00f3rg\u00e3os reguladores e de sa\u00fade.<br><br>Na Ionclinics estamos comprometidos desde o in\u00edcio com a pesquisa e a inova\u00e7\u00e3o gra\u00e7as \u00e0 nossa equipe t\u00e9cnica que comp\u00f5e o departamento de I+D+i. Na Ionclinics projetamos e desenvolvemos nossos dispositivos, juntamente com o apoio e o apoio do trabalho de pesquisa cient\u00edfica e cl\u00ednica de nossa equipe m\u00e9dica.<br><br>Nossa atividade n\u00e3o se limita apenas ao n\u00edvel nacional e gra\u00e7as ao desenvolvimento de nosso Departamento Internacional, a Ionclinics est\u00e1 presente nos mercados internacionais com representantes comerciais na Europa, Am\u00e9rica Latina e recentemente no Brasil.<\/p>\t\t\t\t<\/div>\n\t\t\t\t<\/div>\n\t\t\t\t<div class=\"elementor-element elementor-element-f5d4ece elementor-widget elementor-widget-heading\" data-id=\"f5d4ece\" data-element_type=\"widget\" data-e-type=\"widget\" data-widget_type=\"heading.default\">\n\t\t\t\t<div class=\"elementor-widget-container\">\n\t\t\t\t\t<h2 class=\"elementor-heading-title elementor-size-default\">.<\/h2>\t\t\t\t<\/div>\n\t\t\t\t<\/div>\n\t\t\t\t<div class=\"elementor-element elementor-element-afe565e elementor-widget elementor-widget-heading\" data-id=\"afe565e\" data-element_type=\"widget\" data-e-type=\"widget\" data-widget_type=\"heading.default\">\n\t\t\t\t<div class=\"elementor-widget-container\">\n\t\t\t\t\t<p class=\"elementor-heading-title elementor-size-default\">.<\/p>\t\t\t\t<\/div>\n\t\t\t\t<\/div>\n\t\t\t\t\t<\/div>\n\t\t<\/div>\n\t\t\t\t\t<\/div>\n\t\t<\/section>\n\t\t\t\t<section class=\"elementor-section elementor-top-section elementor-element elementor-element-9a48a02 elementor-section-full_width elementor-hidden-mobile elementor-section-height-default elementor-section-height-default\" data-id=\"9a48a02\" data-element_type=\"section\" data-e-type=\"section\" data-settings=\"{&quot;background_background&quot;:&quot;gradient&quot;}\">\n\t\t\t\t\t\t<div class=\"elementor-container elementor-column-gap-no\">\n\t\t\t\t\t<div class=\"elementor-column elementor-col-100 elementor-top-column elementor-element elementor-element-c0bef42\" data-id=\"c0bef42\" data-element_type=\"column\" data-e-type=\"column\">\n\t\t\t<div class=\"elementor-widget-wrap elementor-element-populated\">\n\t\t\t\t\t\t<section class=\"elementor-section elementor-inner-section elementor-element elementor-element-033d3cb elementor-section-full_width elementor-section-height-default elementor-section-height-default\" data-id=\"033d3cb\" data-element_type=\"section\" data-e-type=\"section\">\n\t\t\t\t\t\t<div class=\"elementor-container elementor-column-gap-default\">\n\t\t\t\t\t<div class=\"elementor-column elementor-col-33 elementor-inner-column elementor-element elementor-element-73e3c36\" data-id=\"73e3c36\" data-element_type=\"column\" data-e-type=\"column\" data-settings=\"{&quot;background_background&quot;:&quot;classic&quot;}\">\n\t\t\t<div class=\"elementor-widget-wrap elementor-element-populated\">\n\t\t\t\t\t\t<div class=\"elementor-element elementor-element-6a84783 elementor-widget elementor-widget-heading\" data-id=\"6a84783\" data-element_type=\"widget\" data-e-type=\"widget\" data-widget_type=\"heading.default\">\n\t\t\t\t<div class=\"elementor-widget-container\">\n\t\t\t\t\t<h2 class=\"elementor-heading-title elementor-size-default\">\u201c<\/h2>\t\t\t\t<\/div>\n\t\t\t\t<\/div>\n\t\t\t\t\t<\/div>\n\t\t<\/div>\n\t\t\t\t<div class=\"elementor-column elementor-col-33 elementor-inner-column elementor-element elementor-element-1540d21\" data-id=\"1540d21\" data-element_type=\"column\" data-e-type=\"column\" data-settings=\"{&quot;background_background&quot;:&quot;classic&quot;}\">\n\t\t\t<div class=\"elementor-widget-wrap elementor-element-populated\">\n\t\t\t\t\t\t<div class=\"elementor-element elementor-element-ff00a70 elementor-widget__width-initial elementor-widget elementor-widget-text-editor\" data-id=\"ff00a70\" data-element_type=\"widget\" data-e-type=\"widget\" data-widget_type=\"text-editor.default\">\n\t\t\t\t<div class=\"elementor-widget-container\">\n\t\t\t\t\t\t\t\t\t<p>Entre os pacientes que recuperei com sucesso gra\u00e7as \u00e0 EPTE\u00ae est\u00e1 um jovem que, ap\u00f3s sofrer um acidente, teve (durante 4 anos) dores graves em um ombro que reduziram sua mobilidade. Ap\u00f3s uma sess\u00e3o com EPTE\u00ae, a dor diminuiu. Ap\u00f3s uma segunda sess\u00e3o e junto com exerc\u00edcios exc\u00eantricos, o paciente se recuperou 100%.<\/p>\n\t\t\t\t\t\t\t\t<\/div>\n\t\t\t\t<\/div>\n\t\t\t\t<div class=\"elementor-element elementor-element-ce1f024 elementor-widget elementor-widget-text-editor\" data-id=\"ce1f024\" data-element_type=\"widget\" data-e-type=\"widget\" data-widget_type=\"text-editor.default\">\n\t\t\t\t<div class=\"elementor-widget-container\">\n\t\t\t\t\t\t\t\t\t<p>Fro. Javier Ortega<\/p>\n\t\t\t\t\t\t\t\t<\/div>\n\t\t\t\t<\/div>\n\t\t\t\t<div class=\"elementor-element elementor-element-00a0506 elementor-widget__width-initial elementor-widget elementor-widget-text-editor\" data-id=\"00a0506\" data-element_type=\"widget\" data-e-type=\"widget\" data-widget_type=\"text-editor.default\">\n\t\t\t\t<div class=\"elementor-widget-container\">\n\t\t\t\t\t\t\t\t\t<p>DIRETOR DA CL\u00cdNICA DE REABILITA\u00c7\u00c3O AVAN\u00c7ADA FCO. JAVIER ORTEGA. FISIOTERAPEUTA E OSTEOPATA, ESPECIALIZADO EM FISIOTERAPIA ESPORTIVA, T\u00c9CNICAS INVASIVAS, DESENVOLVEDOR DA T\u00c9CNICA NMP EM ESPANHA.<\/p>\n\t\t\t\t\t\t\t\t<\/div>\n\t\t\t\t<\/div>\n\t\t\t\t\t<\/div>\n\t\t<\/div>\n\t\t\t\t<div class=\"elementor-column elementor-col-33 elementor-inner-column elementor-element elementor-element-108b4db\" data-id=\"108b4db\" data-element_type=\"column\" data-e-type=\"column\" data-settings=\"{&quot;background_background&quot;:&quot;classic&quot;}\">\n\t\t\t<div class=\"elementor-widget-wrap elementor-element-populated\">\n\t\t\t\t\t\t<div class=\"elementor-element elementor-element-54545a8 elementor-widget elementor-widget-spacer\" data-id=\"54545a8\" data-element_type=\"widget\" data-e-type=\"widget\" data-widget_type=\"spacer.default\">\n\t\t\t\t<div class=\"elementor-widget-container\">\n\t\t\t\t\t\t\t<div class=\"elementor-spacer\">\n\t\t\t<div class=\"elementor-spacer-inner\"><\/div>\n\t\t<\/div>\n\t\t\t\t\t\t<\/div>\n\t\t\t\t<\/div>\n\t\t\t\t\t<\/div>\n\t\t<\/div>\n\t\t\t\t\t<\/div>\n\t\t<\/section>\n\t\t\t\t\t<\/div>\n\t\t<\/div>\n\t\t\t\t\t<\/div>\n\t\t<\/section>\n\t\t\t\t<section class=\"elementor-section elementor-top-section elementor-element elementor-element-5c5bb68 elementor-section-full_width elementor-hidden-desktop elementor-hidden-tablet elementor-hidden-laptop elementor-hidden-tablet_extra elementor-section-height-default elementor-section-height-default\" data-id=\"5c5bb68\" data-element_type=\"section\" data-e-type=\"section\">\n\t\t\t\t\t\t<div class=\"elementor-container elementor-column-gap-default\">\n\t\t\t\t\t<div class=\"elementor-column elementor-col-50 elementor-top-column elementor-element elementor-element-523f468\" data-id=\"523f468\" data-element_type=\"column\" data-e-type=\"column\" data-settings=\"{&quot;background_background&quot;:&quot;classic&quot;}\">\n\t\t\t<div class=\"elementor-widget-wrap elementor-element-populated\">\n\t\t\t\t\t\t<section class=\"elementor-section elementor-inner-section elementor-element elementor-element-b3d7cd7 elementor-section-boxed elementor-section-height-default elementor-section-height-default\" data-id=\"b3d7cd7\" data-element_type=\"section\" data-e-type=\"section\">\n\t\t\t\t\t\t<div class=\"elementor-container elementor-column-gap-no\">\n\t\t\t\t\t<div class=\"elementor-column elementor-col-100 elementor-inner-column elementor-element elementor-element-7a43533\" data-id=\"7a43533\" data-element_type=\"column\" data-e-type=\"column\">\n\t\t\t<div class=\"elementor-widget-wrap elementor-element-populated\">\n\t\t\t\t\t\t<div class=\"elementor-element elementor-element-8ec8e48 elementor-widget elementor-widget-image\" data-id=\"8ec8e48\" data-element_type=\"widget\" data-e-type=\"widget\" data-widget_type=\"image.default\">\n\t\t\t\t<div class=\"elementor-widget-container\">\n\t\t\t\t\t\t\t\t\t\t\t\t\t\t\t<img loading=\"lazy\" decoding=\"async\" width=\"272\" height=\"280\" src=\"https:\/\/ionclinics.com\/wp-content\/uploads\/2023\/01\/Rectangle-26.png\" class=\"attachment-large size-large wp-image-18359\" alt=\"\" \/>\t\t\t\t\t\t\t\t\t\t\t\t\t\t\t<\/div>\n\t\t\t\t<\/div>\n\t\t\t\t\t<\/div>\n\t\t<\/div>\n\t\t\t\t\t<\/div>\n\t\t<\/section>\n\t\t\t\t\t<\/div>\n\t\t<\/div>\n\t\t\t\t<div class=\"elementor-column elementor-col-50 elementor-top-column elementor-element elementor-element-a48a10a\" data-id=\"a48a10a\" data-element_type=\"column\" data-e-type=\"column\">\n\t\t\t<div class=\"elementor-widget-wrap elementor-element-populated\">\n\t\t\t\t\t\t<section class=\"elementor-section elementor-inner-section elementor-element elementor-element-daea69e elementor-section-boxed elementor-section-height-default elementor-section-height-default\" data-id=\"daea69e\" data-element_type=\"section\" data-e-type=\"section\">\n\t\t\t\t\t\t<div class=\"elementor-container elementor-column-gap-default\">\n\t\t\t\t\t<div class=\"elementor-column elementor-col-100 elementor-inner-column elementor-element elementor-element-e6f2cf3\" data-id=\"e6f2cf3\" data-element_type=\"column\" data-e-type=\"column\" data-settings=\"{&quot;background_background&quot;:&quot;classic&quot;}\">\n\t\t\t<div class=\"elementor-widget-wrap elementor-element-populated\">\n\t\t\t\t\t\t<div class=\"elementor-element elementor-element-d7f399d elementor-widget elementor-widget-heading\" data-id=\"d7f399d\" data-element_type=\"widget\" data-e-type=\"widget\" data-widget_type=\"heading.default\">\n\t\t\t\t<div class=\"elementor-widget-container\">\n\t\t\t\t\t<h2 class=\"elementor-heading-title elementor-size-default\">\u201c<\/h2>\t\t\t\t<\/div>\n\t\t\t\t<\/div>\n\t\t\t\t<div class=\"elementor-element elementor-element-d2edc1c elementor-widget elementor-widget-text-editor\" data-id=\"d2edc1c\" data-element_type=\"widget\" data-e-type=\"widget\" data-widget_type=\"text-editor.default\">\n\t\t\t\t<div class=\"elementor-widget-container\">\n\t\t\t\t\t\t\t\t\t<p>Entre os pacientes que recuperei com sucesso gra\u00e7as \u00e0 EPTE\u00ae est\u00e1 um jovem que, ap\u00f3s sofrer um acidente, teve (durante 4 anos) dores graves em um ombro que reduziram sua mobilidade. Ap\u00f3s uma sess\u00e3o com EPTE\u00ae, a dor diminuiu. Ap\u00f3s uma segunda sess\u00e3o e junto com exerc\u00edcios exc\u00eantricos, o paciente se recuperou 100%.<\/p>\n\t\t\t\t\t\t\t\t<\/div>\n\t\t\t\t<\/div>\n\t\t\t\t<div class=\"elementor-element elementor-element-91a316a elementor-widget elementor-widget-text-editor\" data-id=\"91a316a\" data-element_type=\"widget\" data-e-type=\"widget\" data-widget_type=\"text-editor.default\">\n\t\t\t\t<div class=\"elementor-widget-container\">\n\t\t\t\t\t\t\t\t\t<p>Fro. Javier Ortega<\/p>\n\t\t\t\t\t\t\t\t<\/div>\n\t\t\t\t<\/div>\n\t\t\t\t<div class=\"elementor-element elementor-element-14ceeb6 elementor-widget elementor-widget-text-editor\" data-id=\"14ceeb6\" data-element_type=\"widget\" data-e-type=\"widget\" data-widget_type=\"text-editor.default\">\n\t\t\t\t<div class=\"elementor-widget-container\">\n\t\t\t\t\t\t\t\t\t<p>DIRETOR DA CL\u00cdNICA DE REABILITA\u00c7\u00c3O AVAN\u00c7ADA FCO. JAVIER ORTEGA. FISIOTERAPEUTA E OSTEOPATA, ESPECIALIZADO EM FISIOTERAPIA ESPORTIVA, T\u00c9CNICAS INVASIVAS, DESENVOLVEDOR DA T\u00c9CNICA NMP EM ESPANHA.<\/p>\n\t\t\t\t\t\t\t\t<\/div>\n\t\t\t\t<\/div>\n\t\t\t\t\t<\/div>\n\t\t<\/div>\n\t\t\t\t\t<\/div>\n\t\t<\/section>\n\t\t\t\t\t<\/div>\n\t\t<\/div>\n\t\t\t\t\t<\/div>\n\t\t<\/section>\n\t\t\t\t<\/div>\n\t\t","protected":false},"excerpt":{"rendered":"<p>IONCLINICS Fazemos parte de um grupo profissional multidisciplinar focado no planejamento, implementa\u00e7\u00e3o e desenvolvimentode equipes. QUEM SOMOS? Ionclinics \u00e9 uma empresa pertencente ao setor de sa\u00fade dedicada ao projeto e desenvolvimento de dispositivos eletrom\u00e9dicos e produtos relacionados \u00e0 sa\u00fade para profissionais de sa\u00fade. Queremos responder aos principais problemas que surgem no sistema de sa\u00fade da [&hellip;]<\/p>\n","protected":false},"author":1,"featured_media":0,"parent":0,"menu_order":0,"comment_status":"closed","ping_status":"closed","template":"","meta":{"_acf_changed":false,"footnotes":""},"class_list":["post-18456","page","type-page","status-publish","hentry"],"acf":[],"yoast_head":"<!-- This site is optimized with the Yoast SEO plugin v27.2 - https:\/\/yoast.com\/product\/yoast-seo-wordpress\/ -->\n<title>Conozca Ionclinics S.L<\/title>\n<meta name=\"description\" content=\"Empresa especializada no desenvolvimento, fabrica\u00e7\u00e3o e comercializa\u00e7\u00e3o de dispositivos eletrom\u00e9dicos e produtos de sa\u00fade.\" \/>\n<meta name=\"robots\" content=\"index, follow, max-snippet:-1, max-image-preview:large, max-video-preview:-1\" \/>\n<link rel=\"canonical\" href=\"https:\/\/ionclinics.com\/pt-br\/ionclinics\/\" \/>\n<meta property=\"og:locale\" content=\"pt_BR\" \/>\n<meta property=\"og:type\" content=\"article\" \/>\n<meta property=\"og:title\" content=\"Conozca Ionclinics S.L\" \/>\n<meta property=\"og:description\" content=\"Empresa especializada no desenvolvimento, fabrica\u00e7\u00e3o e comercializa\u00e7\u00e3o de dispositivos eletrom\u00e9dicos e produtos de sa\u00fade.\" \/>\n<meta property=\"og:url\" content=\"https:\/\/ionclinics.com\/pt-br\/ionclinics\/\" \/>\n<meta property=\"og:site_name\" content=\"Ionclinics\" \/>\n<meta property=\"article:modified_time\" content=\"2024-02-23T11:49:57+00:00\" \/>\n<meta property=\"og:image\" content=\"https:\/\/ionclinics.com\/wp-content\/uploads\/2023\/01\/image-27.png\" \/>\n<meta name=\"twitter:card\" content=\"summary_large_image\" \/>\n<meta name=\"twitter:label1\" content=\"Est. tempo de leitura\" \/>\n\t<meta name=\"twitter:data1\" content=\"3 minutos\" \/>\n<script type=\"application\/ld+json\" class=\"yoast-schema-graph\">{\"@context\":\"https:\/\/schema.org\",\"@graph\":[{\"@type\":\"WebPage\",\"@id\":\"https:\/\/ionclinics.com\/pt-br\/ionclinics\/\",\"url\":\"https:\/\/ionclinics.com\/pt-br\/ionclinics\/\",\"name\":\"Conozca Ionclinics S.L\",\"isPartOf\":{\"@id\":\"https:\/\/ionclinics.com\/pt-br\/#website\"},\"primaryImageOfPage\":{\"@id\":\"https:\/\/ionclinics.com\/pt-br\/ionclinics\/#primaryimage\"},\"image\":{\"@id\":\"https:\/\/ionclinics.com\/pt-br\/ionclinics\/#primaryimage\"},\"thumbnailUrl\":\"https:\/\/ionclinics.com\/wp-content\/uploads\/2023\/01\/image-27.png\",\"datePublished\":\"2023-01-04T01:09:28+00:00\",\"dateModified\":\"2024-02-23T11:49:57+00:00\",\"description\":\"Empresa especializada no desenvolvimento, fabrica\u00e7\u00e3o e comercializa\u00e7\u00e3o de dispositivos eletrom\u00e9dicos e produtos de sa\u00fade.\",\"breadcrumb\":{\"@id\":\"https:\/\/ionclinics.com\/pt-br\/ionclinics\/#breadcrumb\"},\"inLanguage\":\"pt-BR\",\"potentialAction\":[{\"@type\":\"ReadAction\",\"target\":[\"https:\/\/ionclinics.com\/pt-br\/ionclinics\/\"]}]},{\"@type\":\"ImageObject\",\"inLanguage\":\"pt-BR\",\"@id\":\"https:\/\/ionclinics.com\/pt-br\/ionclinics\/#primaryimage\",\"url\":\"https:\/\/ionclinics.com\/wp-content\/uploads\/2023\/01\/image-27.png\",\"contentUrl\":\"https:\/\/ionclinics.com\/wp-content\/uploads\/2023\/01\/image-27.png\"},{\"@type\":\"BreadcrumbList\",\"@id\":\"https:\/\/ionclinics.com\/pt-br\/ionclinics\/#breadcrumb\",\"itemListElement\":[{\"@type\":\"ListItem\",\"position\":1,\"name\":\"Home\",\"item\":\"https:\/\/ionclinics.com\/pt-br\/\"},{\"@type\":\"ListItem\",\"position\":2,\"name\":\"IONClinics\"}]},{\"@type\":\"WebSite\",\"@id\":\"https:\/\/ionclinics.com\/pt-br\/#website\",\"url\":\"https:\/\/ionclinics.com\/pt-br\/\",\"name\":\"Ionclinics\",\"description\":\"L\u00edderes en neuromodulaci\u00f3n\",\"publisher\":{\"@id\":\"https:\/\/ionclinics.com\/pt-br\/#organization\"},\"alternateName\":\"Ionclinics\",\"potentialAction\":[{\"@type\":\"SearchAction\",\"target\":{\"@type\":\"EntryPoint\",\"urlTemplate\":\"https:\/\/ionclinics.com\/pt-br\/?s={search_term_string}\"},\"query-input\":{\"@type\":\"PropertyValueSpecification\",\"valueRequired\":true,\"valueName\":\"search_term_string\"}}],\"inLanguage\":\"pt-BR\"},{\"@type\":\"Organization\",\"@id\":\"https:\/\/ionclinics.com\/pt-br\/#organization\",\"name\":\"Ionclinics\",\"alternateName\":\"Ionclinics\",\"url\":\"https:\/\/ionclinics.com\/pt-br\/\",\"logo\":{\"@type\":\"ImageObject\",\"inLanguage\":\"pt-BR\",\"@id\":\"https:\/\/ionclinics.com\/pt-br\/#\/schema\/logo\/image\/\",\"url\":\"https:\/\/ionclinics.com\/wp-content\/uploads\/2022\/12\/Logo-Ionclinics-CH.png\",\"contentUrl\":\"https:\/\/ionclinics.com\/wp-content\/uploads\/2022\/12\/Logo-Ionclinics-CH.png\",\"width\":406,\"height\":126,\"caption\":\"Ionclinics\"},\"image\":{\"@id\":\"https:\/\/ionclinics.com\/pt-br\/#\/schema\/logo\/image\/\"}}]}<\/script>\n<!-- \/ Yoast SEO plugin. -->","yoast_head_json":{"title":"Conozca Ionclinics S.L","description":"Empresa especializada no desenvolvimento, fabrica\u00e7\u00e3o e comercializa\u00e7\u00e3o de dispositivos eletrom\u00e9dicos e produtos de sa\u00fade.","robots":{"index":"index","follow":"follow","max-snippet":"max-snippet:-1","max-image-preview":"max-image-preview:large","max-video-preview":"max-video-preview:-1"},"canonical":"https:\/\/ionclinics.com\/pt-br\/ionclinics\/","og_locale":"pt_BR","og_type":"article","og_title":"Conozca Ionclinics S.L","og_description":"Empresa especializada no desenvolvimento, fabrica\u00e7\u00e3o e comercializa\u00e7\u00e3o de dispositivos eletrom\u00e9dicos e produtos de sa\u00fade.","og_url":"https:\/\/ionclinics.com\/pt-br\/ionclinics\/","og_site_name":"Ionclinics","article_modified_time":"2024-02-23T11:49:57+00:00","og_image":[{"url":"https:\/\/ionclinics.com\/wp-content\/uploads\/2023\/01\/image-27.png","type":"","width":"","height":""}],"twitter_card":"summary_large_image","twitter_misc":{"Est. tempo de leitura":"3 minutos"},"schema":{"@context":"https:\/\/schema.org","@graph":[{"@type":"WebPage","@id":"https:\/\/ionclinics.com\/pt-br\/ionclinics\/","url":"https:\/\/ionclinics.com\/pt-br\/ionclinics\/","name":"Conozca Ionclinics S.L","isPartOf":{"@id":"https:\/\/ionclinics.com\/pt-br\/#website"},"primaryImageOfPage":{"@id":"https:\/\/ionclinics.com\/pt-br\/ionclinics\/#primaryimage"},"image":{"@id":"https:\/\/ionclinics.com\/pt-br\/ionclinics\/#primaryimage"},"thumbnailUrl":"https:\/\/ionclinics.com\/wp-content\/uploads\/2023\/01\/image-27.png","datePublished":"2023-01-04T01:09:28+00:00","dateModified":"2024-02-23T11:49:57+00:00","description":"Empresa especializada no desenvolvimento, fabrica\u00e7\u00e3o e comercializa\u00e7\u00e3o de dispositivos eletrom\u00e9dicos e produtos de sa\u00fade.","breadcrumb":{"@id":"https:\/\/ionclinics.com\/pt-br\/ionclinics\/#breadcrumb"},"inLanguage":"pt-BR","potentialAction":[{"@type":"ReadAction","target":["https:\/\/ionclinics.com\/pt-br\/ionclinics\/"]}]},{"@type":"ImageObject","inLanguage":"pt-BR","@id":"https:\/\/ionclinics.com\/pt-br\/ionclinics\/#primaryimage","url":"https:\/\/ionclinics.com\/wp-content\/uploads\/2023\/01\/image-27.png","contentUrl":"https:\/\/ionclinics.com\/wp-content\/uploads\/2023\/01\/image-27.png"},{"@type":"BreadcrumbList","@id":"https:\/\/ionclinics.com\/pt-br\/ionclinics\/#breadcrumb","itemListElement":[{"@type":"ListItem","position":1,"name":"Home","item":"https:\/\/ionclinics.com\/pt-br\/"},{"@type":"ListItem","position":2,"name":"IONClinics"}]},{"@type":"WebSite","@id":"https:\/\/ionclinics.com\/pt-br\/#website","url":"https:\/\/ionclinics.com\/pt-br\/","name":"Ionclinics","description":"L\u00edderes en neuromodulaci\u00f3n","publisher":{"@id":"https:\/\/ionclinics.com\/pt-br\/#organization"},"alternateName":"Ionclinics","potentialAction":[{"@type":"SearchAction","target":{"@type":"EntryPoint","urlTemplate":"https:\/\/ionclinics.com\/pt-br\/?s={search_term_string}"},"query-input":{"@type":"PropertyValueSpecification","valueRequired":true,"valueName":"search_term_string"}}],"inLanguage":"pt-BR"},{"@type":"Organization","@id":"https:\/\/ionclinics.com\/pt-br\/#organization","name":"Ionclinics","alternateName":"Ionclinics","url":"https:\/\/ionclinics.com\/pt-br\/","logo":{"@type":"ImageObject","inLanguage":"pt-BR","@id":"https:\/\/ionclinics.com\/pt-br\/#\/schema\/logo\/image\/","url":"https:\/\/ionclinics.com\/wp-content\/uploads\/2022\/12\/Logo-Ionclinics-CH.png","contentUrl":"https:\/\/ionclinics.com\/wp-content\/uploads\/2022\/12\/Logo-Ionclinics-CH.png","width":406,"height":126,"caption":"Ionclinics"},"image":{"@id":"https:\/\/ionclinics.com\/pt-br\/#\/schema\/logo\/image\/"}}]}},"_links":{"self":[{"href":"https:\/\/ionclinics.com\/pt-br\/wp-json\/wp\/v2\/pages\/18456","targetHints":{"allow":["GET"]}}],"collection":[{"href":"https:\/\/ionclinics.com\/pt-br\/wp-json\/wp\/v2\/pages"}],"about":[{"href":"https:\/\/ionclinics.com\/pt-br\/wp-json\/wp\/v2\/types\/page"}],"author":[{"embeddable":true,"href":"https:\/\/ionclinics.com\/pt-br\/wp-json\/wp\/v2\/users\/1"}],"replies":[{"embeddable":true,"href":"https:\/\/ionclinics.com\/pt-br\/wp-json\/wp\/v2\/comments?post=18456"}],"version-history":[{"count":5,"href":"https:\/\/ionclinics.com\/pt-br\/wp-json\/wp\/v2\/pages\/18456\/revisions"}],"predecessor-version":[{"id":24804,"href":"https:\/\/ionclinics.com\/pt-br\/wp-json\/wp\/v2\/pages\/18456\/revisions\/24804"}],"wp:attachment":[{"href":"https:\/\/ionclinics.com\/pt-br\/wp-json\/wp\/v2\/media?parent=18456"}],"curies":[{"name":"wp","href":"https:\/\/api.w.org\/{rel}","templated":true}]}}