{"id":14045,"date":"2023-01-03T18:21:39","date_gmt":"2023-01-03T16:21:39","guid":{"rendered":"https:\/\/ionclinics.com\/support\/"},"modified":"2025-11-12T13:25:33","modified_gmt":"2025-11-12T11:25:33","slug":"support","status":"publish","type":"page","link":"https:\/\/ionclinics.com\/en\/support\/","title":{"rendered":"SUPPORT"},"content":{"rendered":"\t\t<div data-elementor-type=\"wp-page\" data-elementor-id=\"14045\" class=\"elementor elementor-14045\" data-elementor-post-type=\"page\">\n\t\t\t\t\t\t<section class=\"elementor-section elementor-top-section elementor-element elementor-element-3a09aa2 elementor-section-boxed elementor-section-height-default elementor-section-height-default\" data-id=\"3a09aa2\" data-element_type=\"section\" data-e-type=\"section\" data-settings=\"{&quot;background_background&quot;:&quot;classic&quot;}\">\n\t\t\t\t\t\t<div class=\"elementor-container elementor-column-gap-no\">\n\t\t\t\t\t<div class=\"elementor-column elementor-col-50 elementor-top-column elementor-element elementor-element-e472bf5\" data-id=\"e472bf5\" data-element_type=\"column\" data-e-type=\"column\">\n\t\t\t<div class=\"elementor-widget-wrap elementor-element-populated\">\n\t\t\t\t\t\t<div class=\"elementor-element elementor-element-c6e111f elementor-widget elementor-widget-heading\" data-id=\"c6e111f\" data-element_type=\"widget\" data-e-type=\"widget\" data-widget_type=\"heading.default\">\n\t\t\t\t<div class=\"elementor-widget-container\">\n\t\t\t\t\t<h1 class=\"elementor-heading-title elementor-size-default\">SUPPORT<\/h1>\t\t\t\t<\/div>\n\t\t\t\t<\/div>\n\t\t\t\t<div class=\"elementor-element elementor-element-0a7af69 elementor-widget elementor-widget-text-editor\" data-id=\"0a7af69\" data-element_type=\"widget\" data-e-type=\"widget\" data-widget_type=\"text-editor.default\">\n\t\t\t\t<div class=\"elementor-widget-container\">\n\t\t\t\t\t\t\t\t\t<p>Our clients are our number one priority. <\/p>\n\t\t\t\t\t\t\t\t<\/div>\n\t\t\t\t<\/div>\n\t\t\t\t\t<\/div>\n\t\t<\/div>\n\t\t\t\t<div class=\"elementor-column elementor-col-50 elementor-top-column elementor-element elementor-element-5f844bf\" data-id=\"5f844bf\" data-element_type=\"column\" data-e-type=\"column\">\n\t\t\t<div class=\"elementor-widget-wrap elementor-element-populated\">\n\t\t\t\t\t\t<div class=\"elementor-element elementor-element-be4f640 elementor-widget elementor-widget-heading\" data-id=\"be4f640\" data-element_type=\"widget\" data-e-type=\"widget\" data-widget_type=\"heading.default\">\n\t\t\t\t<div class=\"elementor-widget-container\">\n\t\t\t\t\t<h2 class=\"elementor-heading-title elementor-size-default\"><b>You can access our support services by filling out the form below.<b><\/h2>\t\t\t\t<\/div>\n\t\t\t\t<\/div>\n\t\t\t\t<div class=\"elementor-element elementor-element-6f4238c elementor-widget elementor-widget-heading\" data-id=\"6f4238c\" data-element_type=\"widget\" data-e-type=\"widget\" data-widget_type=\"heading.default\">\n\t\t\t\t<div class=\"elementor-widget-container\">\n\t\t\t\t\t<h2 class=\"elementor-heading-title elementor-size-default\">You can access our support services by filling out the form below. We will endeavour to reply to you within 24 hours. Alternatively, if you request is urgent, please contact us directly on (+34) 616 653 827.<\/h2>\t\t\t\t<\/div>\n\t\t\t\t<\/div>\n\t\t\t\t\t<\/div>\n\t\t<\/div>\n\t\t\t\t\t<\/div>\n\t\t<\/section>\n\t\t\t\t<section class=\"elementor-section elementor-top-section elementor-element elementor-element-204fb44 elementor-section-boxed elementor-section-height-default elementor-section-height-default\" data-id=\"204fb44\" data-element_type=\"section\" data-e-type=\"section\" data-settings=\"{&quot;background_background&quot;:&quot;classic&quot;}\">\n\t\t\t\t\t\t<div class=\"elementor-container elementor-column-gap-no\">\n\t\t\t\t\t<div class=\"elementor-column elementor-col-50 elementor-top-column elementor-element elementor-element-95f3619\" data-id=\"95f3619\" data-element_type=\"column\" data-e-type=\"column\">\n\t\t\t<div class=\"elementor-widget-wrap\">\n\t\t\t\t\t\t\t<\/div>\n\t\t<\/div>\n\t\t\t\t<div class=\"elementor-column elementor-col-50 elementor-top-column elementor-element elementor-element-817fc46\" data-id=\"817fc46\" data-element_type=\"column\" data-e-type=\"column\">\n\t\t\t<div class=\"elementor-widget-wrap elementor-element-populated\">\n\t\t\t\t\t\t<div class=\"elementor-element elementor-element-aa05bd7 elementor-widget elementor-widget-wpforms\" data-id=\"aa05bd7\" data-element_type=\"widget\" data-e-type=\"widget\" data-widget_type=\"wpforms.default\">\n\t\t\t\t<div class=\"elementor-widget-container\">\n\t\t\t\t\t<div class=\"wpforms-container wpforms-container-full\" id=\"wpforms-15184\"><form id=\"wpforms-form-15184\" class=\"wpforms-validate wpforms-form wpforms-ajax-form\" data-formid=\"15184\" method=\"post\" enctype=\"multipart\/form-data\" action=\"\/en\/wp-json\/wp\/v2\/pages\/14045\" data-token=\"eb560d4da140d17a0ecc6da6aea1b0f1\" data-token-time=\"1775644116\"><noscript class=\"wpforms-error-noscript\">Please enable JavaScript in your browser to complete this form.<\/noscript><div class=\"wpforms-field-container\"><div id=\"wpforms-15184-field_6-container\" class=\"wpforms-field wpforms-field-layout\" data-field-id=\"6\"><div class=\"wpforms-field-layout-columns wpforms-field-layout-preset-50-50\"><div class=\"wpforms-layout-column wpforms-layout-column-50\" ><div id=\"wpforms-15184-field_12-container\" class=\"wpforms-field wpforms-field-name\" data-field-id=\"12\"><label class=\"wpforms-field-label wpforms-label-hide\" for=\"wpforms-15184-field_12\">Name <span class=\"wpforms-required-label\">*<\/span><\/label><input type=\"text\" id=\"wpforms-15184-field_12\" class=\"wpforms-field-medium wpforms-field-required\" name=\"wpforms[fields][12]\" placeholder=\"NAME\" required><\/div><\/div><div class=\"wpforms-layout-column wpforms-layout-column-50\" ><div id=\"wpforms-15184-field_13-container\" class=\"wpforms-field wpforms-field-name\" data-field-id=\"13\"><label class=\"wpforms-field-label wpforms-label-hide\" for=\"wpforms-15184-field_13\">Surname <span class=\"wpforms-required-label\">*<\/span><\/label><input type=\"text\" id=\"wpforms-15184-field_13\" class=\"wpforms-field-medium wpforms-field-required\" name=\"wpforms[fields][13]\" placeholder=\"SURNAME\" required><\/div><\/div><\/div><\/div><div id=\"wpforms-15184-field_32-container\" class=\"wpforms-field wpforms-field-layout\" data-field-id=\"32\"><div class=\"wpforms-field-layout-columns wpforms-field-layout-preset-50-50\"><div class=\"wpforms-layout-column wpforms-layout-column-50\" ><div id=\"wpforms-15184-field_33-container\" class=\"wpforms-field wpforms-field-phone\" data-field-id=\"33\"><label class=\"wpforms-field-label wpforms-label-hide\" for=\"wpforms-15184-field_33\">Phone (copia)<\/label><input type=\"tel\" id=\"wpforms-15184-field_33\" class=\"wpforms-field-medium wpforms-smart-phone-field\" data-rule-smart-phone-field=\"true\" name=\"wpforms[fields][33]\" placeholder=\"PHONE\" aria-label=\"Phone (copia)\" ><\/div><\/div><div class=\"wpforms-layout-column wpforms-layout-column-50\" ><div id=\"wpforms-15184-field_34-container\" class=\"wpforms-field wpforms-field-email\" data-field-id=\"34\"><label class=\"wpforms-field-label wpforms-label-hide\" for=\"wpforms-15184-field_34\">Email (copia) <span class=\"wpforms-required-label\">*<\/span><\/label><input type=\"email\" id=\"wpforms-15184-field_34\" class=\"wpforms-field-medium wpforms-field-required\" name=\"wpforms[fields][34]\" placeholder=\"EMAIL\" spellcheck=\"false\" required><\/div><\/div><\/div><\/div><div id=\"wpforms-15184-field_27-container\" class=\"wpforms-field wpforms-field-layout\" data-field-id=\"27\"><div class=\"wpforms-field-layout-columns wpforms-field-layout-preset-50-50\"><div class=\"wpforms-layout-column wpforms-layout-column-50\" ><div id=\"wpforms-15184-field_35-container\" class=\"wpforms-field wpforms-field-select wpforms-field-select-style-classic\" data-field-id=\"35\"><label class=\"wpforms-field-label wpforms-label-hide\" for=\"wpforms-15184-field_35\">DEVICE<\/label><select id=\"wpforms-15184-field_35\" class=\"wpforms-field-medium\" name=\"wpforms[fields][35]\"><option value=\"\" class=\"placeholder\" disabled  selected='selected'>DEVICE<\/option><option value=\"Epte System\"  class=\"choice-1 depth-1\"  >Epte System<\/option><option value=\"Epte Bipolar System\"  class=\"choice-2 depth-1\"  >Epte Bipolar System<\/option><option value=\"Other\"  class=\"choice-3 depth-1\"  >Other<\/option><\/select><\/div><\/div><div class=\"wpforms-layout-column wpforms-layout-column-50\" ><div id=\"wpforms-15184-field_30-container\" class=\"wpforms-field wpforms-field-email\" data-field-id=\"30\"><label class=\"wpforms-field-label wpforms-label-hide\" for=\"wpforms-15184-field_30\">SERIAL NUMBER <span class=\"wpforms-required-label\">*<\/span><\/label><input type=\"email\" id=\"wpforms-15184-field_30\" class=\"wpforms-field-medium wpforms-field-required\" name=\"wpforms[fields][30]\" placeholder=\"SERIAL NUMBER\" spellcheck=\"false\" required><\/div><\/div><\/div><\/div><div id=\"wpforms-15184-field_21-container\" class=\"wpforms-field wpforms-field-textarea\" data-field-id=\"21\"><label class=\"wpforms-field-label wpforms-label-hide\" for=\"wpforms-15184-field_21\">Message<\/label><textarea id=\"wpforms-15184-field_21\" class=\"wpforms-field-medium\" name=\"wpforms[fields][21]\" placeholder=\"YOUR MESSAGE\" ><\/textarea><\/div><div id=\"wpforms-15184-field_26-container\" class=\"wpforms-field wpforms-field-html\" data-field-id=\"26\"><div id=\"wpforms-15184-field_26\"><p><b>T\u00e9rminos, condiciones y pol\u00edtica de privacidad<\/b> Para poder tramitar su solicitud para inscribirse al curso de formaci\u00f3n necesitamos tus datos personales. Por favor, lea atentamente la informaci\u00f3n b\u00e1sica sobre protecci\u00f3n de datos y las condiciones sobre la Inscripci\u00f3n, y acepte nuestra pol\u00edtica de privacidad, aviso legal y condiciones sobre la inscripci\u00f3n.\r\n<\/p><\/div><\/div><div id=\"wpforms-15184-field_24-container\" class=\"wpforms-field wpforms-field-checkbox\" data-field-id=\"24\"><label class=\"wpforms-field-label wpforms-label-hide\">Casillas de verificaci\u00f3n<\/label><ul id=\"wpforms-15184-field_24\"><li class=\"choice-1 depth-1\"><input type=\"checkbox\" id=\"wpforms-15184-field_24_1\" name=\"wpforms[fields][24][]\" value=\"I have read and accept the &lt;a class=&quot;my-violet&quot; href=&quot;https:\/\/ionclinics.com\/politica-privacidad-3\/&quot; target=&quot;_blank&quot;&gt;privacy policy&lt;\/a&gt; and&lt;a class=&quot;my-violet&quot; href=&quot;https:\/\/ionclinics.com\/aviso-legal\/&quot; target=&quot;_blank&quot;&gt;legal notice&lt;\/a&gt; *\"  ><label class=\"wpforms-field-label-inline\" for=\"wpforms-15184-field_24_1\">I have read and accept the <a class=\"my-violet\" href=\"https:\/\/ionclinics.com\/politica-privacidad-3\/\" target=\"_blank\">privacy policy<\/a> and<a class=\"my-violet\" href=\"https:\/\/ionclinics.com\/aviso-legal\/\" target=\"_blank\">legal notice<\/a> *<\/label><\/li><\/ul><\/div><\/div><!-- .wpforms-field-container --><div class=\"wpforms-recaptcha-container wpforms-is-recaptcha wpforms-is-recaptcha-type-v3\" ><input type=\"hidden\" name=\"wpforms[recaptcha]\" value=\"\"><\/div><div class=\"wpforms-submit-container\" ><input type=\"hidden\" name=\"wpforms[id]\" value=\"15184\"><input type=\"hidden\" name=\"page_title\" value=\"\"><input type=\"hidden\" name=\"page_url\" value=\"https:\/\/ionclinics.com\/en\/wp-json\/wp\/v2\/pages\/14045\"><input type=\"hidden\" name=\"url_referer\" value=\"\"><button type=\"submit\" name=\"wpforms[submit]\" id=\"wpforms-submit-15184\" class=\"wpforms-submit\" data-alt-text=\"Sending...\" data-submit-text=\"SEND\" aria-live=\"assertive\" value=\"wpforms-submit\">SEND<\/button><img loading=\"lazy\" decoding=\"async\" src=\"https:\/\/ionclinics.com\/wp-content\/plugins\/wpforms\/assets\/images\/submit-spin.svg\" class=\"wpforms-submit-spinner\" style=\"display: none;\" width=\"26\" height=\"26\" alt=\"Loading\"><\/div><\/form><\/div><!-- .wpforms-container -->\t\t\t\t<\/div>\n\t\t\t\t<\/div>\n\t\t\t\t\t<\/div>\n\t\t<\/div>\n\t\t\t\t\t<\/div>\n\t\t<\/section>\n\t\t\t\t<section class=\"elementor-section elementor-top-section elementor-element elementor-element-2f6fee2 elementor-section-boxed elementor-section-height-default elementor-section-height-default\" data-id=\"2f6fee2\" data-element_type=\"section\" data-e-type=\"section\">\n\t\t\t\t\t\t<div class=\"elementor-container elementor-column-gap-no\">\n\t\t\t\t\t<div class=\"elementor-column elementor-col-50 elementor-top-column elementor-element elementor-element-109bc6a\" data-id=\"109bc6a\" data-element_type=\"column\" data-e-type=\"column\">\n\t\t\t<div class=\"elementor-widget-wrap\">\n\t\t\t\t\t\t\t<\/div>\n\t\t<\/div>\n\t\t\t\t<div class=\"elementor-column elementor-col-50 elementor-top-column elementor-element elementor-element-6b25aca\" data-id=\"6b25aca\" data-element_type=\"column\" data-e-type=\"column\">\n\t\t\t<div class=\"elementor-widget-wrap elementor-element-populated\">\n\t\t\t\t\t\t<div class=\"elementor-element elementor-element-601cf13 elementor-widget elementor-widget-heading\" data-id=\"601cf13\" data-element_type=\"widget\" data-e-type=\"widget\" data-widget_type=\"heading.default\">\n\t\t\t\t<div class=\"elementor-widget-container\">\n\t\t\t\t\t<h2 class=\"elementor-heading-title elementor-size-default\">We recommend that you check the SPAM folder of your email account, in case you do not receive an email in your inbox after sending the form, with information on the steps to follow to formalise registration.\n\n<\/h2>\t\t\t\t<\/div>\n\t\t\t\t<\/div>\n\t\t\t\t\t<\/div>\n\t\t<\/div>\n\t\t\t\t\t<\/div>\n\t\t<\/section>\n\t\t\t\t<\/div>\n\t\t","protected":false},"excerpt":{"rendered":"<p>SUPPORT Our clients are our number one priority. You can access our support services by filling out the form below. You can access our support services by filling out the form below. We will endeavour to reply to you within 24 hours. Alternatively, if you request is urgent, please contact us directly on (+34) 616 [&hellip;]<\/p>\n","protected":false},"author":1,"featured_media":0,"parent":0,"menu_order":0,"comment_status":"closed","ping_status":"closed","template":"","meta":{"_acf_changed":false,"footnotes":""},"class_list":["post-14045","page","type-page","status-publish","hentry"],"acf":[],"yoast_head":"<!-- This site is optimized with the Yoast SEO plugin v27.2 - https:\/\/yoast.com\/product\/yoast-seo-wordpress\/ -->\n<title>Technical Support | Ionclinics<\/title>\n<meta name=\"description\" content=\"Need help with your Ionclinics device? Contact our technical support team for assistance, repairs, or questions about EPTE\u00ae and tDCS systems.\" \/>\n<meta name=\"robots\" content=\"index, follow, max-snippet:-1, max-image-preview:large, max-video-preview:-1\" \/>\n<link rel=\"canonical\" href=\"https:\/\/ionclinics.com\/en\/support\/\" \/>\n<meta property=\"og:locale\" content=\"en_US\" \/>\n<meta property=\"og:type\" content=\"article\" \/>\n<meta property=\"og:title\" content=\"Technical Support | Ionclinics\" \/>\n<meta property=\"og:description\" content=\"Need help with your Ionclinics device? Contact our technical support team for assistance, repairs, or questions about EPTE\u00ae and tDCS systems.\" \/>\n<meta property=\"og:url\" content=\"https:\/\/ionclinics.com\/en\/support\/\" \/>\n<meta property=\"og:site_name\" content=\"Ionclinics\" \/>\n<meta property=\"article:modified_time\" content=\"2025-11-12T11:25:33+00:00\" \/>\n<meta property=\"og:image\" content=\"https:\/\/ionclinics.com\/wp-content\/plugins\/wpforms\/assets\/images\/submit-spin.svg\" \/>\n<meta name=\"twitter:card\" content=\"summary_large_image\" \/>\n<meta name=\"twitter:label1\" content=\"Est. reading time\" \/>\n\t<meta name=\"twitter:data1\" content=\"1 minute\" \/>\n<script type=\"application\/ld+json\" class=\"yoast-schema-graph\">{\"@context\":\"https:\/\/schema.org\",\"@graph\":[{\"@type\":\"WebPage\",\"@id\":\"https:\/\/ionclinics.com\/en\/support\/\",\"url\":\"https:\/\/ionclinics.com\/en\/support\/\",\"name\":\"Technical Support | Ionclinics\",\"isPartOf\":{\"@id\":\"https:\/\/ionclinics.com\/en\/#website\"},\"primaryImageOfPage\":{\"@id\":\"https:\/\/ionclinics.com\/en\/support\/#primaryimage\"},\"image\":{\"@id\":\"https:\/\/ionclinics.com\/en\/support\/#primaryimage\"},\"thumbnailUrl\":\"https:\/\/ionclinics.com\/wp-content\/plugins\/wpforms\/assets\/images\/submit-spin.svg\",\"datePublished\":\"2023-01-03T16:21:39+00:00\",\"dateModified\":\"2025-11-12T11:25:33+00:00\",\"description\":\"Need help with your Ionclinics device? Contact our technical support team for assistance, repairs, or questions about EPTE\u00ae and tDCS systems.\",\"breadcrumb\":{\"@id\":\"https:\/\/ionclinics.com\/en\/support\/#breadcrumb\"},\"inLanguage\":\"en-US\",\"potentialAction\":[{\"@type\":\"ReadAction\",\"target\":[\"https:\/\/ionclinics.com\/en\/support\/\"]}]},{\"@type\":\"ImageObject\",\"inLanguage\":\"en-US\",\"@id\":\"https:\/\/ionclinics.com\/en\/support\/#primaryimage\",\"url\":\"https:\/\/ionclinics.com\/wp-content\/plugins\/wpforms\/assets\/images\/submit-spin.svg\",\"contentUrl\":\"https:\/\/ionclinics.com\/wp-content\/plugins\/wpforms\/assets\/images\/submit-spin.svg\"},{\"@type\":\"BreadcrumbList\",\"@id\":\"https:\/\/ionclinics.com\/en\/support\/#breadcrumb\",\"itemListElement\":[{\"@type\":\"ListItem\",\"position\":1,\"name\":\"Home\",\"item\":\"https:\/\/ionclinics.com\/en\/\"},{\"@type\":\"ListItem\",\"position\":2,\"name\":\"SUPPORT\"}]},{\"@type\":\"WebSite\",\"@id\":\"https:\/\/ionclinics.com\/en\/#website\",\"url\":\"https:\/\/ionclinics.com\/en\/\",\"name\":\"Ionclinics\",\"description\":\"L\u00edderes en neuromodulaci\u00f3n\",\"publisher\":{\"@id\":\"https:\/\/ionclinics.com\/en\/#organization\"},\"alternateName\":\"Ionclinics\",\"potentialAction\":[{\"@type\":\"SearchAction\",\"target\":{\"@type\":\"EntryPoint\",\"urlTemplate\":\"https:\/\/ionclinics.com\/en\/?s={search_term_string}\"},\"query-input\":{\"@type\":\"PropertyValueSpecification\",\"valueRequired\":true,\"valueName\":\"search_term_string\"}}],\"inLanguage\":\"en-US\"},{\"@type\":\"Organization\",\"@id\":\"https:\/\/ionclinics.com\/en\/#organization\",\"name\":\"Ionclinics\",\"alternateName\":\"Ionclinics\",\"url\":\"https:\/\/ionclinics.com\/en\/\",\"logo\":{\"@type\":\"ImageObject\",\"inLanguage\":\"en-US\",\"@id\":\"https:\/\/ionclinics.com\/en\/#\/schema\/logo\/image\/\",\"url\":\"https:\/\/ionclinics.com\/wp-content\/uploads\/2022\/12\/Logo-Ionclinics-CH.png\",\"contentUrl\":\"https:\/\/ionclinics.com\/wp-content\/uploads\/2022\/12\/Logo-Ionclinics-CH.png\",\"width\":406,\"height\":126,\"caption\":\"Ionclinics\"},\"image\":{\"@id\":\"https:\/\/ionclinics.com\/en\/#\/schema\/logo\/image\/\"}}]}<\/script>\n<!-- \/ Yoast SEO plugin. -->","yoast_head_json":{"title":"Technical Support | Ionclinics","description":"Need help with your Ionclinics device? Contact our technical support team for assistance, repairs, or questions about EPTE\u00ae and tDCS systems.","robots":{"index":"index","follow":"follow","max-snippet":"max-snippet:-1","max-image-preview":"max-image-preview:large","max-video-preview":"max-video-preview:-1"},"canonical":"https:\/\/ionclinics.com\/en\/support\/","og_locale":"en_US","og_type":"article","og_title":"Technical Support | Ionclinics","og_description":"Need help with your Ionclinics device? Contact our technical support team for assistance, repairs, or questions about EPTE\u00ae and tDCS systems.","og_url":"https:\/\/ionclinics.com\/en\/support\/","og_site_name":"Ionclinics","article_modified_time":"2025-11-12T11:25:33+00:00","og_image":[{"url":"https:\/\/ionclinics.com\/wp-content\/plugins\/wpforms\/assets\/images\/submit-spin.svg","type":"","width":"","height":""}],"twitter_card":"summary_large_image","twitter_misc":{"Est. reading time":"1 minute"},"schema":{"@context":"https:\/\/schema.org","@graph":[{"@type":"WebPage","@id":"https:\/\/ionclinics.com\/en\/support\/","url":"https:\/\/ionclinics.com\/en\/support\/","name":"Technical Support | Ionclinics","isPartOf":{"@id":"https:\/\/ionclinics.com\/en\/#website"},"primaryImageOfPage":{"@id":"https:\/\/ionclinics.com\/en\/support\/#primaryimage"},"image":{"@id":"https:\/\/ionclinics.com\/en\/support\/#primaryimage"},"thumbnailUrl":"https:\/\/ionclinics.com\/wp-content\/plugins\/wpforms\/assets\/images\/submit-spin.svg","datePublished":"2023-01-03T16:21:39+00:00","dateModified":"2025-11-12T11:25:33+00:00","description":"Need help with your Ionclinics device? Contact our technical support team for assistance, repairs, or questions about EPTE\u00ae and tDCS systems.","breadcrumb":{"@id":"https:\/\/ionclinics.com\/en\/support\/#breadcrumb"},"inLanguage":"en-US","potentialAction":[{"@type":"ReadAction","target":["https:\/\/ionclinics.com\/en\/support\/"]}]},{"@type":"ImageObject","inLanguage":"en-US","@id":"https:\/\/ionclinics.com\/en\/support\/#primaryimage","url":"https:\/\/ionclinics.com\/wp-content\/plugins\/wpforms\/assets\/images\/submit-spin.svg","contentUrl":"https:\/\/ionclinics.com\/wp-content\/plugins\/wpforms\/assets\/images\/submit-spin.svg"},{"@type":"BreadcrumbList","@id":"https:\/\/ionclinics.com\/en\/support\/#breadcrumb","itemListElement":[{"@type":"ListItem","position":1,"name":"Home","item":"https:\/\/ionclinics.com\/en\/"},{"@type":"ListItem","position":2,"name":"SUPPORT"}]},{"@type":"WebSite","@id":"https:\/\/ionclinics.com\/en\/#website","url":"https:\/\/ionclinics.com\/en\/","name":"Ionclinics","description":"L\u00edderes en neuromodulaci\u00f3n","publisher":{"@id":"https:\/\/ionclinics.com\/en\/#organization"},"alternateName":"Ionclinics","potentialAction":[{"@type":"SearchAction","target":{"@type":"EntryPoint","urlTemplate":"https:\/\/ionclinics.com\/en\/?s={search_term_string}"},"query-input":{"@type":"PropertyValueSpecification","valueRequired":true,"valueName":"search_term_string"}}],"inLanguage":"en-US"},{"@type":"Organization","@id":"https:\/\/ionclinics.com\/en\/#organization","name":"Ionclinics","alternateName":"Ionclinics","url":"https:\/\/ionclinics.com\/en\/","logo":{"@type":"ImageObject","inLanguage":"en-US","@id":"https:\/\/ionclinics.com\/en\/#\/schema\/logo\/image\/","url":"https:\/\/ionclinics.com\/wp-content\/uploads\/2022\/12\/Logo-Ionclinics-CH.png","contentUrl":"https:\/\/ionclinics.com\/wp-content\/uploads\/2022\/12\/Logo-Ionclinics-CH.png","width":406,"height":126,"caption":"Ionclinics"},"image":{"@id":"https:\/\/ionclinics.com\/en\/#\/schema\/logo\/image\/"}}]}},"_links":{"self":[{"href":"https:\/\/ionclinics.com\/en\/wp-json\/wp\/v2\/pages\/14045","targetHints":{"allow":["GET"]}}],"collection":[{"href":"https:\/\/ionclinics.com\/en\/wp-json\/wp\/v2\/pages"}],"about":[{"href":"https:\/\/ionclinics.com\/en\/wp-json\/wp\/v2\/types\/page"}],"author":[{"embeddable":true,"href":"https:\/\/ionclinics.com\/en\/wp-json\/wp\/v2\/users\/1"}],"replies":[{"embeddable":true,"href":"https:\/\/ionclinics.com\/en\/wp-json\/wp\/v2\/comments?post=14045"}],"version-history":[{"count":4,"href":"https:\/\/ionclinics.com\/en\/wp-json\/wp\/v2\/pages\/14045\/revisions"}],"predecessor-version":[{"id":30922,"href":"https:\/\/ionclinics.com\/en\/wp-json\/wp\/v2\/pages\/14045\/revisions\/30922"}],"wp:attachment":[{"href":"https:\/\/ionclinics.com\/en\/wp-json\/wp\/v2\/media?parent=14045"}],"curies":[{"name":"wp","href":"https:\/\/api.w.org\/{rel}","templated":true}]}}