{"id":12601,"date":"2023-01-03T17:11:54","date_gmt":"2023-01-03T15:11:54","guid":{"rendered":"https:\/\/ionclinics.com\/contact\/"},"modified":"2024-02-23T14:14:47","modified_gmt":"2024-02-23T12:14:47","slug":"contact","status":"publish","type":"page","link":"https:\/\/ionclinics.com\/en\/contact\/","title":{"rendered":"CONTACT"},"content":{"rendered":"\t\t<div data-elementor-type=\"wp-page\" data-elementor-id=\"12601\" class=\"elementor elementor-12601\" data-elementor-post-type=\"page\">\n\t\t\t\t\t\t<section class=\"elementor-section elementor-top-section elementor-element elementor-element-f7b5ea1 elementor-section-boxed elementor-section-height-default elementor-section-height-default\" data-id=\"f7b5ea1\" data-element_type=\"section\" data-e-type=\"section\" data-settings=\"{&quot;background_background&quot;:&quot;classic&quot;}\">\n\t\t\t\t\t\t<div class=\"elementor-container elementor-column-gap-no\">\n\t\t\t\t\t<div class=\"elementor-column elementor-col-50 elementor-top-column elementor-element elementor-element-98e9499\" data-id=\"98e9499\" data-element_type=\"column\" data-e-type=\"column\">\n\t\t\t<div class=\"elementor-widget-wrap elementor-element-populated\">\n\t\t\t\t\t\t<div class=\"elementor-element elementor-element-874c8ea elementor-widget elementor-widget-heading\" data-id=\"874c8ea\" data-element_type=\"widget\" data-e-type=\"widget\" data-widget_type=\"heading.default\">\n\t\t\t\t<div class=\"elementor-widget-container\">\n\t\t\t\t\t<h1 class=\"elementor-heading-title elementor-size-default\">CONTACT<\/h1>\t\t\t\t<\/div>\n\t\t\t\t<\/div>\n\t\t\t\t<div class=\"elementor-element elementor-element-fc00c49 elementor-widget elementor-widget-text-editor\" data-id=\"fc00c49\" data-element_type=\"widget\" data-e-type=\"widget\" data-widget_type=\"text-editor.default\">\n\t\t\t\t<div class=\"elementor-widget-container\">\n\t\t\t\t\t\t\t\t\t<p>We listen, write<\/p>\n\t\t\t\t\t\t\t\t<\/div>\n\t\t\t\t<\/div>\n\t\t\t\t\t<\/div>\n\t\t<\/div>\n\t\t\t\t<div class=\"elementor-column elementor-col-50 elementor-top-column elementor-element elementor-element-0f745c4\" data-id=\"0f745c4\" data-element_type=\"column\" data-e-type=\"column\">\n\t\t\t<div class=\"elementor-widget-wrap elementor-element-populated\">\n\t\t\t\t\t\t<div class=\"elementor-element elementor-element-74f7339 elementor-widget elementor-widget-heading\" data-id=\"74f7339\" data-element_type=\"widget\" data-e-type=\"widget\" data-widget_type=\"heading.default\">\n\t\t\t\t<div class=\"elementor-widget-container\">\n\t\t\t\t\t<h2 class=\"elementor-heading-title elementor-size-default\"><b>Contact with us<\/b><\/h2>\t\t\t\t<\/div>\n\t\t\t\t<\/div>\n\t\t\t\t<div class=\"elementor-element elementor-element-b9381f6 elementor-widget elementor-widget-heading\" data-id=\"b9381f6\" data-element_type=\"widget\" data-e-type=\"widget\" data-widget_type=\"heading.default\">\n\t\t\t\t<div class=\"elementor-widget-container\">\n\t\t\t\t\t<h2 class=\"elementor-heading-title elementor-size-default\">Send your doubts and\/or suggestions to a: <span class=\"bold-p\">info@ionclinics.como<\/span> if you prefer, fill in and send the following form.\n<\/h2>\t\t\t\t<\/div>\n\t\t\t\t<\/div>\n\t\t\t\t\t<\/div>\n\t\t<\/div>\n\t\t\t\t\t<\/div>\n\t\t<\/section>\n\t\t\t\t<section class=\"elementor-section elementor-top-section elementor-element elementor-element-b926895 elementor-section-boxed elementor-section-height-default elementor-section-height-default\" data-id=\"b926895\" data-element_type=\"section\" data-e-type=\"section\" data-settings=\"{&quot;background_background&quot;:&quot;classic&quot;}\">\n\t\t\t\t\t\t<div class=\"elementor-container elementor-column-gap-no\">\n\t\t\t\t\t<div class=\"elementor-column elementor-col-50 elementor-top-column elementor-element elementor-element-88a3783\" data-id=\"88a3783\" data-element_type=\"column\" data-e-type=\"column\">\n\t\t\t<div class=\"elementor-widget-wrap\">\n\t\t\t\t\t\t\t<\/div>\n\t\t<\/div>\n\t\t\t\t<div class=\"elementor-column elementor-col-50 elementor-top-column elementor-element elementor-element-3c0bab4\" data-id=\"3c0bab4\" data-element_type=\"column\" data-e-type=\"column\">\n\t\t\t<div class=\"elementor-widget-wrap elementor-element-populated\">\n\t\t\t\t\t\t<div class=\"elementor-element elementor-element-c2bfdcf ekit_wpForms_container-form-button-custom elementor-widget elementor-widget-elementskit-wp-forms\" data-id=\"c2bfdcf\" data-element_type=\"widget\" data-e-type=\"widget\" data-widget_type=\"elementskit-wp-forms.default\">\n\t\t\t\t<div class=\"elementor-widget-container\">\n\t\t\t\t\t<div class=\"ekit-wid-con ekit_wpForms_container\"><div class=\"wpforms-container wpforms-container-full\" id=\"wpforms-15181\"><form id=\"wpforms-form-15181\" class=\"wpforms-validate wpforms-form wpforms-ajax-form\" data-formid=\"15181\" method=\"post\" enctype=\"multipart\/form-data\" action=\"\/en\/wp-json\/wp\/v2\/pages\/12601\" data-token=\"b9dd9f6162268a4c230083107e6fd3a8\" data-token-time=\"1775645281\"><noscript class=\"wpforms-error-noscript\">Please enable JavaScript in your browser to complete this form.<\/noscript><div class=\"wpforms-field-container\"><div id=\"wpforms-15181-field_12-container\" class=\"wpforms-field wpforms-field-name\" data-field-id=\"12\"><label class=\"wpforms-field-label wpforms-label-hide\" for=\"wpforms-15181-field_12\">Name <span class=\"wpforms-required-label\">*<\/span><\/label><input type=\"text\" id=\"wpforms-15181-field_12\" class=\"wpforms-field-large wpforms-field-required\" name=\"wpforms[fields][12]\" placeholder=\"NAME\" required><\/div><div id=\"wpforms-15181-field_13-container\" class=\"wpforms-field wpforms-field-name\" data-field-id=\"13\"><label class=\"wpforms-field-label wpforms-label-hide\" for=\"wpforms-15181-field_13\">Surname <span class=\"wpforms-required-label\">*<\/span><\/label><input type=\"text\" id=\"wpforms-15181-field_13\" class=\"wpforms-field-large wpforms-field-required\" name=\"wpforms[fields][13]\" placeholder=\"SURNAME\" required><\/div><div id=\"wpforms-15181-field_6-container\" class=\"wpforms-field wpforms-field-layout\" data-field-id=\"6\"><div class=\"wpforms-field-layout-columns wpforms-field-layout-preset-50-50\"><div class=\"wpforms-layout-column wpforms-layout-column-50\" ><div id=\"wpforms-15181-field_8-container\" class=\"wpforms-field wpforms-field-phone\" data-field-id=\"8\"><label class=\"wpforms-field-label wpforms-label-hide\" for=\"wpforms-15181-field_8\">Phone<\/label><input type=\"tel\" id=\"wpforms-15181-field_8\" class=\"wpforms-field-medium wpforms-smart-phone-field\" data-rule-smart-phone-field=\"true\" name=\"wpforms[fields][8]\" placeholder=\"PHONE\" aria-label=\"Phone\" ><\/div><\/div><div class=\"wpforms-layout-column wpforms-layout-column-50\" ><div id=\"wpforms-15181-field_14-container\" class=\"wpforms-field wpforms-field-email\" data-field-id=\"14\"><label class=\"wpforms-field-label wpforms-label-hide\" for=\"wpforms-15181-field_14\">Email <span class=\"wpforms-required-label\">*<\/span><\/label><input type=\"email\" id=\"wpforms-15181-field_14\" class=\"wpforms-field-medium wpforms-field-required\" name=\"wpforms[fields][14]\" placeholder=\"EMAIL\" spellcheck=\"false\" required><\/div><\/div><\/div><\/div><div id=\"wpforms-15181-field_30-container\" class=\"wpforms-field wpforms-field-layout\" data-field-id=\"30\"><div class=\"wpforms-field-layout-columns wpforms-field-layout-preset-50-50\"><div class=\"wpforms-layout-column wpforms-layout-column-50\" ><div id=\"wpforms-15181-field_32-container\" class=\"wpforms-field wpforms-field-select wpforms-field-select-style-classic\" data-field-id=\"32\"><label class=\"wpforms-field-label wpforms-label-hide\" for=\"wpforms-15181-field_32\">Medical speciality<\/label><select id=\"wpforms-15181-field_32\" class=\"wpforms-field-medium\" name=\"wpforms[fields][32]\"><option value=\"\" class=\"placeholder\" disabled  selected='selected'>MEDICAL SPECIALITY<\/option><option value=\"Neurology\"  class=\"choice-1 depth-1\"  >Neurology<\/option><option value=\"Psychiatry\"  class=\"choice-2 depth-1\"  >Psychiatry<\/option><option value=\"Psychology\"  class=\"choice-3 depth-1\"  >Psychology<\/option><option value=\"Neurorehabilitation\"  class=\"choice-4 depth-1\"  >Neurorehabilitation<\/option><option value=\"Speech therapy\"  class=\"choice-7 depth-1\"  >Speech therapy<\/option><option value=\"Physiotherapy\"  class=\"choice-6 depth-1\"  >Physiotherapy<\/option><option value=\"Occupational therapist\"  class=\"choice-5 depth-1\"  >Occupational therapist<\/option><option value=\"Others\"  class=\"choice-8 depth-1\"  >Others<\/option><\/select><\/div><\/div><div class=\"wpforms-layout-column wpforms-layout-column-50\" ><div id=\"wpforms-15181-field_40-container\" class=\"wpforms-field wpforms-field-select wpforms-field-select-style-classic\" data-field-id=\"40\"><label class=\"wpforms-field-label wpforms-label-hide\" for=\"wpforms-15181-field_40\">Workplace <\/label><select id=\"wpforms-15181-field_40\" class=\"wpforms-field-medium\" name=\"wpforms[fields][40]\"><option value=\"\" class=\"placeholder\" disabled  selected='selected'>WORKPLACE<\/option><option value=\"Private clinic\"  class=\"choice-1 depth-1\"  >Private clinic<\/option><option value=\"Private hospital\"  class=\"choice-2 depth-1\"  >Private hospital<\/option><option value=\"Public hospital\"  class=\"choice-3 depth-1\"  >Public hospital<\/option><option value=\"Others\"  class=\"choice-4 depth-1\"  >Others<\/option><\/select><\/div><\/div><\/div><\/div><div id=\"wpforms-15181-field_35-container\" class=\"wpforms-field wpforms-field-layout\" data-field-id=\"35\"><div class=\"wpforms-field-layout-columns wpforms-field-layout-preset-50-50\"><div class=\"wpforms-layout-column wpforms-layout-column-50\" ><div id=\"wpforms-15181-field_39-container\" class=\"wpforms-field wpforms-field-text\" data-field-id=\"39\"><label class=\"wpforms-field-label wpforms-label-hide\" for=\"wpforms-15181-field_39\">City<\/label><input type=\"text\" id=\"wpforms-15181-field_39\" class=\"wpforms-field-medium\" name=\"wpforms[fields][39]\" placeholder=\"CITY\" ><\/div><\/div><div class=\"wpforms-layout-column wpforms-layout-column-50\" ><div id=\"wpforms-15181-field_41-container\" class=\"wpforms-field wpforms-field-text\" data-field-id=\"41\"><label class=\"wpforms-field-label wpforms-label-hide\" for=\"wpforms-15181-field_41\">Country<\/label><input type=\"text\" id=\"wpforms-15181-field_41\" class=\"wpforms-field-medium\" name=\"wpforms[fields][41]\" placeholder=\"COUNTRY\" ><\/div><\/div><\/div><\/div><div id=\"wpforms-15181-field_21-container\" class=\"wpforms-field wpforms-field-textarea\" data-field-id=\"21\"><label class=\"wpforms-field-label wpforms-label-hide\" for=\"wpforms-15181-field_21\">Comments<\/label><textarea id=\"wpforms-15181-field_21\" class=\"wpforms-field-medium\" name=\"wpforms[fields][21]\" placeholder=\"COMMENTS\" ><\/textarea><\/div><div id=\"wpforms-15181-field_26-container\" class=\"wpforms-field wpforms-field-html\" data-field-id=\"26\"><div id=\"wpforms-15181-field_26\"><p><b>T\u00e9rminos, condiciones y pol\u00edtica de privacidad<\/b> Para poder tramitar su solicitud para inscribirse al curso de formaci\u00f3n necesitamos tus datos personales. Por favor, lea atentamente la informaci\u00f3n b\u00e1sica sobre protecci\u00f3n de datos y las condiciones sobre la Inscripci\u00f3n, y acepte nuestra pol\u00edtica de privacidad, aviso legal y condiciones sobre la inscripci\u00f3n.\r\n<\/p><\/div><\/div><div id=\"wpforms-15181-field_24-container\" class=\"wpforms-field wpforms-field-checkbox\" data-field-id=\"24\"><label class=\"wpforms-field-label wpforms-label-hide\">Casillas de verificaci\u00f3n <span class=\"wpforms-required-label\">*<\/span><\/label><ul id=\"wpforms-15181-field_24\" class=\"wpforms-field-required\"><li class=\"choice-1 depth-1\"><input type=\"checkbox\" id=\"wpforms-15181-field_24_1\" name=\"wpforms[fields][24][]\" value=\"I have read and accept the &lt;a class=&quot;my-violet&quot; href=&quot;https:\/\/ionclinics.com\/politica-privacidad-3\/&quot; target=&quot;_blank&quot;&gt;Pol\u00edtica de Privacidad&lt;\/a&gt; y el &lt;a class=&quot;my-violet&quot; href=&quot;https:\/\/ionclinics.com\/aviso-legal\/&quot; target=&quot;_blank&quot;&gt;Legal notice&lt;\/a&gt; *\" required ><label class=\"wpforms-field-label-inline\" for=\"wpforms-15181-field_24_1\">I have read and accept the <a class=\"my-violet\" href=\"https:\/\/ionclinics.com\/politica-privacidad-3\/\" target=\"_blank\">Pol\u00edtica de Privacidad<\/a> y el <a class=\"my-violet\" href=\"https:\/\/ionclinics.com\/aviso-legal\/\" target=\"_blank\">Legal notice<\/a> *<\/label><\/li><\/ul><\/div><div id=\"wpforms-15181-field_27-container\" class=\"wpforms-field wpforms-field-html\" data-field-id=\"27\"><div id=\"wpforms-15181-field_27\"><p><b>Promotional Mailings,Special Offers - Advertising. <\/b> We would be happy to keep in\r\n by post, telephone, SMS and email to send you advertising, promotions and special offers for our\r\n send you advertising, promotions and special offers for our products and services.\r\n We will always treat your personal data with the utmost care and will never sell it to other companies for marketing purposes.\r\n companies for marketing purposes.\r\n<\/p><\/div><\/div><div id=\"wpforms-15181-field_28-container\" class=\"wpforms-field wpforms-field-checkbox\" data-field-id=\"28\"><label class=\"wpforms-field-label wpforms-label-hide\">Casillas de verificaci\u00f3n <span class=\"wpforms-required-label\">*<\/span><\/label><ul id=\"wpforms-15181-field_28\" class=\"wpforms-field-required\"><li class=\"choice-3 depth-1\"><input type=\"checkbox\" id=\"wpforms-15181-field_28_3\" name=\"wpforms[fields][28][]\" value=\"&lt;span class=&quot;check-si&quot;&gt;Yes, &lt;\/span&gt;please, I would like to receive advertising from IONCLINICS &amp; DEIONIC S.L.\" required ><label class=\"wpforms-field-label-inline\" for=\"wpforms-15181-field_28_3\"><span class=\"check-si\">Yes, <\/span>please, I would like to receive advertising from IONCLINICS &amp; DEIONIC S.L.<\/label><\/li><li class=\"choice-2 depth-1\"><input type=\"checkbox\" id=\"wpforms-15181-field_28_2\" name=\"wpforms[fields][28][]\" value=\"&lt;span class=&quot;check-no&quot;&gt;&lt;b&gt;No thanks,&lt;\/b&gt;&lt;\/span&gt;I do not want to receive advertisements from IONCLINICS &amp; DEIONIC S.L.\" required ><label class=\"wpforms-field-label-inline\" for=\"wpforms-15181-field_28_2\"><span class=\"check-no\"><b>No thanks,<\/b><\/span>I do not want to receive advertisements from IONCLINICS &amp; DEIONIC S.L.<\/label><\/li><\/ul><\/div><\/div><!-- .wpforms-field-container --><div class=\"wpforms-recaptcha-container wpforms-is-recaptcha wpforms-is-recaptcha-type-v3\" ><input type=\"hidden\" name=\"wpforms[recaptcha]\" value=\"\"><\/div><div class=\"wpforms-submit-container\" ><input type=\"hidden\" name=\"wpforms[id]\" value=\"15181\"><input type=\"hidden\" name=\"page_title\" value=\"\"><input type=\"hidden\" name=\"page_url\" value=\"https:\/\/ionclinics.com\/en\/wp-json\/wp\/v2\/pages\/12601\"><input type=\"hidden\" name=\"url_referer\" value=\"\"><button type=\"submit\" name=\"wpforms[submit]\" id=\"wpforms-submit-15181\" class=\"wpforms-submit\" data-alt-text=\"Sending...\" data-submit-text=\"Send\" aria-live=\"assertive\" value=\"wpforms-submit\">Send<\/button><img loading=\"lazy\" decoding=\"async\" src=\"https:\/\/ionclinics.com\/wp-content\/plugins\/wpforms\/assets\/images\/submit-spin.svg\" class=\"wpforms-submit-spinner\" style=\"display: none;\" width=\"26\" height=\"26\" alt=\"Loading\"><\/div><\/form><\/div><!-- .wpforms-container --><\/div>\t\t\t\t<\/div>\n\t\t\t\t<\/div>\n\t\t\t\t\t<\/div>\n\t\t<\/div>\n\t\t\t\t\t<\/div>\n\t\t<\/section>\n\t\t\t\t<section class=\"elementor-section elementor-top-section elementor-element elementor-element-75dd2c8 elementor-section-boxed elementor-section-height-default elementor-section-height-default\" data-id=\"75dd2c8\" data-element_type=\"section\" data-e-type=\"section\">\n\t\t\t\t\t\t<div class=\"elementor-container elementor-column-gap-no\">\n\t\t\t\t\t<div class=\"elementor-column elementor-col-50 elementor-top-column elementor-element elementor-element-6014f4f\" data-id=\"6014f4f\" data-element_type=\"column\" data-e-type=\"column\">\n\t\t\t<div class=\"elementor-widget-wrap\">\n\t\t\t\t\t\t\t<\/div>\n\t\t<\/div>\n\t\t\t\t<div class=\"elementor-column elementor-col-50 elementor-top-column elementor-element elementor-element-a41b132\" data-id=\"a41b132\" data-element_type=\"column\" data-e-type=\"column\">\n\t\t\t<div class=\"elementor-widget-wrap elementor-element-populated\">\n\t\t\t\t\t\t<div class=\"elementor-element elementor-element-fde9e90 elementor-widget elementor-widget-heading\" data-id=\"fde9e90\" data-element_type=\"widget\" data-e-type=\"widget\" data-widget_type=\"heading.default\">\n\t\t\t\t<div class=\"elementor-widget-container\">\n\t\t\t\t\t<h2 class=\"elementor-heading-title elementor-size-default\">We recommend that you check the SPAM folder of your email account, in case you do not receive email in your inbox after sending the form.\n\n<\/h2>\t\t\t\t<\/div>\n\t\t\t\t<\/div>\n\t\t\t\t\t<\/div>\n\t\t<\/div>\n\t\t\t\t\t<\/div>\n\t\t<\/section>\n\t\t\t\t<\/div>\n\t\t","protected":false},"excerpt":{"rendered":"<p>CONTACT We listen, write Contact with us Send your doubts and\/or suggestions to a: info@ionclinics.como if you prefer, fill in and send the following form. Please enable JavaScript in your browser to complete this form.Name *Surname *LayoutPhoneEmail *Layout (copia)Medical specialityMEDICAL SPECIALITYNeurologyPsychiatryPsychologyNeurorehabilitationSpeech therapyPhysiotherapyOccupational therapistOthersWorkplace WORKPLACEPrivate clinicPrivate hospitalPublic hospitalOthersLayout (copia) (copia)City (copia) (copia)CountryComments T\u00e9rminos, condiciones y pol\u00edtica [&hellip;]<\/p>\n","protected":false},"author":1,"featured_media":0,"parent":0,"menu_order":0,"comment_status":"closed","ping_status":"closed","template":"","meta":{"_acf_changed":false,"footnotes":""},"class_list":["post-12601","page","type-page","status-publish","hentry"],"acf":[],"yoast_head":"<!-- This site is optimized with the Yoast SEO plugin v27.2 - https:\/\/yoast.com\/product\/yoast-seo-wordpress\/ -->\n<title>Contact Ionclinics<\/title>\n<meta name=\"description\" content=\"Contact Ionclinics and send us all your questions and suggestions. Electromedicine devices and specialized training\" \/>\n<meta name=\"robots\" content=\"index, follow, max-snippet:-1, max-image-preview:large, max-video-preview:-1\" \/>\n<link rel=\"canonical\" href=\"https:\/\/ionclinics.com\/en\/contact\/\" \/>\n<meta property=\"og:locale\" content=\"en_US\" \/>\n<meta property=\"og:type\" content=\"article\" \/>\n<meta property=\"og:title\" content=\"Contact Ionclinics\" \/>\n<meta property=\"og:description\" content=\"Contact Ionclinics and send us all your questions and suggestions. Electromedicine devices and specialized training\" \/>\n<meta property=\"og:url\" content=\"https:\/\/ionclinics.com\/en\/contact\/\" \/>\n<meta property=\"og:site_name\" content=\"Ionclinics\" \/>\n<meta property=\"article:modified_time\" content=\"2024-02-23T12:14:47+00:00\" \/>\n<meta property=\"og:image\" content=\"https:\/\/ionclinics.com\/wp-content\/plugins\/wpforms\/assets\/images\/submit-spin.svg\" \/>\n<meta name=\"twitter:card\" content=\"summary_large_image\" \/>\n<meta name=\"twitter:label1\" content=\"Est. reading time\" \/>\n\t<meta name=\"twitter:data1\" content=\"2 minutes\" \/>\n<script type=\"application\/ld+json\" class=\"yoast-schema-graph\">{\"@context\":\"https:\/\/schema.org\",\"@graph\":[{\"@type\":\"WebPage\",\"@id\":\"https:\/\/ionclinics.com\/en\/contact\/\",\"url\":\"https:\/\/ionclinics.com\/en\/contact\/\",\"name\":\"Contact Ionclinics\",\"isPartOf\":{\"@id\":\"https:\/\/ionclinics.com\/en\/#website\"},\"primaryImageOfPage\":{\"@id\":\"https:\/\/ionclinics.com\/en\/contact\/#primaryimage\"},\"image\":{\"@id\":\"https:\/\/ionclinics.com\/en\/contact\/#primaryimage\"},\"thumbnailUrl\":\"https:\/\/ionclinics.com\/wp-content\/plugins\/wpforms\/assets\/images\/submit-spin.svg\",\"datePublished\":\"2023-01-03T15:11:54+00:00\",\"dateModified\":\"2024-02-23T12:14:47+00:00\",\"description\":\"Contact Ionclinics and send us all your questions and suggestions. Electromedicine devices and specialized training\",\"breadcrumb\":{\"@id\":\"https:\/\/ionclinics.com\/en\/contact\/#breadcrumb\"},\"inLanguage\":\"en-US\",\"potentialAction\":[{\"@type\":\"ReadAction\",\"target\":[\"https:\/\/ionclinics.com\/en\/contact\/\"]}]},{\"@type\":\"ImageObject\",\"inLanguage\":\"en-US\",\"@id\":\"https:\/\/ionclinics.com\/en\/contact\/#primaryimage\",\"url\":\"https:\/\/ionclinics.com\/wp-content\/plugins\/wpforms\/assets\/images\/submit-spin.svg\",\"contentUrl\":\"https:\/\/ionclinics.com\/wp-content\/plugins\/wpforms\/assets\/images\/submit-spin.svg\"},{\"@type\":\"BreadcrumbList\",\"@id\":\"https:\/\/ionclinics.com\/en\/contact\/#breadcrumb\",\"itemListElement\":[{\"@type\":\"ListItem\",\"position\":1,\"name\":\"Home\",\"item\":\"https:\/\/ionclinics.com\/en\/\"},{\"@type\":\"ListItem\",\"position\":2,\"name\":\"CONTACT\"}]},{\"@type\":\"WebSite\",\"@id\":\"https:\/\/ionclinics.com\/en\/#website\",\"url\":\"https:\/\/ionclinics.com\/en\/\",\"name\":\"Ionclinics\",\"description\":\"L\u00edderes en neuromodulaci\u00f3n\",\"publisher\":{\"@id\":\"https:\/\/ionclinics.com\/en\/#organization\"},\"alternateName\":\"Ionclinics\",\"potentialAction\":[{\"@type\":\"SearchAction\",\"target\":{\"@type\":\"EntryPoint\",\"urlTemplate\":\"https:\/\/ionclinics.com\/en\/?s={search_term_string}\"},\"query-input\":{\"@type\":\"PropertyValueSpecification\",\"valueRequired\":true,\"valueName\":\"search_term_string\"}}],\"inLanguage\":\"en-US\"},{\"@type\":\"Organization\",\"@id\":\"https:\/\/ionclinics.com\/en\/#organization\",\"name\":\"Ionclinics\",\"alternateName\":\"Ionclinics\",\"url\":\"https:\/\/ionclinics.com\/en\/\",\"logo\":{\"@type\":\"ImageObject\",\"inLanguage\":\"en-US\",\"@id\":\"https:\/\/ionclinics.com\/en\/#\/schema\/logo\/image\/\",\"url\":\"https:\/\/ionclinics.com\/wp-content\/uploads\/2022\/12\/Logo-Ionclinics-CH.png\",\"contentUrl\":\"https:\/\/ionclinics.com\/wp-content\/uploads\/2022\/12\/Logo-Ionclinics-CH.png\",\"width\":406,\"height\":126,\"caption\":\"Ionclinics\"},\"image\":{\"@id\":\"https:\/\/ionclinics.com\/en\/#\/schema\/logo\/image\/\"}}]}<\/script>\n<!-- \/ Yoast SEO plugin. -->","yoast_head_json":{"title":"Contact Ionclinics","description":"Contact Ionclinics and send us all your questions and suggestions. Electromedicine devices and specialized training","robots":{"index":"index","follow":"follow","max-snippet":"max-snippet:-1","max-image-preview":"max-image-preview:large","max-video-preview":"max-video-preview:-1"},"canonical":"https:\/\/ionclinics.com\/en\/contact\/","og_locale":"en_US","og_type":"article","og_title":"Contact Ionclinics","og_description":"Contact Ionclinics and send us all your questions and suggestions. Electromedicine devices and specialized training","og_url":"https:\/\/ionclinics.com\/en\/contact\/","og_site_name":"Ionclinics","article_modified_time":"2024-02-23T12:14:47+00:00","og_image":[{"url":"https:\/\/ionclinics.com\/wp-content\/plugins\/wpforms\/assets\/images\/submit-spin.svg","type":"","width":"","height":""}],"twitter_card":"summary_large_image","twitter_misc":{"Est. reading time":"2 minutes"},"schema":{"@context":"https:\/\/schema.org","@graph":[{"@type":"WebPage","@id":"https:\/\/ionclinics.com\/en\/contact\/","url":"https:\/\/ionclinics.com\/en\/contact\/","name":"Contact Ionclinics","isPartOf":{"@id":"https:\/\/ionclinics.com\/en\/#website"},"primaryImageOfPage":{"@id":"https:\/\/ionclinics.com\/en\/contact\/#primaryimage"},"image":{"@id":"https:\/\/ionclinics.com\/en\/contact\/#primaryimage"},"thumbnailUrl":"https:\/\/ionclinics.com\/wp-content\/plugins\/wpforms\/assets\/images\/submit-spin.svg","datePublished":"2023-01-03T15:11:54+00:00","dateModified":"2024-02-23T12:14:47+00:00","description":"Contact Ionclinics and send us all your questions and suggestions. Electromedicine devices and specialized training","breadcrumb":{"@id":"https:\/\/ionclinics.com\/en\/contact\/#breadcrumb"},"inLanguage":"en-US","potentialAction":[{"@type":"ReadAction","target":["https:\/\/ionclinics.com\/en\/contact\/"]}]},{"@type":"ImageObject","inLanguage":"en-US","@id":"https:\/\/ionclinics.com\/en\/contact\/#primaryimage","url":"https:\/\/ionclinics.com\/wp-content\/plugins\/wpforms\/assets\/images\/submit-spin.svg","contentUrl":"https:\/\/ionclinics.com\/wp-content\/plugins\/wpforms\/assets\/images\/submit-spin.svg"},{"@type":"BreadcrumbList","@id":"https:\/\/ionclinics.com\/en\/contact\/#breadcrumb","itemListElement":[{"@type":"ListItem","position":1,"name":"Home","item":"https:\/\/ionclinics.com\/en\/"},{"@type":"ListItem","position":2,"name":"CONTACT"}]},{"@type":"WebSite","@id":"https:\/\/ionclinics.com\/en\/#website","url":"https:\/\/ionclinics.com\/en\/","name":"Ionclinics","description":"L\u00edderes en neuromodulaci\u00f3n","publisher":{"@id":"https:\/\/ionclinics.com\/en\/#organization"},"alternateName":"Ionclinics","potentialAction":[{"@type":"SearchAction","target":{"@type":"EntryPoint","urlTemplate":"https:\/\/ionclinics.com\/en\/?s={search_term_string}"},"query-input":{"@type":"PropertyValueSpecification","valueRequired":true,"valueName":"search_term_string"}}],"inLanguage":"en-US"},{"@type":"Organization","@id":"https:\/\/ionclinics.com\/en\/#organization","name":"Ionclinics","alternateName":"Ionclinics","url":"https:\/\/ionclinics.com\/en\/","logo":{"@type":"ImageObject","inLanguage":"en-US","@id":"https:\/\/ionclinics.com\/en\/#\/schema\/logo\/image\/","url":"https:\/\/ionclinics.com\/wp-content\/uploads\/2022\/12\/Logo-Ionclinics-CH.png","contentUrl":"https:\/\/ionclinics.com\/wp-content\/uploads\/2022\/12\/Logo-Ionclinics-CH.png","width":406,"height":126,"caption":"Ionclinics"},"image":{"@id":"https:\/\/ionclinics.com\/en\/#\/schema\/logo\/image\/"}}]}},"_links":{"self":[{"href":"https:\/\/ionclinics.com\/en\/wp-json\/wp\/v2\/pages\/12601","targetHints":{"allow":["GET"]}}],"collection":[{"href":"https:\/\/ionclinics.com\/en\/wp-json\/wp\/v2\/pages"}],"about":[{"href":"https:\/\/ionclinics.com\/en\/wp-json\/wp\/v2\/types\/page"}],"author":[{"embeddable":true,"href":"https:\/\/ionclinics.com\/en\/wp-json\/wp\/v2\/users\/1"}],"replies":[{"embeddable":true,"href":"https:\/\/ionclinics.com\/en\/wp-json\/wp\/v2\/comments?post=12601"}],"version-history":[{"count":5,"href":"https:\/\/ionclinics.com\/en\/wp-json\/wp\/v2\/pages\/12601\/revisions"}],"predecessor-version":[{"id":24915,"href":"https:\/\/ionclinics.com\/en\/wp-json\/wp\/v2\/pages\/12601\/revisions\/24915"}],"wp:attachment":[{"href":"https:\/\/ionclinics.com\/en\/wp-json\/wp\/v2\/media?parent=12601"}],"curies":[{"name":"wp","href":"https:\/\/api.w.org\/{rel}","templated":true}]}}